{"id":6361,"date":"2021-06-08T05:40:40","date_gmt":"2021-06-07T20:40:40","guid":{"rendered":"https:\/\/insonggecorp.cafe24.com\/greeting\/"},"modified":"2021-09-30T14:46:22","modified_gmt":"2021-09-30T05:46:22","slug":"greeting","status":"publish","type":"page","link":"https:\/\/insonggeweb.mycafe24.com\/vi\/greeting\/","title":{"rendered":"L\u1eddi ch\u00e0o \u0111\u1ea1i di\u1ec7n"},"content":{"rendered":"<div id='av-layout-grid-1'  class='av-layout-grid-container av-20860-5a23ce3da0153b4d00fac0105b76b094 entry-content-wrapper main_color av-flex-cells  avia-builder-el-0  el_before_av_section  avia-builder-el-first  sudam-olta  container_wrap fullsize'  >\r\n\n<style type=\"text\/css\" data-created_by=\"avia_inline_auto\" id=\"style-css-av-1ldoc-21dadcd65985bb81cc849ef0ed3e5776\">\n.flex_cell.av-1ldoc-21dadcd65985bb81cc849ef0ed3e5776{\nvertical-align:top;\nbackground:url(https:\/\/insonggeweb.mycafe24.com\/wp-content\/uploads\/2021\/08\/insong_sub_02.png) 50% 50% no-repeat scroll ;\n}\n.responsive #top #wrap_all .flex_cell.av-1ldoc-21dadcd65985bb81cc849ef0ed3e5776{\npadding:0px 0px 0px 0px !important;\n}\n<\/style>\n<div class='flex_cell av-1ldoc-21dadcd65985bb81cc849ef0ed3e5776 av-gridrow-cell av_one_full no_margin  avia-builder-el-1  avia-builder-el-no-sibling  sudam-title av-zero-padding'  ><div class='flex_cell_inner'>\n<style type=\"text\/css\" data-created_by=\"avia_inline_auto\" id=\"style-css-av-kq8z06al-b96316525968a62c7d247b353eace4bc\">\n#top .av-special-heading.av-kq8z06al-b96316525968a62c7d247b353eace4bc{\nmargin:0 0 0 0;\npadding-bottom:0;\ncolor:#ffffff;\n}\nbody .av-special-heading.av-kq8z06al-b96316525968a62c7d247b353eace4bc .av-special-heading-tag .heading-char{\nfont-size:25px;\n}\n.av-special-heading.av-kq8z06al-b96316525968a62c7d247b353eace4bc .special-heading-inner-border{\nborder-color:#ffffff;\n}\n.av-special-heading.av-kq8z06al-b96316525968a62c7d247b353eace4bc .av-subheading{\nfont-size:15px;\n}\n<\/style>\n<div  class='av-special-heading av-kq8z06al-b96316525968a62c7d247b353eace4bc av-special-heading-h1 custom-color-heading blockquote elegant-quote elegant-centered  avia-builder-el-2  avia-builder-el-no-sibling '><h1 class='av-special-heading-tag'  itemprop=\"headline\"  ><span class=\"heading-wrap\">L\u1eddi ch\u00e0o \u0111\u1ea1i di\u1ec7n<\/span><\/h1><div class=\"special-heading-border\"><div class=\"special-heading-inner-border\"><\/div><\/div><\/div>\n<\/div><\/div>\r\n<\/div>\r\n\r\n<div id='sub_top_wrap'  class='avia-section av-kpor07jt-20b9bc8d6c93d675769493444ab793ec main_color avia-section-default avia-no-border-styling  avia-builder-el-3  el_after_av_layout_row  el_before_av_textblock  avia-bg-style-scroll container_wrap fullsize'  ><div class='container av-section-cont-open' ><div class='template-page content  av-content-full alpha units'><div class='post-entry post-entry-type-page post-entry-6361'><div class='entry-content-wrapper clearfix'>\r\n\r\n<section  id=\"In_Tbox\"  class='av_textblock_section av-krn3loh7-5eb96b05c6fe0cc58a50c5baa470cebb '   itemscope=\"itemscope\" itemtype=\"https:\/\/schema.org\/CreativeWork\" ><div class='avia_textblock'  itemprop=\"text\" ><h2 style=\"text-align: center;\">C\u00d4NG TY TNHH INSONG GE.<\/h2>\n<p style=\"text-align: center;\">Insong GE n\u00f3i chuy\u1ec7n tr\u1ef1c ti\u1ebfp t\u1eeb CEO<\/p>\n<\/div><\/section>\r\n\r\n<\/div><\/div><\/div><!-- close content main div --><\/div><\/div><div id='after_section_1'  class='main_color av_default_container_wrap container_wrap fullsize'  ><div class='container av-section-cont-open' ><div class='template-page content  av-content-full alpha units'><div class='post-entry post-entry-type-page post-entry-6361'><div class='entry-content-wrapper clearfix'><section  id=\"In_Tbox\"  class='av_textblock_section av-kqg45alf-a818c48486c0785c09773da440e07245 '   itemscope=\"itemscope\" itemtype=\"https:\/\/schema.org\/CreativeWork\" ><div class='avia_textblock'  itemprop=\"text\" ><h3 style=\"text-align: center; line-height: initial;\">M\u1ed9t c\u00f4ng ty v\u00ec m\u00f4i tr\u01b0\u1eddng, n\u01b0\u1edbc v\u00e0 con ng\u01b0\u1eddi<br \/>\nC\u00d4NG TY TNHH INSONG GE. Nghi\u00ean c\u1ee9u v\u00e0 ph\u00e1t tri\u1ec3n cho n\u00f4ng nghi\u1ec7p t\u00e1i s\u1eed d\u1ee5ng t\u00e0i nguy\u00ean v\u00e0 t\u00e1i ch\u1ebf t\u00e0i nguy\u00ean.<\/h3>\n<\/div><\/section>\r\n\r\n<\/div><\/div><\/div><!-- close content main div --><\/div><\/div><div id='av_section_2'  class='avia-section av-o0r2-33970bb9ee45b740d2a6d465056cae04 main_color avia-section-no-padding avia-no-border-styling  avia-builder-el-6  el_after_av_textblock  el_before_av_section  av-small-hide av-mini-hide avia-bg-style-scroll container_wrap fullsize'  ><div class='container av-section-cont-open' ><div class='template-page content  av-content-full alpha units'><div class='post-entry post-entry-type-page post-entry-6361'><div class='entry-content-wrapper clearfix'>\r\n\n<style type=\"text\/css\" data-created_by=\"avia_inline_auto\" id=\"style-css-av-ou86-5f0d4794b9916096b7da22013fc10871\">\n.avia-image-container.av-ou86-5f0d4794b9916096b7da22013fc10871 img.avia_image{\nbox-shadow:none;\n}\n.avia-image-container.av-ou86-5f0d4794b9916096b7da22013fc10871 .av-image-caption-overlay-center{\ncolor:#ffffff;\n}\n<\/style>\n<div  class='avia-image-container av-ou86-5f0d4794b9916096b7da22013fc10871 av-styling- avia-align-right  avia-builder-el-7  el_before_av_textblock  avia-builder-el-first '   itemprop=\"image\" itemscope=\"itemscope\" itemtype=\"https:\/\/schema.org\/ImageObject\" ><div class=\"avia-image-container-inner\"><div class=\"avia-image-overlay-wrap\"><img decoding=\"async\" class='wp-image-9201 avia-img-lazy-loading-not-9201 avia_image ' src=\"https:\/\/insonggeweb.mycafe24.com\/wp-content\/uploads\/2021\/08\/insong_ceo_img.png\" alt='' title='insong_ceo_img'  height=\"513\" width=\"1074\"  itemprop=\"thumbnailUrl\" srcset=\"https:\/\/insonggeweb.mycafe24.com\/wp-content\/uploads\/2021\/08\/insong_ceo_img.png 1074w, https:\/\/insonggeweb.mycafe24.com\/wp-content\/uploads\/2021\/08\/insong_ceo_img-300x143.png 300w, https:\/\/insonggeweb.mycafe24.com\/wp-content\/uploads\/2021\/08\/insong_ceo_img-1030x492.png 1030w, https:\/\/insonggeweb.mycafe24.com\/wp-content\/uploads\/2021\/08\/insong_ceo_img-768x367.png 768w, https:\/\/insonggeweb.mycafe24.com\/wp-content\/uploads\/2021\/08\/insong_ceo_img-705x337.png 705w, https:\/\/insonggeweb.mycafe24.com\/wp-content\/uploads\/2021\/08\/insong_ceo_img-600x287.png 600w\" sizes=\"(max-width: 1074px) 100vw, 1074px\" \/><\/div><\/div><\/div>\r\n\r\n<section  class='av_textblock_section av-kqg4iq4e-0c57fc14a60c9e7add79ff3cd36531a3 '   itemscope=\"itemscope\" itemtype=\"https:\/\/schema.org\/CreativeWork\" ><div class='avia_textblock'  itemprop=\"text\" ><div id=\"ceo_body\">\n<div class=\"buho\">\u201c<\/div>\n<div class=\"ceo_tit\">Xin ch\u00e0o.<br \/>\nGi\u00e1m \u0111\u1ed1c \u0111i\u1ec1u h\u00e0nh Insong GE<br \/>\n<span style=\"color: #2ab6cb;\">Jeong Byung-ho<\/span>kh\u00f4ng th\u1ea5y.<\/div>\n<div class=\"ceo_his\"><strong style=\"color: #fff;\">Gi\u1ea3i th\u01b0\u1edfng CEO<\/strong><br \/>\n-Gi\u1ea3i th\u01b0\u1edfng c\u1ee7a Th\u1ee7 t\u01b0\u1edbng Ch\u00ednh ph\u1ee7 n\u0103m 2014<\/div>\n<\/div>\n<\/div><\/section>\r\n\r\n\r\n<\/div><\/div><\/div><!-- close content main div --><\/div><\/div><div id='av_section_3'  class='avia-section av-1blza-96ad247cd87efd344c7e9ab6abbb22e2 main_color avia-section-no-padding avia-no-border-styling  avia-builder-el-9  el_after_av_section  el_before_av_section  av-desktop-hide av-medium-hide avia-bg-style-scroll container_wrap fullsize'  ><div class='container av-section-cont-open' ><div class='template-page content  av-content-full alpha units'><div class='post-entry post-entry-type-page post-entry-6361'><div class='entry-content-wrapper clearfix'>\r\n\n<style type=\"text\/css\" data-created_by=\"avia_inline_auto\" id=\"style-css-av-kqhgczll-90a795ec285dd6ea9b83a789a2cba203\">\n.avia-image-container.av-kqhgczll-90a795ec285dd6ea9b83a789a2cba203 img.avia_image{\nbox-shadow:none;\n}\n.avia-image-container.av-kqhgczll-90a795ec285dd6ea9b83a789a2cba203 .av-image-caption-overlay-center{\ncolor:#ffffff;\n}\n<\/style>\n<div  class='avia-image-container av-kqhgczll-90a795ec285dd6ea9b83a789a2cba203 av-styling- avia-align-center  avia-builder-el-10  el_before_av_textblock  avia-builder-el-first '   itemprop=\"image\" itemscope=\"itemscope\" itemtype=\"https:\/\/schema.org\/ImageObject\" ><div class=\"avia-image-container-inner\"><div class=\"avia-image-overlay-wrap\"><img decoding=\"async\" class='wp-image-9201 avia-img-lazy-loading-not-9201 avia_image ' src=\"https:\/\/insonggeweb.mycafe24.com\/wp-content\/uploads\/2021\/08\/insong_ceo_img-1030x492.png\" alt='' title='insong_ceo_img'  height=\"492\" width=\"1030\"  itemprop=\"thumbnailUrl\" srcset=\"https:\/\/insonggeweb.mycafe24.com\/wp-content\/uploads\/2021\/08\/insong_ceo_img-1030x492.png 1030w, https:\/\/insonggeweb.mycafe24.com\/wp-content\/uploads\/2021\/08\/insong_ceo_img-300x143.png 300w, https:\/\/insonggeweb.mycafe24.com\/wp-content\/uploads\/2021\/08\/insong_ceo_img-768x367.png 768w, https:\/\/insonggeweb.mycafe24.com\/wp-content\/uploads\/2021\/08\/insong_ceo_img-705x337.png 705w, https:\/\/insonggeweb.mycafe24.com\/wp-content\/uploads\/2021\/08\/insong_ceo_img-600x287.png 600w, https:\/\/insonggeweb.mycafe24.com\/wp-content\/uploads\/2021\/08\/insong_ceo_img.png 1074w\" sizes=\"(max-width: 1030px) 100vw, 1030px\" \/><\/div><\/div><\/div>\r\n\r\n<section  class='av_textblock_section av-qgmy-39ced95ff5917a5bcc954001df18fb65 '   itemscope=\"itemscope\" itemtype=\"https:\/\/schema.org\/CreativeWork\" ><div class='avia_textblock'  itemprop=\"text\" ><div id=\"ceo_body\">\n<div class=\"buho\">\u201c<\/div>\n<div class=\"ceo_tit\">Xin ch\u00e0o.<br \/>\nGi\u00e1m \u0111\u1ed1c \u0111i\u1ec1u h\u00e0nh Insong GE<br \/>\n<span style=\"color: #2ab6cb;\">Jeong Byung-ho<\/span>kh\u00f4ng th\u1ea5y.<\/div>\n<div class=\"ceo_his\"><strong style=\"color: #fff;\">Gi\u1ea3i th\u01b0\u1edfng CEO<\/strong><br \/>\n-Gi\u1ea3i th\u01b0\u1edfng c\u1ee7a Th\u1ee7 t\u01b0\u1edbng Ch\u00ednh ph\u1ee7 n\u0103m 2014<\/div>\n<\/div>\n<\/div><\/section>\r\n\r\n\r\n<\/div><\/div><\/div><!-- close content main div --><\/div><\/div>\n<style type=\"text\/css\" data-created_by=\"avia_inline_auto\" id=\"style-css-av-kpor14en-c7a2448b597136f08484d946759e9279\">\n.avia-section.av-kpor14en-c7a2448b597136f08484d946759e9279{\nbackground-color:#f3f3f3;\nbackground-image:unset;\n}\n<\/style>\n<div id='sub_content_wrap'  class='avia-section av-kpor14en-c7a2448b597136f08484d946759e9279 main_color avia-section-no-padding avia-no-shadow  avia-builder-el-12  el_after_av_section  avia-builder-el-last  avia-bg-style-scroll container_wrap fullsize'  ><div class='container av-section-cont-open' ><div class='template-page content  av-content-full alpha units'><div class='post-entry post-entry-type-page post-entry-6361'><div class='entry-content-wrapper clearfix'>\r\n<section  class='av_textblock_section av-kprmub00-22601c260a319e6e87df9db01e52f1a7 '   itemscope=\"itemscope\" itemtype=\"https:\/\/schema.org\/CreativeWork\" ><div class='avia_textblock ceogreet'  itemprop=\"text\" ><h3 style=\"text-align: center;\"><strong><br \/>\nXin ch\u00e0o?<\/strong><br \/>\n<strong>\u0110\u00e2y l\u00e0 Insong GE, m\u1ed9t c\u00f4ng ty chuy\u00ean v\u1ec1 h\u1ec7 th\u1ed1ng tu\u1ea7n ho\u00e0n ph\u00e2n gia s\u00fac.<\/strong><\/h3>\n<p style=\"text-align: center;\">D\u1ef1a tr\u00ean nh\u1eefng kinh nghi\u1ec7m v\u00e0 th\u00e0nh t\u1ef1u trong l\u0129nh v\u1ef1c kh\u00e1c nhau k\u1ec3 t\u1eeb khi th\u00e0nh l\u1eadp,<br \/>\nTh\u00f4ng qua R &amp; D kh\u00f4ng ng\u1eebng, ch\u00fang t\u00f4i \u0111\u00e3 s\u1ea3n xu\u1ea5t v\u00e0 c\u1ea5p b\u1eb1ng s\u00e1ng ch\u1ebf cho c\u00e1c s\u1ea3n ph\u1ea9m kh\u00e1c bi\u1ec7t t\u1ed1t nh\u1ea5t.<br \/>\nN\u0103m 2011, n\u00f3 \u0111\u00e3 \u0111\u01b0\u1ee3c ch\u1ee9ng nh\u1eadn l\u00e0 m\u1ed9t c\u00f4ng ty li\u00ean doanh b\u1edfi Qu\u1ef9 B\u1ea3o l\u00e3nh C\u00f4ng ngh\u1ec7 H\u00e0n Qu\u1ed1c.<\/p>\n<p style=\"text-align: center;\">N\u00f3 c\u00f3 th\u1ec3 \u0111\u01b0\u1ee3c s\u1eed d\u1ee5ng trong t\u1ea5t c\u1ea3 c\u00e1c l\u0129nh v\u1ef1c t\u1eeb n\u01b0\u1edbc th\u1ea3i \u00e1c t\u00ednh \u0111\u1ebfn s\u1ea3n xu\u1ea5t n\u01b0\u1edbc u\u1ed1ng.<br \/>\n\u0110\u00e1p \u1ee9ng gi\u00e1 c\u1ea3, hi\u1ec7u su\u1ea5t v\u00e0 \u0111\u1ed9 b\u1ec1n<br \/>\nNh\u1eb1m cung c\u1ea5p &#8220;s\u1ea3n ph\u1ea9m ch\u1ea5t l\u01b0\u1ee3ng t\u1ed1t nh\u1ea5t v\u1edbi chi ph\u00ed hi\u1ec7u qu\u1ea3&#8221;<br \/>\nT\u1ea5t c\u1ea3 nh\u00e2n vi\u00ean \u0111ang l\u00e0m h\u1ebft s\u1ee9c m\u00ecnh.<\/p>\n<p style=\"text-align: center;\">\u0110\u1ec3 th\u1ef1c hi\u1ec7n t\u00e1i ch\u1ebf t\u00e0i nguy\u00ean v\u00e0 n\u00f4ng nghi\u1ec7p t\u00e1i ch\u1ebf t\u00e0i nguy\u00ean, v\u00e0 theo quan \u0111i\u1ec3m c\u1ee7a kh\u00e1ch h\u00e0ng,<br \/>\nH\u00e3y \u1ee7ng h\u1ed9 s\u1ef1 ph\u00e1t tri\u1ec3n c\u1ee7a Insong GE, m\u1ed9t c\u00f4ng ty cung c\u1ea5p d\u1ecbch v\u1ee5.<\/p>\n<p style=\"text-align: center;\">C\u1ea3m \u01a1n.<\/p>\n<\/div><\/section>\r\n\r\n<div  id=\"ceo_line\"  class='hr av-148gy-088216586694c5e8ef3b977f1ef2bea5 hr-default  avia-builder-el-14  el_after_av_textblock  el_before_av_heading '><span class='hr-inner '><span class=\"hr-inner-style\"><\/span><\/span><\/div>\r\n\r\n\n<style type=\"text\/css\" data-created_by=\"avia_inline_auto\" id=\"style-css-av-qsfy-286c0664b0ab7683e2424d824990ad95\">\n#top .av-special-heading.av-qsfy-286c0664b0ab7683e2424d824990ad95{\npadding-bottom:10px;\n}\nbody .av-special-heading.av-qsfy-286c0664b0ab7683e2424d824990ad95 .av-special-heading-tag .heading-char{\nfont-size:25px;\n}\n.av-special-heading.av-qsfy-286c0664b0ab7683e2424d824990ad95 .av-subheading{\nfont-size:16px;\n}\n<\/style>\n<div  class='av-special-heading av-qsfy-286c0664b0ab7683e2424d824990ad95 av-special-heading-h1 blockquote modern-quote modern-centered  avia-builder-el-15  el_after_av_hr  el_before_av_hr '><div class='av-subheading av-subheading_above'><p>Gi\u00e1m \u0111\u1ed1c \u0111i\u1ec1u h\u00e0nh Insong GE<\/p>\n<\/div><h1 class='av-special-heading-tag'  itemprop=\"headline\"  ><strong style=\"color: #333;\">Jeong Byung-ho<\/strong><\/h1><div class=\"special-heading-border\"><div class=\"special-heading-inner-border\"><\/div><\/div><\/div>\r\n\r\n\n<style type=\"text\/css\" data-created_by=\"avia_inline_auto\" id=\"style-css-av-kqg6wbhn-3d13c46a22af8381623c6596b793483c\">\n#top .hr.hr-invisible.av-kqg6wbhn-3d13c46a22af8381623c6596b793483c{\nheight:50px;\n}\n<\/style>\n<div  class='hr av-kqg6wbhn-3d13c46a22af8381623c6596b793483c hr-invisible  avia-builder-el-16  el_after_av_heading  avia-builder-el-last '><span class='hr-inner '><span class=\"hr-inner-style\"><\/span><\/span><\/div>\r\n","protected":false},"excerpt":{"rendered":"","protected":false},"author":3,"featured_media":0,"parent":0,"menu_order":0,"comment_status":"closed","ping_status":"closed","template":"","meta":{"footnotes":""},"_links":{"self":[{"href":"https:\/\/insonggeweb.mycafe24.com\/vi\/wp-json\/wp\/v2\/pages\/6361"}],"collection":[{"href":"https:\/\/insonggeweb.mycafe24.com\/vi\/wp-json\/wp\/v2\/pages"}],"about":[{"href":"https:\/\/insonggeweb.mycafe24.com\/vi\/wp-json\/wp\/v2\/types\/page"}],"author":[{"embeddable":true,"href":"https:\/\/insonggeweb.mycafe24.com\/vi\/wp-json\/wp\/v2\/users\/3"}],"replies":[{"embeddable":true,"href":"https:\/\/insonggeweb.mycafe24.com\/vi\/wp-json\/wp\/v2\/comments?post=6361"}],"version-history":[{"count":30,"href":"https:\/\/insonggeweb.mycafe24.com\/vi\/wp-json\/wp\/v2\/pages\/6361\/revisions"}],"predecessor-version":[{"id":10961,"href":"https:\/\/insonggeweb.mycafe24.com\/vi\/wp-json\/wp\/v2\/pages\/6361\/revisions\/10961"}],"wp:attachment":[{"href":"https:\/\/insonggeweb.mycafe24.com\/vi\/wp-json\/wp\/v2\/media?parent=6361"}],"curies":[{"name":"wp","href":"https:\/\/api.w.org\/{rel}","templated":true}]}}