{"id":6370,"date":"2021-06-08T05:40:55","date_gmt":"2021-06-07T20:40:55","guid":{"rendered":"https:\/\/insonggecorp.cafe24.com\/location\/"},"modified":"2021-09-30T14:45:35","modified_gmt":"2021-09-30T05:45:35","slug":"location","status":"publish","type":"page","link":"https:\/\/insonggeweb.mycafe24.com\/vi\/location\/","title":{"rendered":"h\u01b0\u1edbng"},"content":{"rendered":"<div id='av-layout-grid-1'  class='av-layout-grid-container av-20860-5a23ce3da0153b4d00fac0105b76b094 entry-content-wrapper main_color av-flex-cells  avia-builder-el-0  el_before_av_section  avia-builder-el-first  sudam-olta  container_wrap fullsize'  >\r\n\n<style type=\"text\/css\" data-created_by=\"avia_inline_auto\" id=\"style-css-av-1ldoc-8a4381b7f3148127953972164ab26fbb\">\n.flex_cell.av-1ldoc-8a4381b7f3148127953972164ab26fbb{\nvertical-align:top;\nbackground:url(https:\/\/insonggeweb.mycafe24.com\/wp-content\/uploads\/2021\/08\/insong_sub_04.png) 50% 50% no-repeat scroll ;\n}\n.responsive #top #wrap_all .flex_cell.av-1ldoc-8a4381b7f3148127953972164ab26fbb{\npadding:0px 0px 0px 0px !important;\n}\n<\/style>\n<div class='flex_cell av-1ldoc-8a4381b7f3148127953972164ab26fbb av-gridrow-cell av_one_full no_margin  avia-builder-el-1  avia-builder-el-no-sibling  sudam-title av-zero-padding'  ><div class='flex_cell_inner'>\n<style type=\"text\/css\" data-created_by=\"avia_inline_auto\" id=\"style-css-av-kq8z8qz9-ea3f2113b502629c8f100612c958cbbb\">\n#top .av-special-heading.av-kq8z8qz9-ea3f2113b502629c8f100612c958cbbb{\nmargin:0 0 0 0;\npadding-bottom:0;\ncolor:#ffffff;\n}\nbody .av-special-heading.av-kq8z8qz9-ea3f2113b502629c8f100612c958cbbb .av-special-heading-tag .heading-char{\nfont-size:25px;\n}\n.av-special-heading.av-kq8z8qz9-ea3f2113b502629c8f100612c958cbbb .special-heading-inner-border{\nborder-color:#ffffff;\n}\n.av-special-heading.av-kq8z8qz9-ea3f2113b502629c8f100612c958cbbb .av-subheading{\nfont-size:15px;\n}\n<\/style>\n<div  class='av-special-heading av-kq8z8qz9-ea3f2113b502629c8f100612c958cbbb av-special-heading-h1 custom-color-heading blockquote elegant-quote elegant-centered  avia-builder-el-2  avia-builder-el-no-sibling '><h1 class='av-special-heading-tag'  itemprop=\"headline\"  ><span class=\"heading-wrap\">h\u01b0\u1edbng<\/span><\/h1><div class=\"special-heading-border\"><div class=\"special-heading-inner-border\"><\/div><\/div><\/div>\n<\/div><\/div>\r\n<\/div>\r\n\r\n<div id='sub_top_wrap'  class='avia-section av-kpor07jt-20b9bc8d6c93d675769493444ab793ec main_color avia-section-default avia-no-border-styling  avia-builder-el-3  el_after_av_layout_row  el_before_av_section  avia-bg-style-scroll container_wrap fullsize'  ><div class='container av-section-cont-open' ><div class='template-page content  av-content-full alpha units'><div class='post-entry post-entry-type-page post-entry-6370'><div class='entry-content-wrapper clearfix'>\r\n\r\n<section  id=\"In_Tbox\"  class='av_textblock_section av-krn48mas-447ccac32c65093acb3f0e93d8c5618c '   itemscope=\"itemscope\" itemtype=\"https:\/\/schema.org\/CreativeWork\" ><div class='avia_textblock'  itemprop=\"text\" ><h2 style=\"text-align: center;\">C\u00d4NG TY TNHH INSONG GE.<\/h2>\n<p style=\"text-align: center;\">C\u00d4NG TY TNHH INSONG GE. l\u1ecdc s\u1ea1ch ch\u1ea5t l\u01b0\u1ee3ng n\u01b0\u1edbc th\u00f4ng qua x\u1eed l\u00fd n\u01b0\u1edbc th\u1ea3i ti\u00ean ti\u1ebfn v\u00e0<br \/>\n\u0110\u00e2y l\u00e0 m\u1ed9t c\u00f4ng ty ph\u00e1t tri\u1ec3n c\u00e1c c\u00f4ng ngh\u1ec7 li\u00ean quan \u0111\u1ebfn vi\u1ec7c t\u00e1i ch\u1ebf ph\u00e2n gia s\u00fac v\u00e0 t\u00e1i s\u1eed d\u1ee5ng ph\u00e2n l\u1ee3n.<\/p>\n<\/div><\/section>\r\n<\/div><\/div><\/div><!-- close content main div --><\/div><\/div><div id='sub_content_wrap'  class='avia-section av-kpor14en-bc30db131acab835da74579ba5c828e9 main_color avia-section-default avia-no-shadow  avia-builder-el-5  el_after_av_section  el_before_av_section  av-small-hide av-mini-hide avia-bg-style-scroll container_wrap fullsize'  ><div class='container av-section-cont-open' ><div class='template-page content  av-content-full alpha units'><div class='post-entry post-entry-type-page post-entry-6370'><div class='entry-content-wrapper clearfix'>\r\n<section  id=\"In_Tbox\"  class='av_textblock_section av-krn49iav-bd99f72096d16dbce2b4b4bbf73f5946 '   itemscope=\"itemscope\" itemtype=\"https:\/\/schema.org\/CreativeWork\" ><div class='avia_textblock'  itemprop=\"text\" ><h3 style=\"text-align: center;\">h\u01b0\u1edbng<\/h3>\n<\/div><\/section>\r\n\r\n\n<style type=\"text\/css\" data-created_by=\"avia_inline_auto\" id=\"style-css-av-kprojxzt-5df0c9720b04ad625366cdc19746e3fe\">\n#top .hr.hr-invisible.av-kprojxzt-5df0c9720b04ad625366cdc19746e3fe{\nheight:50px;\n}\n<\/style>\n<div  class='hr av-kprojxzt-5df0c9720b04ad625366cdc19746e3fe hr-invisible  avia-builder-el-7  el_after_av_textblock  el_before_av_one_third '><span class='hr-inner '><span class=\"hr-inner-style\"><\/span><\/span><\/div>\r\n\r\n\n<style type=\"text\/css\" data-created_by=\"avia_inline_auto\" id=\"style-css-av-1ggwm-106a9433e7de569f4b873e57aaf8f23c\">\n.flex_column.av-1ggwm-106a9433e7de569f4b873e57aaf8f23c{\nborder-radius:0px 0px 0px 0px;\npadding:0px 0px 0px 0px;\n}\n<\/style>\n<div  class='flex_column av-1ggwm-106a9433e7de569f4b873e57aaf8f23c av_one_third  avia-builder-el-8  el_after_av_hr  el_before_av_two_third  first flex_column_div av-zero-column-padding  '     ><section  class='av_textblock_section av-kprovq3g-3192469aef35ebb6d6dcf7e301a966e2 '   itemscope=\"itemscope\" itemtype=\"https:\/\/schema.org\/CreativeWork\" ><div class='avia_textblock'  itemprop=\"text\" ><h2>Insong GE<\/h2>\n<\/div><\/section>\n<div  class='avia-icon-list-container av-kprong1b-3b056513f9dc0b01c046dc181c78609c  avia-builder-el-10  el_after_av_textblock  avia-builder-el-last '><ul class='avia-icon-list avia_animate_when_almost_visible avia-icon-list-left av-iconlist-big av-kprong1b-3b056513f9dc0b01c046dc181c78609c avia-iconlist-animate'>\n<li><div class='iconlist_icon av-21y4q-c4036dea2ef747fcd17bca7cddfe04d8 avia-font-entypo-fontello'><span class='iconlist-char' aria-hidden='true' data-av_icon='\ue842' data-av_iconfont='entypo-fontello'><\/span><\/div><article class=\"article-icon-entry \"  itemscope=\"itemscope\" itemtype=\"https:\/\/schema.org\/CreativeWork\" ><div class=\"iconlist_content_wrap\"><header class=\"entry-content-header\"><h4 class='av_iconlist_title iconlist_title  '  itemprop=\"headline\" >\u0110\u1ecba ch\u1ec9<\/h4><\/header><div class='iconlist_content '  itemprop=\"text\" ><p>123 Cheomdangwagi-ro, Buk-gu, Gwangju<br \/>\nTrung t\u00e2m Th\u01b0\u01a1ng m\u1ea1i h\u00f3a C\u00f4ng ngh\u1ec7 Khoa h\u1ecdc v\u00e0 C\u00f4ng ngh\u1ec7 Gwangju<\/p>\n<\/div><\/div><footer class=\"entry-footer\"><\/footer><\/article><div class=\"iconlist-timeline\"><\/div><\/li>\n<li><div class='iconlist_icon av-4mre-ee6abe306ea63cfff813edc2be9a4fa0 avia-font-entypo-fontello'><span class='iconlist-char' aria-hidden='true' data-av_icon='\ue854' data-av_iconfont='entypo-fontello'><\/span><\/div><article class=\"article-icon-entry \"  itemscope=\"itemscope\" itemtype=\"https:\/\/schema.org\/CreativeWork\" ><div class=\"iconlist_content_wrap\"><header class=\"entry-content-header\"><h4 class='av_iconlist_title iconlist_title  '  itemprop=\"headline\" >g\u1ecdi \u0111i\u1ec7n<\/h4><\/header><div class='iconlist_content '  itemprop=\"text\" ><p>\u0110I\u1ec6N THO\u1ea0I. 062-945-1195<br \/>\nS\u1ed0 FAX. 062-945-1196<\/p>\n<\/div><\/div><footer class=\"entry-footer\"><\/footer><\/article><div class=\"iconlist-timeline\"><\/div><\/li>\n<li><div class='iconlist_icon av-vz92-876fad0520341b38171affa58387fbed avia-font-entypo-fontello'><span class='iconlist-char' aria-hidden='true' data-av_icon='\ue8cf' data-av_iconfont='entypo-fontello'><\/span><\/div><article class=\"article-icon-entry \"  itemscope=\"itemscope\" itemtype=\"https:\/\/schema.org\/CreativeWork\" ><div class=\"iconlist_content_wrap\"><header class=\"entry-content-header\"><h4 class='av_iconlist_title iconlist_title  '  itemprop=\"headline\" >ph\u01b0\u01a1ng ti\u1ec7n giao th\u00f4ng c\u00f4ng c\u1ed9ng<\/h4><\/header><div class='iconlist_content '  itemprop=\"text\" ><p>Ng\u00e0y 16 h\u00e0ng th\u00e1ng (tuy\u1ebfn ch\u00ednh) &#8211; Xu\u1ed1ng xe t\u1ea1i tr\u1ea1m d\u1eebng ch\u00e2n Vi\u1ec7n Khoa h\u1ecdc v\u00e0 C\u00f4ng ngh\u1ec7<br \/>\nCheomdan 30 (tuy\u1ebfn ch\u00ednh) &#8211; Xu\u1ed1ng t\u1ea1i tr\u1ea1m xe bu\u00fdt Vi\u1ec7n Khoa h\u1ecdc v\u00e0 C\u00f4ng ngh\u1ec7<br \/>\nSongjeong 33 &#8211; Xu\u1ed1ng xe t\u1ea1i Vi\u1ec7n Khoa h\u1ecdc v\u00e0 C\u00f4ng ngh\u1ec7<\/p>\n<\/div><\/div><footer class=\"entry-footer\"><\/footer><\/article><div class=\"iconlist-timeline\"><\/div><\/li>\n<\/ul><\/div><\/div>\n<style type=\"text\/css\" data-created_by=\"avia_inline_auto\" id=\"style-css-av-zj6m-d04a6db69e060905723156ae8bdd5a65\">\n.flex_column.av-zj6m-d04a6db69e060905723156ae8bdd5a65{\nborder-radius:0px 0px 0px 0px;\npadding:0px 0px 0px 0px;\n}\n<\/style>\n<div  class='flex_column av-zj6m-d04a6db69e060905723156ae8bdd5a65 av_two_third  avia-builder-el-11  el_after_av_one_third  avia-builder-el-last  flex_column_div av-zero-column-padding  '     ><section  class='av_textblock_section av-kprog8ja-e66ddd43c4b036725e75324ec96fb986 '   itemscope=\"itemscope\" itemtype=\"https:\/\/schema.org\/CreativeWork\" ><div class='avia_textblock'  itemprop=\"text\" ><style>.gm-style-iw { line-height: inherit !important;}<\/style><div class=\"wpgmp_map_container \" rel=\"map1\"><div class=\"wpgmp_map_parent\"><div class=\"wpgmp_map \" style=\"width:100%; height:400px;\" id=\"map1\" ><\/div><\/div><\/div><div style=\"display:none !important;visiblity:hidden !important:width:0px;height:0px;padding:0px;margin:0px;\" class=\"wpgmp-map-data-container\" data-map-id=\"1\">eyJtYXBfb3B0aW9ucyI6eyJjZW50ZXJfbGF0IjoiMzUuMjI3NTk2NyIsImNlbnRlcl9sbmciOiIxMjYuODM4MjkzOSIsInpvb20iOjE1LCJtYXBfdHlwZV9pZCI6IlJPQURNQVAiLCJmaXRfYm91bmRzIjpmYWxzZSwiZHJhZ2dhYmxlIjp0cnVlLCJzY3JvbGxfd2hlZWwiOnRydWUsImRpc3BsYXlfNDVfaW1hZ2VyeSI6IiIsIm1hcmtlcl9kZWZhdWx0X2ljb24iOiJodHRwczpcL1wvaW5zb25nZ2Vjb3JwLmNhZmUyNC5jb21cL3dwLWNvbnRlbnRcL3BsdWdpbnNcL3dwLWdvb2dsZS1tYXAtcGx1Z2luXC9hc3NldHNcL2ltYWdlc1wvXC9kZWZhdWx0X21hcmtlci5wbmciLCJpbmZvd2luZG93X3NldHRpbmciOiIiLCJpbmZvd2luZG93X2JvdW5jZV9hbmltYXRpb24iOiIiLCJpbmZvd2luZG93X2Ryb3BfYW5pbWF0aW9uIjpmYWxzZSwiY2xvc2VfaW5mb3dpbmRvd19vbl9tYXBfY2xpY2siOmZhbHNlLCJpbmZvd2luZG93X3NraW4iOiIiLCJkZWZhdWx0X2luZm93aW5kb3dfb3BlbiI6ZmFsc2UsImluZm93aW5kb3dfb3Blbl9ldmVudCI6ImNsaWNrIiwiZnVsbF9zY3JlZW5fY29udHJvbCI6dHJ1ZSwic2VhcmNoX2NvbnRyb2wiOnRydWUsInpvb21fY29udHJvbCI6dHJ1ZSwibWFwX3R5cGVfY29udHJvbCI6dHJ1ZSwic3RyZWV0X3ZpZXdfY29udHJvbCI6dHJ1ZSwiZnVsbF9zY3JlZW5fY29udHJvbF9wb3NpdGlvbiI6IlRPUF9MRUZUIiwic2VhcmNoX2NvbnRyb2xfcG9zaXRpb24iOiJUT1BfTEVGVCIsInpvb21fY29udHJvbF9wb3NpdGlvbiI6IlRPUF9MRUZUIiwibWFwX3R5cGVfY29udHJvbF9wb3NpdGlvbiI6IlRPUF9MRUZUIiwibWFwX3R5cGVfY29udHJvbF9zdHlsZSI6IkhPUklaT05UQUxfQkFSIiwic3RyZWV0X3ZpZXdfY29udHJvbF9wb3NpdGlvbiI6IlRPUF9MRUZUIiwibWFwX2NvbnRyb2wiOnRydWUsIm1hcF9jb250cm9sX3NldHRpbmdzIjpmYWxzZSwibWFwX3pvb21fYWZ0ZXJfc2VhcmNoIjo2LCJ3aWR0aCI6IjEwMCUiLCJoZWlnaHQiOiI0MDAifSwicGxhY2VzIjpbeyJpZCI6IjEiLCJ0aXRsZSI6Ilx1Yzc3OFx1YzFhMUdFIiwiYWRkcmVzcyI6Ilx1YWQxMVx1YzhmY1x1YzJkYyBcdWJkODFcdWFkNmMgXHVjNjI0XHViOGUxXHViM2Q5IDFcdWJjODhcdWM5YzAgXHVhZDExXHVjOGZjXHVhY2ZjXHVkNTU5XHVhZTMwXHVjMjIwXHVjNmQwIEJJXHVjMTNjXHVkMTMwIDMwN1x1ZDYzOCIsInNvdXJjZSI6Im1hbnVhbCIsImNvbnRlbnQiOiJcdWM3NzhcdWMxYTFHRSIsImxvY2F0aW9uIjp7Imljb24iOiJodHRwczpcL1wvaW5zb25nZ2Vjb3JwLmNhZmUyNC5jb21cL3dwLWNvbnRlbnRcL3BsdWdpbnNcL3dwLWdvb2dsZS1tYXAtcGx1Z2luXC9hc3NldHNcL2ltYWdlc1wvXC9kZWZhdWx0X21hcmtlci5wbmciLCJsYXQiOiIzNS4yMjc1OTY3IiwibG5nIjoiMTI2LjgzODI5MzkiLCJjaXR5IjoiIiwic3RhdGUiOiIiLCJjb3VudHJ5IjoiIiwib25jbGlja19hY3Rpb24iOiJtYXJrZXIiLCJyZWRpcmVjdF9jdXN0b21fbGluayI6IiIsIm1hcmtlcl9pbWFnZSI6IiIsIm9wZW5fbmV3X3RhYiI6InllcyIsInBvc3RhbF9jb2RlIjoiIiwiZHJhZ2dhYmxlIjpmYWxzZSwiaW5mb3dpbmRvd19kZWZhdWx0X29wZW4iOmZhbHNlLCJhbmltYXRpb24iOiJCT1VOQ0UiLCJpbmZvd2luZG93X2Rpc2FibGUiOnRydWUsInpvb20iOjUsImV4dHJhX2ZpZWxkcyI6IiJ9LCJjYXRlZ29yaWVzIjpbeyJpZCI6IiIsIm5hbWUiOiIiLCJ0eXBlIjoiY2F0ZWdvcnkiLCJleHRlbnNpb25fZmllbGRzIjpbXSwiaWNvbiI6Imh0dHBzOlwvXC9pbnNvbmdnZWNvcnAuY2FmZTI0LmNvbVwvd3AtY29udGVudFwvcGx1Z2luc1wvd3AtZ29vZ2xlLW1hcC1wbHVnaW5cL2Fzc2V0c1wvaW1hZ2VzXC9cL2RlZmF1bHRfbWFya2VyLnBuZyJ9XSwiY3VzdG9tX2ZpbHRlcnMiOiIifV0sInN0eWxlcyI6IiIsImxpc3RpbmciOiIiLCJtYXJrZXJfY2x1c3RlciI6IiIsIm1hcF9wcm9wZXJ0eSI6eyJtYXBfaWQiOiIxIiwiZGVidWdfbW9kZSI6ZmFsc2V9fQ==<\/div>\n<\/div><\/section><\/div>\r\n\r\n\r\n<\/div><\/div><\/div><!-- close content main div --><\/div><\/div><div id='sub_content_wrap'  class='avia-section av-kpor14en-923307b1d9bb0526293e3605591dd998 main_color avia-section-default avia-no-shadow  avia-builder-el-13  el_after_av_section  avia-builder-el-last  av-desktop-hide av-medium-hide avia-bg-style-scroll container_wrap fullsize'  ><div class='container av-section-cont-open' ><div class='template-page content  av-content-full alpha units'><div class='post-entry post-entry-type-page post-entry-6370'><div class='entry-content-wrapper clearfix'>\r\n<section  id=\"In_Tbox\"  class='av_textblock_section av-ve16-38cfddd6c1ee5af8632cfe3304e040f4 '   itemscope=\"itemscope\" itemtype=\"https:\/\/schema.org\/CreativeWork\" ><div class='avia_textblock'  itemprop=\"text\" ><h3 style=\"text-align: center;\">h\u01b0\u1edbng<\/h3>\n<\/div><\/section>\r\n\r\n<div  class='hr av-kprojxzt-c993f10187bc3c640840e9783a2b37fc hr-short  avia-builder-el-15  el_after_av_textblock  el_before_av_one_fourth  hr-center'><span class='hr-inner '><span class=\"hr-inner-style\"><\/span><\/span><\/div>\r\n\r\n\n<style type=\"text\/css\" data-created_by=\"avia_inline_auto\" id=\"style-css-av-1ggwm-106a9433e7de569f4b873e57aaf8f23c\">\n.flex_column.av-1ggwm-106a9433e7de569f4b873e57aaf8f23c{\nborder-radius:0px 0px 0px 0px;\npadding:0px 0px 0px 0px;\n}\n<\/style>\n<div  class='flex_column av-1ggwm-106a9433e7de569f4b873e57aaf8f23c av_one_fourth  avia-builder-el-16  el_after_av_hr  el_before_av_three_fourth  first flex_column_div av-zero-column-padding  '     ><section  class='av_textblock_section av-kprovq3g-3192469aef35ebb6d6dcf7e301a966e2 '   itemscope=\"itemscope\" itemtype=\"https:\/\/schema.org\/CreativeWork\" ><div class='avia_textblock'  itemprop=\"text\" ><h2>Insong GE<\/h2>\n<\/div><\/section>\n<div  class='avia-icon-list-container av-av_iconlist-e4f8350733593a01ffd24024471f9666  avia-builder-el-18  el_after_av_textblock  avia-builder-el-last '><ul class='avia-icon-list avia_animate_when_almost_visible avia-icon-list-left av-iconlist-big av-av_iconlist-e4f8350733593a01ffd24024471f9666 avia-iconlist-animate'>\n<li><div class='iconlist_icon av-av_iconlist_item-fc9f8eced4c4160adebec52d65b0fff6 avia-font-entypo-fontello'><span class='iconlist-char' aria-hidden='true' data-av_icon='\ue842' data-av_iconfont='entypo-fontello'><\/span><\/div><article class=\"article-icon-entry \"  itemscope=\"itemscope\" itemtype=\"https:\/\/schema.org\/CreativeWork\" ><div class=\"iconlist_content_wrap\"><header class=\"entry-content-header\"><h4 class='av_iconlist_title iconlist_title  '  itemprop=\"headline\" >\u0110\u1ecba ch\u1ec9<\/h4><\/header><div class='iconlist_content '  itemprop=\"text\" ><p>123 Cheomdangwagi-ro, Buk-gu, Gwangju<br \/>\nTrung t\u00e2m Th\u01b0\u01a1ng m\u1ea1i h\u00f3a C\u00f4ng ngh\u1ec7 Khoa h\u1ecdc v\u00e0 C\u00f4ng ngh\u1ec7 Gwangju<\/p>\n<\/div><\/div><footer class=\"entry-footer\"><\/footer><\/article><div class=\"iconlist-timeline\"><\/div><\/li>\n<li><div class='iconlist_icon av-av_iconlist_item-caa6fbb97db7abb30350594003d513c3 avia-font-entypo-fontello'><span class='iconlist-char' aria-hidden='true' data-av_icon='\ue854' data-av_iconfont='entypo-fontello'><\/span><\/div><article class=\"article-icon-entry \"  itemscope=\"itemscope\" itemtype=\"https:\/\/schema.org\/CreativeWork\" ><div class=\"iconlist_content_wrap\"><header class=\"entry-content-header\"><h4 class='av_iconlist_title iconlist_title  '  itemprop=\"headline\" >g\u1ecdi \u0111i\u1ec7n<\/h4><\/header><div class='iconlist_content '  itemprop=\"text\" ><p>\u0110I\u1ec6N THO\u1ea0I. 062-945-1195<br \/>\nS\u1ed0 FAX. 062-945-1196<\/p>\n<\/div><\/div><footer class=\"entry-footer\"><\/footer><\/article><div class=\"iconlist-timeline\"><\/div><\/li>\n<li><div class='iconlist_icon av-av_iconlist_item-aeef6139fd4ac808c0255d62adc523b4 avia-font-entypo-fontello'><span class='iconlist-char' aria-hidden='true' data-av_icon='\ue8cf' data-av_iconfont='entypo-fontello'><\/span><\/div><article class=\"article-icon-entry \"  itemscope=\"itemscope\" itemtype=\"https:\/\/schema.org\/CreativeWork\" ><div class=\"iconlist_content_wrap\"><header class=\"entry-content-header\"><h4 class='av_iconlist_title iconlist_title  '  itemprop=\"headline\" >ph\u01b0\u01a1ng ti\u1ec7n giao th\u00f4ng c\u00f4ng c\u1ed9ng<\/h4><\/header><div class='iconlist_content '  itemprop=\"text\" ><p>Ng\u00e0y 16 h\u00e0ng th\u00e1ng (tuy\u1ebfn ch\u00ednh) &#8211; Xu\u1ed1ng xe t\u1ea1i tr\u1ea1m d\u1eebng ch\u00e2n Vi\u1ec7n Khoa h\u1ecdc v\u00e0 C\u00f4ng ngh\u1ec7<br \/>\nCheomdan 30 (tuy\u1ebfn ch\u00ednh) &#8211; Xu\u1ed1ng t\u1ea1i tr\u1ea1m xe bu\u00fdt Vi\u1ec7n Khoa h\u1ecdc v\u00e0 C\u00f4ng ngh\u1ec7<br \/>\nSongjeong 33 &#8211; Xu\u1ed1ng xe t\u1ea1i Vi\u1ec7n Khoa h\u1ecdc v\u00e0 C\u00f4ng ngh\u1ec7<\/p>\n<\/div><\/div><footer class=\"entry-footer\"><\/footer><\/article><div class=\"iconlist-timeline\"><\/div><\/li>\n<\/ul><\/div><\/div>\n<style type=\"text\/css\" data-created_by=\"avia_inline_auto\" id=\"style-css-av-zj6m-d04a6db69e060905723156ae8bdd5a65\">\n.flex_column.av-zj6m-d04a6db69e060905723156ae8bdd5a65{\nborder-radius:0px 0px 0px 0px;\npadding:0px 0px 0px 0px;\n}\n<\/style>\n<div  class='flex_column av-zj6m-d04a6db69e060905723156ae8bdd5a65 av_three_fourth  avia-builder-el-19  el_after_av_one_fourth  avia-builder-el-last  flex_column_div av-zero-column-padding  '     ><section  class='av_textblock_section av-kprog8ja-e66ddd43c4b036725e75324ec96fb986 '   itemscope=\"itemscope\" itemtype=\"https:\/\/schema.org\/CreativeWork\" ><div class='avia_textblock'  itemprop=\"text\" ><style>.gm-style-iw { line-height: inherit !important;}<\/style><div class=\"wpgmp_map_container \" rel=\"map2\"><div class=\"wpgmp_map_parent\"><div class=\"wpgmp_map \" style=\"width:100%; height:400px;\" id=\"map2\" ><\/div><\/div><\/div><div style=\"display:none !important;visiblity:hidden !important:width:0px;height:0px;padding:0px;margin:0px;\" class=\"wpgmp-map-data-container\" data-map-id=\"2\">eyJtYXBfb3B0aW9ucyI6eyJjZW50ZXJfbGF0IjoiMzUuMjI3NTk0NSIsImNlbnRlcl9sbmciOiIxMjYuODM4MjkzOSIsInpvb20iOjE1LCJtYXBfdHlwZV9pZCI6IlJPQURNQVAiLCJmaXRfYm91bmRzIjpmYWxzZSwiZHJhZ2dhYmxlIjp0cnVlLCJzY3JvbGxfd2hlZWwiOnRydWUsImRpc3BsYXlfNDVfaW1hZ2VyeSI6IiIsIm1hcmtlcl9kZWZhdWx0X2ljb24iOiJodHRwczpcL1wvaW5zb25nZ2Vjb3JwLmNhZmUyNC5jb21cL3dwLWNvbnRlbnRcL3BsdWdpbnNcL3dwLWdvb2dsZS1tYXAtcGx1Z2luXC9hc3NldHNcL2ltYWdlc1wvXC9kZWZhdWx0X21hcmtlci5wbmciLCJpbmZvd2luZG93X3NldHRpbmciOiIiLCJpbmZvd2luZG93X2JvdW5jZV9hbmltYXRpb24iOiIiLCJpbmZvd2luZG93X2Ryb3BfYW5pbWF0aW9uIjpmYWxzZSwiY2xvc2VfaW5mb3dpbmRvd19vbl9tYXBfY2xpY2siOmZhbHNlLCJpbmZvd2luZG93X3NraW4iOiIiLCJkZWZhdWx0X2luZm93aW5kb3dfb3BlbiI6ZmFsc2UsImluZm93aW5kb3dfb3Blbl9ldmVudCI6ImNsaWNrIiwiZnVsbF9zY3JlZW5fY29udHJvbCI6dHJ1ZSwic2VhcmNoX2NvbnRyb2wiOnRydWUsInpvb21fY29udHJvbCI6dHJ1ZSwibWFwX3R5cGVfY29udHJvbCI6dHJ1ZSwic3RyZWV0X3ZpZXdfY29udHJvbCI6dHJ1ZSwiZnVsbF9zY3JlZW5fY29udHJvbF9wb3NpdGlvbiI6IlRPUF9MRUZUIiwic2VhcmNoX2NvbnRyb2xfcG9zaXRpb24iOiJUT1BfTEVGVCIsInpvb21fY29udHJvbF9wb3NpdGlvbiI6IlRPUF9MRUZUIiwibWFwX3R5cGVfY29udHJvbF9wb3NpdGlvbiI6IlRPUF9MRUZUIiwibWFwX3R5cGVfY29udHJvbF9zdHlsZSI6IkhPUklaT05UQUxfQkFSIiwic3RyZWV0X3ZpZXdfY29udHJvbF9wb3NpdGlvbiI6IlRPUF9MRUZUIiwibWFwX2NvbnRyb2wiOnRydWUsIm1hcF9jb250cm9sX3NldHRpbmdzIjpmYWxzZSwibWFwX3pvb21fYWZ0ZXJfc2VhcmNoIjo2LCJ3aWR0aCI6IjEwMCUiLCJoZWlnaHQiOiI0MDAifSwicGxhY2VzIjpbeyJpZCI6IjIiLCJ0aXRsZSI6Ilx1Yzc3OFx1YzFhMUdFLW1vIiwiYWRkcmVzcyI6Ilx1YWQxMVx1YzhmY1x1YzJkYyBcdWJkODFcdWFkNmMgXHVjNjI0XHViOGUxXHViM2Q5IDFcdWJjODhcdWM5YzAgXHVhZDExXHVjOGZjXHVhY2ZjXHVkNTU5XHVhZTMwXHVjMjIwXHVjNmQwIEJJXHVjMTNjXHVkMTMwIDMwN1x1ZDYzOCIsInNvdXJjZSI6Im1hbnVhbCIsImNvbnRlbnQiOiJcdWM3NzhcdWMxYTFHRS1tbyIsImxvY2F0aW9uIjp7Imljb24iOiJodHRwczpcL1wvaW5zb25nZ2Vjb3JwLmNhZmUyNC5jb21cL3dwLWNvbnRlbnRcL3BsdWdpbnNcL3dwLWdvb2dsZS1tYXAtcGx1Z2luXC9hc3NldHNcL2ltYWdlc1wvXC9kZWZhdWx0X21hcmtlci5wbmciLCJsYXQiOiIzNS4yMjc1OTQ1IiwibG5nIjoiMTI2LjgzODI5MzkiLCJjaXR5IjoiIiwic3RhdGUiOiIiLCJjb3VudHJ5IjoiIiwib25jbGlja19hY3Rpb24iOiJtYXJrZXIiLCJyZWRpcmVjdF9jdXN0b21fbGluayI6IiIsIm1hcmtlcl9pbWFnZSI6IiIsIm9wZW5fbmV3X3RhYiI6InllcyIsInBvc3RhbF9jb2RlIjoiIiwiZHJhZ2dhYmxlIjpmYWxzZSwiaW5mb3dpbmRvd19kZWZhdWx0X29wZW4iOmZhbHNlLCJhbmltYXRpb24iOiJCT1VOQ0UiLCJpbmZvd2luZG93X2Rpc2FibGUiOnRydWUsInpvb20iOjUsImV4dHJhX2ZpZWxkcyI6IiJ9LCJjYXRlZ29yaWVzIjpbeyJpZCI6IiIsIm5hbWUiOiIiLCJ0eXBlIjoiY2F0ZWdvcnkiLCJleHRlbnNpb25fZmllbGRzIjpbXSwiaWNvbiI6Imh0dHBzOlwvXC9pbnNvbmdnZWNvcnAuY2FmZTI0LmNvbVwvd3AtY29udGVudFwvcGx1Z2luc1wvd3AtZ29vZ2xlLW1hcC1wbHVnaW5cL2Fzc2V0c1wvaW1hZ2VzXC9cL2RlZmF1bHRfbWFya2VyLnBuZyJ9XSwiY3VzdG9tX2ZpbHRlcnMiOiIifV0sInN0eWxlcyI6IiIsImxpc3RpbmciOiIiLCJtYXJrZXJfY2x1c3RlciI6IiIsIm1hcF9wcm9wZXJ0eSI6eyJtYXBfaWQiOiIyIiwiZGVidWdfbW9kZSI6ZmFsc2V9fQ==<\/div>\n<\/div><\/section><\/div>\r\n","protected":false},"excerpt":{"rendered":"","protected":false},"author":3,"featured_media":0,"parent":0,"menu_order":0,"comment_status":"closed","ping_status":"closed","template":"","meta":{"footnotes":""},"_links":{"self":[{"href":"https:\/\/insonggeweb.mycafe24.com\/vi\/wp-json\/wp\/v2\/pages\/6370"}],"collection":[{"href":"https:\/\/insonggeweb.mycafe24.com\/vi\/wp-json\/wp\/v2\/pages"}],"about":[{"href":"https:\/\/insonggeweb.mycafe24.com\/vi\/wp-json\/wp\/v2\/types\/page"}],"author":[{"embeddable":true,"href":"https:\/\/insonggeweb.mycafe24.com\/vi\/wp-json\/wp\/v2\/users\/3"}],"replies":[{"embeddable":true,"href":"https:\/\/insonggeweb.mycafe24.com\/vi\/wp-json\/wp\/v2\/comments?post=6370"}],"version-history":[{"count":11,"href":"https:\/\/insonggeweb.mycafe24.com\/vi\/wp-json\/wp\/v2\/pages\/6370\/revisions"}],"predecessor-version":[{"id":10963,"href":"https:\/\/insonggeweb.mycafe24.com\/vi\/wp-json\/wp\/v2\/pages\/6370\/revisions\/10963"}],"wp:attachment":[{"href":"https:\/\/insonggeweb.mycafe24.com\/vi\/wp-json\/wp\/v2\/media?parent=6370"}],"curies":[{"name":"wp","href":"https:\/\/api.w.org\/{rel}","templated":true}]}}