{"id":6384,"date":"2021-06-08T05:41:27","date_gmt":"2021-06-07T20:41:27","guid":{"rendered":"https:\/\/insonggecorp.cafe24.com\/advanced-wastewater-treatment\/"},"modified":"2021-09-30T14:57:15","modified_gmt":"2021-09-30T05:57:15","slug":"advanced-wastewater-treatment","status":"publish","type":"page","link":"https:\/\/insonggeweb.mycafe24.com\/vi\/advanced-wastewater-treatment\/","title":{"rendered":"X\u1eed l\u00fd n\u01b0\u1edbc th\u1ea3i ti\u00ean ti\u1ebfn"},"content":{"rendered":"<div id='av-layout-grid-1'  class='av-layout-grid-container av-kqrjxrkn-9c44f191c395cd2c031c32767160840e entry-content-wrapper main_color av-flex-cells  avia-builder-el-0  el_before_av_section  avia-builder-el-first  sudam-olta  container_wrap fullsize'  >\r\n\n<style type=\"text\/css\" data-created_by=\"avia_inline_auto\" id=\"style-css-av-kqrjy8fi-d83c4c2e84bdbfcd04af4b24e45b4098\">\n.flex_cell.av-kqrjy8fi-d83c4c2e84bdbfcd04af4b24e45b4098{\nvertical-align:top;\nbackground:url(https:\/\/insonggeweb.mycafe24.com\/wp-content\/uploads\/2021\/07\/insong_sub_09.png) 50% 50% no-repeat scroll ;\n}\n.responsive #top #wrap_all .flex_cell.av-kqrjy8fi-d83c4c2e84bdbfcd04af4b24e45b4098{\npadding:0px 0px 0px 0px !important;\n}\n<\/style>\n<div class='flex_cell av-kqrjy8fi-d83c4c2e84bdbfcd04af4b24e45b4098 av-gridrow-cell av_one_full no_margin  avia-builder-el-1  avia-builder-el-no-sibling  sudam-title product av-zero-padding'  ><div class='flex_cell_inner'>\n<style type=\"text\/css\" data-created_by=\"avia_inline_auto\" id=\"style-css-av-kqrk1gn3-18acc61968a74fc70c8f3937d2e5eebe\">\n#top .av-special-heading.av-kqrk1gn3-18acc61968a74fc70c8f3937d2e5eebe{\npadding-bottom:10px;\ncolor:#ffffff;\n}\nbody .av-special-heading.av-kqrk1gn3-18acc61968a74fc70c8f3937d2e5eebe .av-special-heading-tag .heading-char{\nfont-size:25px;\n}\n.av-special-heading.av-kqrk1gn3-18acc61968a74fc70c8f3937d2e5eebe .special-heading-inner-border{\nborder-color:#ffffff;\n}\n.av-special-heading.av-kqrk1gn3-18acc61968a74fc70c8f3937d2e5eebe .av-subheading{\nfont-size:15px;\n}\n<\/style>\n<div  class='av-special-heading av-kqrk1gn3-18acc61968a74fc70c8f3937d2e5eebe av-special-heading-h1 custom-color-heading blockquote elegant-quote elegant-centered  avia-builder-el-2  avia-builder-el-no-sibling '><h1 class='av-special-heading-tag'  itemprop=\"headline\"  ><span class=\"heading-wrap\">X\u1eed l\u00fd n\u01b0\u1edbc th\u1ea3i ti\u00ean ti\u1ebfn<\/span><\/h1><div class=\"special-heading-border\"><div class=\"special-heading-inner-border\"><\/div><\/div><\/div>\n<\/div><\/div>\r\n<\/div>\r\n\r\n<div id='sub_top_wrap'  class='avia-section av-kpor07jt-20b9bc8d6c93d675769493444ab793ec main_color avia-section-default avia-no-border-styling  avia-builder-el-3  el_after_av_layout_row  el_before_av_section  avia-bg-style-scroll container_wrap fullsize'  ><div class='container av-section-cont-open' ><div class='template-page content  av-content-full alpha units'><div class='post-entry post-entry-type-page post-entry-6384'><div class='entry-content-wrapper clearfix'>\r\n\r\n<section  id=\"In_Tbox\"  class='av_textblock_section av-krn76iml-d7921358129097e40181bdc03fbe567e '   itemscope=\"itemscope\" itemtype=\"https:\/\/schema.org\/CreativeWork\" ><div class='av-small-hide av-mini-hide avia_textblock'  itemprop=\"text\" ><h2 style=\"text-align: center;\">X\u1eed l\u00fd n\u01b0\u1edbc th\u1ea3i ti\u00ean ti\u1ebfn<\/h2>\n<p style=\"text-align: center;\">C\u00d4NG TY TNHH INSONG GE. t\u1ef1 h\u00e0o c\u00f3 h\u1ec7 th\u1ed1ng x\u1eed l\u00fd n\u01b0\u1edbc hi\u1ec7n \u0111\u1ea1i c\u00f3 th\u1ec3 l\u1ecdc v\u00e0 th\u1ea3i ph\u00e2n gia s\u00fac, n\u01b0\u1edbc th\u1ea3i v\u00e0 n\u01b0\u1edbc th\u1ea3i c\u00f4ng nghi\u1ec7p b\u1eb1ng c\u00e1ch c\u1ea3i thi\u1ec7n ch\u1ea5t l\u01b0\u1ee3ng n\u01b0\u1edbc.<\/p>\n<\/div><\/section>\r\n\r\n<section  id=\"In_Tbox\"  class='av_textblock_section av-krubpyih-89ce1511637ad9151dc93fd0d26e8898 '   itemscope=\"itemscope\" itemtype=\"https:\/\/schema.org\/CreativeWork\" ><div class='av-desktop-hide av-medium-hide avia_textblock'  itemprop=\"text\" ><h2 style=\"text-align: center;\">X\u1eed l\u00fd n\u01b0\u1edbc th\u1ea3i ti\u00ean ti\u1ebfn<\/h2>\n<p style=\"text-align: center;\">C\u00d4NG TY TNHH INSONG GE. t\u1ef1 h\u00e0o c\u00f3 h\u1ec7 th\u1ed1ng x\u1eed l\u00fd n\u01b0\u1edbc hi\u1ec7n \u0111\u1ea1i c\u00f3 th\u1ec3 l\u1ecdc v\u00e0 th\u1ea3i ph\u00e2n gia s\u00fac, n\u01b0\u1edbc th\u1ea3i v\u00e0 n\u01b0\u1edbc th\u1ea3i c\u00f4ng nghi\u1ec7p b\u1eb1ng c\u00e1ch c\u1ea3i thi\u1ec7n ch\u1ea5t l\u01b0\u1ee3ng n\u01b0\u1edbc.<\/p>\n<\/div><\/section>\r\n\r\n<\/div><\/div><\/div><!-- close content main div --><\/div><\/div>\n<style type=\"text\/css\" data-created_by=\"avia_inline_auto\" id=\"style-css-av-kpor14en-156cbffc278585f3d7f774395bf4e09b\">\n.avia-section.av-kpor14en-156cbffc278585f3d7f774395bf4e09b{\nbackground-repeat:no-repeat;\nbackground-image:url(https:\/\/insonggeweb.mycafe24.com\/wp-content\/uploads\/2021\/08\/insong_product_03_1.png);\nbackground-position:50% 50%;\nbackground-attachment:scroll;\n}\n<\/style>\n<div id='sub_content_wrap'  class='avia-section av-kpor14en-156cbffc278585f3d7f774395bf4e09b main_color avia-section-default avia-no-shadow  avia-builder-el-6  el_after_av_section  el_before_av_section  avia-full-stretch avia-bg-style-scroll container_wrap fullsize'  data-section-bg-repeat='stretch'><div class='container av-section-cont-open' ><div class='template-page content  av-content-full alpha units'><div class='post-entry post-entry-type-page post-entry-6384'><div class='entry-content-wrapper clearfix'>\r\n\n<style type=\"text\/css\" data-created_by=\"avia_inline_auto\" id=\"style-css-av-12z3u-2f8f985cf23a8555ee90ad452f706cfe\">\n.flex_column.av-12z3u-2f8f985cf23a8555ee90ad452f706cfe{\nborder-radius:0px 0px 0px 0px;\n}\n<\/style>\n<div  id=\"osu_cha\"  class='flex_column av-12z3u-2f8f985cf23a8555ee90ad452f706cfe av_one_full  avia-builder-el-7  avia-builder-el-no-sibling  first flex_column_div  '     ><section  class='av_textblock_section av-kru9vhex-a0c6116b6beeb7263d13999b96d60a1c '   itemscope=\"itemscope\" itemtype=\"https:\/\/schema.org\/CreativeWork\" ><div class='avia_textblock'  itemprop=\"text\" ><div style=\"width: 50px; height: 3px; text-align: center; background: #5eb4c8; margin: 0 auto 30px;\"><\/div>\n<\/div><\/section>\n<section  id=\"In_Tbox\"  class='av_textblock_section av-kprpazvh-ba9b2a714faac36fbfe939c425f3a75f '   itemscope=\"itemscope\" itemtype=\"https:\/\/schema.org\/CreativeWork\" ><div class='avia_textblock osu'  itemprop=\"text\" ><h2 style=\"text-align: center;\">C\u00e1c t\u00ednh n\u0103ng c\u1ee7a x\u1eed l\u00fd n\u01b0\u1edbc th\u1ea3i ti\u00ean ti\u1ebfn<\/h2>\n<\/div><\/section>\n\n<style type=\"text\/css\" data-created_by=\"avia_inline_auto\" id=\"style-css-av-kprpij37-b1adf14b130fce1c6f0b646d29d3ebd7\">\n#top .av_textblock_section.av-kprpij37-b1adf14b130fce1c6f0b646d29d3ebd7 .avia_textblock{\nfont-size:16px;\n}\n<\/style>\n<section  id=\"In_Tbox\"  class='av_textblock_section av-kprpij37-b1adf14b130fce1c6f0b646d29d3ebd7 '   itemscope=\"itemscope\" itemtype=\"https:\/\/schema.org\/CreativeWork\" ><div class='avia_textblock osu'  itemprop=\"text\" ><ul>\n<li>B\u1eb1ng c\u00e1ch s\u1eed d\u1ee5ng t\u1eeb tr\u01b0\u1eddng c\u1ed9ng h\u01b0\u1edfng trong n\u01b0\u1edbc \u0111\u01b0\u1ee3c x\u1eed l\u00fd cu\u1ed1i c\u00f9ng \u0111\u01b0\u1ee3c t\u1ea1o ra th\u00f4ng qua ph\u01b0\u01a1ng ph\u00e1p HAC, gi\u00e1 tr\u1ecb ORP (Ti\u1ec1m n\u0103ng gi\u1ea3m oxy h\u00f3a) \u0111\u01b0\u1ee3c \u0111i\u1ec1u ch\u1ec9nh t\u1eebng b\u01b0\u1edbc, m\u00e0 kh\u00f4ng s\u1eed d\u1ee5ng b\u1ea5t k\u1ef3 ch\u1ea5t \u0111\u00f4ng t\u1ee5 n\u00e0o.<br \/>\nH\u1ec7 th\u1ed1ng l\u1ecdc v\u00e0 x\u1ea3 n\u01b0\u1edbc th\u00e2n thi\u1ec7n v\u1edbi m\u00f4i tr\u01b0\u1eddng c\u00f3 kh\u1ea3 n\u0103ng x\u1eed l\u00fd v\u00e0 l\u1ecdc s\u1ea1ch n\u01b0\u1edbc th\u1ea3i v\u00e0 n\u01b0\u1edbc th\u1ea3i ti\u00ean ti\u1ebfn<\/li>\n<li>H\u1ec7 th\u1ed1ng x\u1eed l\u00fd n\u01b0\u1edbc hi\u1ec7n \u0111\u1ea1i c\u00f3 th\u1ec3 l\u1ecdc v\u00e0 th\u1ea3i ph\u00e2n gia s\u00fac, n\u01b0\u1edbc th\u1ea3i, n\u01b0\u1edbc th\u1ea3i, n\u01b0\u1edbc th\u1ea3i c\u00f4ng nghi\u1ec7p v\u00e0 c\u00f4ng nghi\u1ec7p b\u1eb1ng c\u00e1ch c\u1ea3i thi\u1ec7n ch\u1ea5t l\u01b0\u1ee3ng n\u01b0\u1edbc<\/li>\n<\/ul>\n<\/div><\/section><\/div>\r\n\r\n\r\n<\/div><\/div><\/div><!-- close content main div --><\/div><\/div><div id='av_section_3'  class='avia-section av-2w76i-6fcfb5ae7ee73f4103305af5847faea4 main_color avia-section-default avia-no-border-styling  avia-builder-el-11  el_after_av_section  avia-builder-el-last  avia-bg-style-scroll container_wrap fullsize'  ><div class='container av-section-cont-open' ><div class='template-page content  av-content-full alpha units'><div class='post-entry post-entry-type-page post-entry-6384'><div class='entry-content-wrapper clearfix'>\r\n\n<style type=\"text\/css\" data-created_by=\"avia_inline_auto\" id=\"style-css-av-1vwme-bb9f1b67649af4e4e0a70dfc95afc981\">\n.flex_column.av-1vwme-bb9f1b67649af4e4e0a70dfc95afc981{\nborder-radius:0px 0px 0px 0px;\npadding:0px 0px 0px 0px;\n}\n<\/style>\n<div  class='flex_column av-1vwme-bb9f1b67649af4e4e0a70dfc95afc981 av_one_full  avia-builder-el-12  el_before_av_one_full  avia-builder-el-first  first flex_column_div av-zero-column-padding  '     ><style type=\"text\/css\" data-created_by=\"avia_inline_auto\" id=\"style-css-av-kqrkd5xz-0809baee41fc5f1c7bd95cd0d8fb6195\">\n.avia-image-container.av-kqrkd5xz-0809baee41fc5f1c7bd95cd0d8fb6195 img.avia_image{\nbox-shadow:none;\n}\n.avia-image-container.av-kqrkd5xz-0809baee41fc5f1c7bd95cd0d8fb6195 .av-image-caption-overlay-center{\ncolor:#ffffff;\n}\n<\/style>\n<div  class='avia-image-container av-kqrkd5xz-0809baee41fc5f1c7bd95cd0d8fb6195 av-styling- avia-align-center  avia-builder-el-13  avia-builder-el-no-sibling '   itemprop=\"image\" itemscope=\"itemscope\" itemtype=\"https:\/\/schema.org\/ImageObject\" ><div class=\"avia-image-container-inner\"><div class=\"avia-image-overlay-wrap\"><img decoding=\"async\" class='wp-image-10628 avia-img-lazy-loading-not-10628 avia_image ' src=\"https:\/\/insonggeweb.mycafe24.com\/wp-content\/uploads\/2021\/09\/insong_product_03_2_vi.png\" alt='' title='insong_product_03_2_vi'  height=\"993\" width=\"2599\"  itemprop=\"thumbnailUrl\" srcset=\"https:\/\/insonggeweb.mycafe24.com\/wp-content\/uploads\/2021\/09\/insong_product_03_2_vi.png 2599w, https:\/\/insonggeweb.mycafe24.com\/wp-content\/uploads\/2021\/09\/insong_product_03_2_vi-300x115.png 300w, https:\/\/insonggeweb.mycafe24.com\/wp-content\/uploads\/2021\/09\/insong_product_03_2_vi-1030x394.png 1030w, https:\/\/insonggeweb.mycafe24.com\/wp-content\/uploads\/2021\/09\/insong_product_03_2_vi-768x293.png 768w, https:\/\/insonggeweb.mycafe24.com\/wp-content\/uploads\/2021\/09\/insong_product_03_2_vi-1536x587.png 1536w, https:\/\/insonggeweb.mycafe24.com\/wp-content\/uploads\/2021\/09\/insong_product_03_2_vi-2048x782.png 2048w, https:\/\/insonggeweb.mycafe24.com\/wp-content\/uploads\/2021\/09\/insong_product_03_2_vi-1500x573.png 1500w, https:\/\/insonggeweb.mycafe24.com\/wp-content\/uploads\/2021\/09\/insong_product_03_2_vi-705x269.png 705w, https:\/\/insonggeweb.mycafe24.com\/wp-content\/uploads\/2021\/09\/insong_product_03_2_vi-600x229.png 600w\" sizes=\"(max-width: 2599px) 100vw, 2599px\" \/><\/div><\/div><\/div><\/div>\n<style type=\"text\/css\" data-created_by=\"avia_inline_auto\" id=\"style-css-av-12fl6-b4db605c663489127cf27d7169266db9\">\n.flex_column.av-12fl6-b4db605c663489127cf27d7169266db9{\nborder-radius:0px 0px 0px 0px;\npadding:0px 0px 0px 0px;\n}\n<\/style>\n<div  class='flex_column av-12fl6-b4db605c663489127cf27d7169266db9 av_one_full  avia-builder-el-14  el_after_av_one_full  avia-builder-el-last  first flex_column_div av-zero-column-padding  column-top-margin'     ><section  class='av_textblock_section av-kru96l1z-891831c2564e2aebf558eb82cfd1a9f4 '   itemscope=\"itemscope\" itemtype=\"https:\/\/schema.org\/CreativeWork\" ><div class='av-small-hide av-mini-hide avia_textblock'  itemprop=\"text\" ><table style=\"width: 1030px; margin: 0 auto; padidng: 0;\">\n<tbody>\n<tr>\n<td style=\"border: none; background: #fff;\"><img decoding=\"async\" loading=\"lazy\" class=\"alignnone size-full wp-image-8144\" src=\"\/wp-content\/uploads\/2021\/08\/insong_product_03_3.png\" alt=\"\" width=\"722\" height=\"832\" srcset=\"https:\/\/insonggeweb.mycafe24.com\/wp-content\/uploads\/2021\/08\/insong_product_03_3.png 722w, https:\/\/insonggeweb.mycafe24.com\/wp-content\/uploads\/2021\/08\/insong_product_03_3-260x300.png 260w, https:\/\/insonggeweb.mycafe24.com\/wp-content\/uploads\/2021\/08\/insong_product_03_3-612x705.png 612w, https:\/\/insonggeweb.mycafe24.com\/wp-content\/uploads\/2021\/08\/insong_product_03_3-600x691.png 600w\" sizes=\"(max-width: 722px) 100vw, 722px\" \/><\/td>\n<td style=\"border: none; background: #fff;\"><img decoding=\"async\" loading=\"lazy\" class=\"alignnone size-full wp-image-8148\" src=\"\/wp-content\/uploads\/2021\/09\/insong_product_03_4_vi.png\" alt=\"\" width=\"1796\" height=\"832\" \/><\/td>\n<\/tr>\n<\/tbody>\n<\/table>\n<\/div><\/section>\n<section  class='av_textblock_section av-krubv8hn-6e54086efbf32d6043d5b1411257a7d9 '   itemscope=\"itemscope\" itemtype=\"https:\/\/schema.org\/CreativeWork\" ><div class='av-desktop-hide av-medium-hide avia_textblock'  itemprop=\"text\" ><table style=\"width: 100%; margin: 0 auto; padidng: 0;\">\n<tbody>\n<tr>\n<td style=\"border: none; background: #fff;\"><img decoding=\"async\" loading=\"lazy\" class=\"alignnone size-full wp-image-8144\" src=\"\/wp-content\/uploads\/2021\/08\/insong_product_03_3.png\" alt=\"\" width=\"722\" height=\"832\" srcset=\"https:\/\/insonggeweb.mycafe24.com\/wp-content\/uploads\/2021\/08\/insong_product_03_3.png 722w, https:\/\/insonggeweb.mycafe24.com\/wp-content\/uploads\/2021\/08\/insong_product_03_3-260x300.png 260w, https:\/\/insonggeweb.mycafe24.com\/wp-content\/uploads\/2021\/08\/insong_product_03_3-612x705.png 612w, https:\/\/insonggeweb.mycafe24.com\/wp-content\/uploads\/2021\/08\/insong_product_03_3-600x691.png 600w\" sizes=\"(max-width: 722px) 100vw, 722px\" \/><\/td>\n<td style=\"border: none; background: #fff;\"><img decoding=\"async\" loading=\"lazy\" class=\"alignnone size-full wp-image-8148\" src=\"\/wp-content\/uploads\/2021\/09\/insong_product_03_4_vi.png\" alt=\"\" width=\"1796\" height=\"832\" \/><\/td>\n<\/tr>\n<\/tbody>\n<\/table>\n<\/div><\/section><\/div>\r\n","protected":false},"excerpt":{"rendered":"","protected":false},"author":3,"featured_media":0,"parent":0,"menu_order":0,"comment_status":"closed","ping_status":"closed","template":"","meta":{"footnotes":""},"_links":{"self":[{"href":"https:\/\/insonggeweb.mycafe24.com\/vi\/wp-json\/wp\/v2\/pages\/6384"}],"collection":[{"href":"https:\/\/insonggeweb.mycafe24.com\/vi\/wp-json\/wp\/v2\/pages"}],"about":[{"href":"https:\/\/insonggeweb.mycafe24.com\/vi\/wp-json\/wp\/v2\/types\/page"}],"author":[{"embeddable":true,"href":"https:\/\/insonggeweb.mycafe24.com\/vi\/wp-json\/wp\/v2\/users\/3"}],"replies":[{"embeddable":true,"href":"https:\/\/insonggeweb.mycafe24.com\/vi\/wp-json\/wp\/v2\/comments?post=6384"}],"version-history":[{"count":47,"href":"https:\/\/insonggeweb.mycafe24.com\/vi\/wp-json\/wp\/v2\/pages\/6384\/revisions"}],"predecessor-version":[{"id":10975,"href":"https:\/\/insonggeweb.mycafe24.com\/vi\/wp-json\/wp\/v2\/pages\/6384\/revisions\/10975"}],"wp:attachment":[{"href":"https:\/\/insonggeweb.mycafe24.com\/vi\/wp-json\/wp\/v2\/media?parent=6384"}],"curies":[{"name":"wp","href":"https:\/\/api.w.org\/{rel}","templated":true}]}}