{"id":6396,"date":"2021-07-07T10:03:43","date_gmt":"2021-07-07T01:03:43","guid":{"rendered":"https:\/\/insonggecorp.cafe24.com\/pig-circulation-facility\/"},"modified":"2025-11-10T15:03:49","modified_gmt":"2025-11-10T06:03:49","slug":"pig-circulation-facility","status":"publish","type":"page","link":"https:\/\/insonggeweb.mycafe24.com\/vi\/pig-circulation-facility\/","title":{"rendered":"C\u01a1 s\u1edf l\u01b0u th\u00f4ng l\u1ee3n"},"content":{"rendered":"<div id='av-layout-grid-1'  class='av-layout-grid-container av-20860-5a23ce3da0153b4d00fac0105b76b094 entry-content-wrapper main_color av-flex-cells  avia-builder-el-0  el_before_av_section  avia-builder-el-first  sudam-olta  container_wrap fullsize'  >\r\n\n<style type=\"text\/css\" data-created_by=\"avia_inline_auto\" id=\"style-css-av-1ldoc-a114fe2e28f480e0a1271c27f18a3c0b\">\n.flex_cell.av-1ldoc-a114fe2e28f480e0a1271c27f18a3c0b{\nvertical-align:top;\nbackground:url(https:\/\/insonggeweb.mycafe24.com\/wp-content\/uploads\/2021\/08\/insong_sub_11.png) 50% 50% no-repeat scroll ;\n}\n.responsive #top #wrap_all .flex_cell.av-1ldoc-a114fe2e28f480e0a1271c27f18a3c0b{\npadding:0px 0px 0px 0px !important;\n}\n<\/style>\n<div class='flex_cell av-1ldoc-a114fe2e28f480e0a1271c27f18a3c0b av-gridrow-cell av_one_full no_margin  avia-builder-el-1  avia-builder-el-no-sibling  sudam-title av-zero-padding'  ><div class='flex_cell_inner'>\n<style type=\"text\/css\" data-created_by=\"avia_inline_auto\" id=\"style-css-av-14n54-ca48aca630cc3f5f2e73f152ae98046c\">\n#top .av-special-heading.av-14n54-ca48aca630cc3f5f2e73f152ae98046c{\nmargin:0 0 0 0;\npadding-bottom:0;\ncolor:#ffffff;\n}\nbody .av-special-heading.av-14n54-ca48aca630cc3f5f2e73f152ae98046c .av-special-heading-tag .heading-char{\nfont-size:25px;\n}\n.av-special-heading.av-14n54-ca48aca630cc3f5f2e73f152ae98046c .special-heading-inner-border{\nborder-color:#ffffff;\n}\n.av-special-heading.av-14n54-ca48aca630cc3f5f2e73f152ae98046c .av-subheading{\nfont-size:15px;\n}\n<\/style>\n<div  class='av-special-heading av-14n54-ca48aca630cc3f5f2e73f152ae98046c av-special-heading-h1 custom-color-heading blockquote elegant-quote elegant-centered  avia-builder-el-2  avia-builder-el-no-sibling '><h1 class='av-special-heading-tag'  itemprop=\"headline\"  ><span class=\"heading-wrap\">C\u01a1 s\u1edf l\u01b0u th\u00f4ng l\u1ee3n<\/span><\/h1><div class=\"special-heading-border\"><div class=\"special-heading-inner-border\"><\/div><\/div><\/div>\n<\/div><\/div>\r\n<\/div>\r\n\r\n<div id='sub_top_wrap'  class='avia-section av-kpor07jt-20b9bc8d6c93d675769493444ab793ec main_color avia-section-default avia-no-border-styling  avia-builder-el-3  el_after_av_layout_row  el_before_av_one_full  avia-bg-style-scroll container_wrap fullsize'  ><div class='container av-section-cont-open' ><div class='template-page content  av-content-full alpha units'><div class='post-entry post-entry-type-page post-entry-6396'><div class='entry-content-wrapper clearfix'>\r\n<section  id=\"In_Tbox\"  class='av_textblock_section av-krn7eex8-4e8d9a526c91edade1d9ec755fa18969 '   itemscope=\"itemscope\" itemtype=\"https:\/\/schema.org\/CreativeWork\" ><div class='avia_textblock'  itemprop=\"text\" ><h2 style=\"text-align: center;\">C\u01a1 s\u1edf l\u01b0u th\u00f4ng l\u1ee3n<\/h2>\n<p style=\"text-align: center;\">\u0110\u00e2y l\u00e0 b\u1ea3ng th\u00f4ng b\u00e1o hi\u1ec7u su\u1ea5t x\u00e2y d\u1ef1ng c\u1ee7a Insong GE.<\/p>\n<\/div><\/section>\r\n<\/div><\/div><\/div><!-- close content main div --><\/div><\/div><div id='after_section_1'  class='main_color av_default_container_wrap container_wrap fullsize'  ><div class='container av-section-cont-open' ><div class='template-page content  av-content-full alpha units'><div class='post-entry post-entry-type-page post-entry-6396'><div class='entry-content-wrapper clearfix'>\r\n\r\n\n<style type=\"text\/css\" data-created_by=\"avia_inline_auto\" id=\"style-css-av-3s6cgt-0080f80e94bd0ee5b6a9b4cb4f1832ab\">\n.flex_column.av-3s6cgt-0080f80e94bd0ee5b6a9b4cb4f1832ab{\nborder-radius:0px 0px 0px 0px;\npadding:0px 0px 0px 0px;\n}\n<\/style>\n<div  class='flex_column av-3s6cgt-0080f80e94bd0ee5b6a9b4cb4f1832ab av_one_full  avia-builder-el-5  el_after_av_section  avia-builder-el-no-sibling  first flex_column_div av-zero-column-padding  '     ><section  class='av_textblock_section av-kqssc1qm-3a61236337f3ca7efc306fb5b624561d '   itemscope=\"itemscope\" itemtype=\"https:\/\/schema.org\/CreativeWork\" ><div class='avia_textblock'  itemprop=\"text\" ><div id=\"kboard-ocean-gallery-list\">\n\t<div class=\"kboard-header\">\n\t\t<!-- \uce74\ud14c\uace0\ub9ac \uc2dc\uc791 -->\n\t\t\t\t<!-- \uce74\ud14c\uace0\ub9ac \ub05d -->\n\t<\/div>\n\t\n\t<!-- \ub9ac\uc2a4\ud2b8 \uc2dc\uc791 -->\n\t<div class=\"kboard-list\">\n\t\t\t\t<div class=\"kboard-gallery-item\">\n\t\t\t<a href=\"\/vi\/wp-json\/wp\/v2\/pages\/6396?uid=341&mod=document\">\n\t\t\t\t<div class=\"kboard-gallery-thumbnail\">\n\t\t\t\t\t\t\t\t\t\t<img src=\"https:\/\/insonggeweb.mycafe24.com\/wp-content\/uploads\/kboard_thumbnails\/33\/202511\/69118d600c97b3382351-220x155.jpg\" alt=\"2017_Trang tr\u1ea1i Buyeo B\">\n\t\t\t\t\t\t\t\t\t\t<div class=\"kboard-gallery-foreground\"><img src=\"https:\/\/insonggeweb.mycafe24.com\/wp-content\/plugins\/kboard\/skin\/ocean-gallery\/images\/over-foreground.png\" alt=\"\"><\/div>\n\t\t\t\t\t<div class=\"kboard-gallery-username\">2025\/11\/10 by. \uc7a5\uc11d\uade0 \uad00\ub9ac\uc790<\/div>\n\t\t\t\t<\/div>\n\t\t\t\t<div class=\"kboard-gallery-title\">2017_Trang tr\u1ea1i Buyeo B<\/div>\n\t\t\t<\/a>\n\t\t<\/div>\n\t\t\t<div class=\"kboard-gallery-item\">\n\t\t\t<a href=\"\/vi\/wp-json\/wp\/v2\/pages\/6396?uid=340&mod=document&pageid=1\">\n\t\t\t\t<div class=\"kboard-gallery-thumbnail\">\n\t\t\t\t\t\t\t\t\t\t<img src=\"https:\/\/insonggeweb.mycafe24.com\/wp-content\/uploads\/kboard_thumbnails\/33\/202511\/69118ce8832d95314985-220x155.jpg\" alt=\"2017_Trang tr\u1ea1i Naju D\">\n\t\t\t\t\t\t\t\t\t\t<div class=\"kboard-gallery-foreground\"><img src=\"https:\/\/insonggeweb.mycafe24.com\/wp-content\/plugins\/kboard\/skin\/ocean-gallery\/images\/over-foreground.png\" alt=\"\"><\/div>\n\t\t\t\t\t<div class=\"kboard-gallery-username\">2025\/11\/10 by. \uc7a5\uc11d\uade0 \uad00\ub9ac\uc790<\/div>\n\t\t\t\t<\/div>\n\t\t\t\t<div class=\"kboard-gallery-title\">2017_Trang tr\u1ea1i Naju D<\/div>\n\t\t\t<\/a>\n\t\t<\/div>\n\t\t\t<div class=\"kboard-gallery-item\">\n\t\t\t<a href=\"\/vi\/wp-json\/wp\/v2\/pages\/6396?uid=339&mod=document&pageid=1\">\n\t\t\t\t<div class=\"kboard-gallery-thumbnail\">\n\t\t\t\t\t\t\t\t\t\t<img src=\"https:\/\/insonggeweb.mycafe24.com\/wp-content\/uploads\/kboard_thumbnails\/33\/202511\/69118ca9acf5b8521615-220x155.jpg\" alt=\"2017_Trang tr\u1ea1i Naju C\">\n\t\t\t\t\t\t\t\t\t\t<div class=\"kboard-gallery-foreground\"><img src=\"https:\/\/insonggeweb.mycafe24.com\/wp-content\/plugins\/kboard\/skin\/ocean-gallery\/images\/over-foreground.png\" alt=\"\"><\/div>\n\t\t\t\t\t<div class=\"kboard-gallery-username\">2025\/11\/10 by. \uc7a5\uc11d\uade0 \uad00\ub9ac\uc790<\/div>\n\t\t\t\t<\/div>\n\t\t\t\t<div class=\"kboard-gallery-title\">2017_Trang tr\u1ea1i Naju C<\/div>\n\t\t\t<\/a>\n\t\t<\/div>\n\t\t\t<div class=\"kboard-gallery-item\">\n\t\t\t<a href=\"\/vi\/wp-json\/wp\/v2\/pages\/6396?uid=338&mod=document&pageid=1\">\n\t\t\t\t<div class=\"kboard-gallery-thumbnail\">\n\t\t\t\t\t\t\t\t\t\t<img src=\"https:\/\/insonggeweb.mycafe24.com\/wp-content\/uploads\/kboard_thumbnails\/33\/202511\/69118c36d713a1773643-220x155.jpg\" alt=\"2016_Trang tr\u1ea1i Naju D\">\n\t\t\t\t\t\t\t\t\t\t<div class=\"kboard-gallery-foreground\"><img src=\"https:\/\/insonggeweb.mycafe24.com\/wp-content\/plugins\/kboard\/skin\/ocean-gallery\/images\/over-foreground.png\" alt=\"\"><\/div>\n\t\t\t\t\t<div class=\"kboard-gallery-username\">2025\/11\/10 by. \uc7a5\uc11d\uade0 \uad00\ub9ac\uc790<\/div>\n\t\t\t\t<\/div>\n\t\t\t\t<div class=\"kboard-gallery-title\">2016_Trang tr\u1ea1i Naju D<\/div>\n\t\t\t<\/a>\n\t\t<\/div>\n\t\t\t<div class=\"kboard-gallery-item\">\n\t\t\t<a href=\"\/vi\/wp-json\/wp\/v2\/pages\/6396?uid=337&mod=document&pageid=1\">\n\t\t\t\t<div class=\"kboard-gallery-thumbnail\">\n\t\t\t\t\t\t\t\t\t\t<img src=\"https:\/\/insonggeweb.mycafe24.com\/wp-content\/uploads\/kboard_thumbnails\/33\/202511\/69118c26bfb695140133-220x155.jpg\" alt=\"2016_Trang tr\u1ea1i Naju B\">\n\t\t\t\t\t\t\t\t\t\t<div class=\"kboard-gallery-foreground\"><img src=\"https:\/\/insonggeweb.mycafe24.com\/wp-content\/plugins\/kboard\/skin\/ocean-gallery\/images\/over-foreground.png\" alt=\"\"><\/div>\n\t\t\t\t\t<div class=\"kboard-gallery-username\">2025\/11\/10 by. \uc7a5\uc11d\uade0 \uad00\ub9ac\uc790<\/div>\n\t\t\t\t<\/div>\n\t\t\t\t<div class=\"kboard-gallery-title\">2016_Trang tr\u1ea1i Naju B<\/div>\n\t\t\t<\/a>\n\t\t<\/div>\n\t\t\t<div class=\"kboard-gallery-item\">\n\t\t\t<a href=\"\/vi\/wp-json\/wp\/v2\/pages\/6396?uid=336&mod=document&pageid=1\">\n\t\t\t\t<div class=\"kboard-gallery-thumbnail\">\n\t\t\t\t\t\t\t\t\t\t<img src=\"https:\/\/insonggeweb.mycafe24.com\/wp-content\/uploads\/kboard_thumbnails\/33\/202511\/69118c15ee5084267984-220x155.jpg\" alt=\"2016_Trang tr\u1ea1i Naju A\">\n\t\t\t\t\t\t\t\t\t\t<div class=\"kboard-gallery-foreground\"><img src=\"https:\/\/insonggeweb.mycafe24.com\/wp-content\/plugins\/kboard\/skin\/ocean-gallery\/images\/over-foreground.png\" alt=\"\"><\/div>\n\t\t\t\t\t<div class=\"kboard-gallery-username\">2025\/11\/10 by. \uc7a5\uc11d\uade0 \uad00\ub9ac\uc790<\/div>\n\t\t\t\t<\/div>\n\t\t\t\t<div class=\"kboard-gallery-title\">2016_Trang tr\u1ea1i Naju A<\/div>\n\t\t\t<\/a>\n\t\t<\/div>\n\t\t\t<div class=\"kboard-gallery-item\">\n\t\t\t<a href=\"\/vi\/wp-json\/wp\/v2\/pages\/6396?uid=335&mod=document&pageid=1\">\n\t\t\t\t<div class=\"kboard-gallery-thumbnail\">\n\t\t\t\t\t\t\t\t\t\t<img src=\"https:\/\/insonggeweb.mycafe24.com\/wp-content\/uploads\/kboard_thumbnails\/33\/202511\/69118ba30c9a69482841-220x155.jpg\" alt=\"2015_Trang tr\u1ea1i Sunchang A\">\n\t\t\t\t\t\t\t\t\t\t<div class=\"kboard-gallery-foreground\"><img src=\"https:\/\/insonggeweb.mycafe24.com\/wp-content\/plugins\/kboard\/skin\/ocean-gallery\/images\/over-foreground.png\" alt=\"\"><\/div>\n\t\t\t\t\t<div class=\"kboard-gallery-username\">2025\/11\/10 by. \uc7a5\uc11d\uade0 \uad00\ub9ac\uc790<\/div>\n\t\t\t\t<\/div>\n\t\t\t\t<div class=\"kboard-gallery-title\">2015_Trang tr\u1ea1i Sunchang A<\/div>\n\t\t\t<\/a>\n\t\t<\/div>\n\t\t\t<div class=\"kboard-gallery-item\">\n\t\t\t<a href=\"\/vi\/wp-json\/wp\/v2\/pages\/6396?uid=334&mod=document&pageid=1\">\n\t\t\t\t<div class=\"kboard-gallery-thumbnail\">\n\t\t\t\t\t\t\t\t\t\t<img src=\"https:\/\/insonggeweb.mycafe24.com\/wp-content\/uploads\/kboard_thumbnails\/33\/202511\/69118b917c0be6780318-220x155.jpg\" alt=\"2015_Trang tr\u1ea1i Dangjin A\">\n\t\t\t\t\t\t\t\t\t\t<div class=\"kboard-gallery-foreground\"><img src=\"https:\/\/insonggeweb.mycafe24.com\/wp-content\/plugins\/kboard\/skin\/ocean-gallery\/images\/over-foreground.png\" alt=\"\"><\/div>\n\t\t\t\t\t<div class=\"kboard-gallery-username\">2025\/11\/10 by. \uc7a5\uc11d\uade0 \uad00\ub9ac\uc790<\/div>\n\t\t\t\t<\/div>\n\t\t\t\t<div class=\"kboard-gallery-title\">2015_Trang tr\u1ea1i Dangjin A<\/div>\n\t\t\t<\/a>\n\t\t<\/div>\n\t\t\t<div class=\"kboard-gallery-item\">\n\t\t\t<a href=\"\/vi\/wp-json\/wp\/v2\/pages\/6396?uid=333&mod=document&pageid=1\">\n\t\t\t\t<div class=\"kboard-gallery-thumbnail\">\n\t\t\t\t\t\t\t\t\t\t<img src=\"https:\/\/insonggeweb.mycafe24.com\/wp-content\/uploads\/kboard_thumbnails\/33\/202511\/69118b7d03d2b4105916-220x155.jpg\" alt=\"2015_Trang tr\u1ea1i Naju A\">\n\t\t\t\t\t\t\t\t\t\t<div class=\"kboard-gallery-foreground\"><img src=\"https:\/\/insonggeweb.mycafe24.com\/wp-content\/plugins\/kboard\/skin\/ocean-gallery\/images\/over-foreground.png\" alt=\"\"><\/div>\n\t\t\t\t\t<div class=\"kboard-gallery-username\">2025\/11\/10 by. \uc7a5\uc11d\uade0 \uad00\ub9ac\uc790<\/div>\n\t\t\t\t<\/div>\n\t\t\t\t<div class=\"kboard-gallery-title\">2015_Trang tr\u1ea1i Naju A<\/div>\n\t\t\t<\/a>\n\t\t<\/div>\n\t\t\t<div class=\"kboard-gallery-item\">\n\t\t\t<a href=\"\/vi\/wp-json\/wp\/v2\/pages\/6396?uid=332&mod=document&pageid=1\">\n\t\t\t\t<div class=\"kboard-gallery-thumbnail\">\n\t\t\t\t\t\t\t\t\t\t<img src=\"https:\/\/insonggeweb.mycafe24.com\/wp-content\/uploads\/kboard_thumbnails\/33\/202511\/69118af70bd195732715-220x155.jpg\" alt=\"2014_Trang tr\u1ea1i Suyuk Tr\u1ea1m c\u1ea3i t\u1ea1o gi\u1ed1ng l\u1ee3n Nonghyup\">\n\t\t\t\t\t\t\t\t\t\t<div class=\"kboard-gallery-foreground\"><img src=\"https:\/\/insonggeweb.mycafe24.com\/wp-content\/plugins\/kboard\/skin\/ocean-gallery\/images\/over-foreground.png\" alt=\"\"><\/div>\n\t\t\t\t\t<div class=\"kboard-gallery-username\">2025\/11\/10 by. \uc7a5\uc11d\uade0 \uad00\ub9ac\uc790<\/div>\n\t\t\t\t<\/div>\n\t\t\t\t<div class=\"kboard-gallery-title\">2014_Trang tr\u1ea1i Suyuk Tr\u1ea1m c\u1ea3i t\u1ea1o gi\u1ed1ng l\u1ee3n Nonghyup<\/div>\n\t\t\t<\/a>\n\t\t<\/div>\n\t\t\t<div class=\"kboard-gallery-item\">\n\t\t\t<a href=\"\/vi\/wp-json\/wp\/v2\/pages\/6396?uid=331&mod=document&pageid=1\">\n\t\t\t\t<div class=\"kboard-gallery-thumbnail\">\n\t\t\t\t\t\t\t\t\t\t<img src=\"https:\/\/insonggeweb.mycafe24.com\/wp-content\/uploads\/kboard_thumbnails\/33\/202511\/69118adfbb0252078489-220x155.jpg\" alt=\"2014_Trang tr\u1ea1i Naju B (\u0110ang thi c\u00f4ng)\">\n\t\t\t\t\t\t\t\t\t\t<div class=\"kboard-gallery-foreground\"><img src=\"https:\/\/insonggeweb.mycafe24.com\/wp-content\/plugins\/kboard\/skin\/ocean-gallery\/images\/over-foreground.png\" alt=\"\"><\/div>\n\t\t\t\t\t<div class=\"kboard-gallery-username\">2025\/11\/10 by. \uc7a5\uc11d\uade0 \uad00\ub9ac\uc790<\/div>\n\t\t\t\t<\/div>\n\t\t\t\t<div class=\"kboard-gallery-title\">2014_Trang tr\u1ea1i Naju B (\u0110ang thi c\u00f4ng)<\/div>\n\t\t\t<\/a>\n\t\t<\/div>\n\t\t\t<div class=\"kboard-gallery-item\">\n\t\t\t<a href=\"\/vi\/wp-json\/wp\/v2\/pages\/6396?uid=330&mod=document&pageid=1\">\n\t\t\t\t<div class=\"kboard-gallery-thumbnail\">\n\t\t\t\t\t\t\t\t\t\t<img src=\"https:\/\/insonggeweb.mycafe24.com\/wp-content\/uploads\/kboard_thumbnails\/33\/202511\/69118aa7ea2818506375-220x155.jpg\" alt=\"2014_Trang tr\u1ea1i Naju A\">\n\t\t\t\t\t\t\t\t\t\t<div class=\"kboard-gallery-foreground\"><img src=\"https:\/\/insonggeweb.mycafe24.com\/wp-content\/plugins\/kboard\/skin\/ocean-gallery\/images\/over-foreground.png\" alt=\"\"><\/div>\n\t\t\t\t\t<div class=\"kboard-gallery-username\">2025\/11\/10 by. \uc7a5\uc11d\uade0 \uad00\ub9ac\uc790<\/div>\n\t\t\t\t<\/div>\n\t\t\t\t<div class=\"kboard-gallery-title\">2014_Trang tr\u1ea1i Naju A<\/div>\n\t\t\t<\/a>\n\t\t<\/div>\n\t\t\t<div class=\"kboard-gallery-item\">\n\t\t\t<a href=\"\/vi\/wp-json\/wp\/v2\/pages\/6396?uid=329&mod=document&pageid=1\">\n\t\t\t\t<div class=\"kboard-gallery-thumbnail\">\n\t\t\t\t\t\t\t\t\t\t<img src=\"https:\/\/insonggeweb.mycafe24.com\/wp-content\/uploads\/kboard_thumbnails\/33\/202511\/69118a1a89d7d5955079-220x155.jpg\" alt=\"2013_Khu x\u1eed l\u00fd c\u00f4ng c\u1ed9ng Sunchang\">\n\t\t\t\t\t\t\t\t\t\t<div class=\"kboard-gallery-foreground\"><img src=\"https:\/\/insonggeweb.mycafe24.com\/wp-content\/plugins\/kboard\/skin\/ocean-gallery\/images\/over-foreground.png\" alt=\"\"><\/div>\n\t\t\t\t\t<div class=\"kboard-gallery-username\">2025\/11\/10 by. \uc7a5\uc11d\uade0 \uad00\ub9ac\uc790<\/div>\n\t\t\t\t<\/div>\n\t\t\t\t<div class=\"kboard-gallery-title\">2013_Khu x\u1eed l\u00fd c\u00f4ng c\u1ed9ng Sunchang<\/div>\n\t\t\t<\/a>\n\t\t<\/div>\n\t\t\t<div class=\"kboard-gallery-item\">\n\t\t\t<a href=\"\/vi\/wp-json\/wp\/v2\/pages\/6396?uid=328&mod=document&pageid=1\">\n\t\t\t\t<div class=\"kboard-gallery-thumbnail\">\n\t\t\t\t\t\t\t\t\t\t<img src=\"https:\/\/insonggeweb.mycafe24.com\/wp-content\/uploads\/kboard_thumbnails\/33\/202511\/691189d9cd02a4895882-220x155.jpg\" alt=\"2013_Trang tr\u1ea1i ch\u0103n nu\u00f4i Hansol Naju\">\n\t\t\t\t\t\t\t\t\t\t<div class=\"kboard-gallery-foreground\"><img src=\"https:\/\/insonggeweb.mycafe24.com\/wp-content\/plugins\/kboard\/skin\/ocean-gallery\/images\/over-foreground.png\" alt=\"\"><\/div>\n\t\t\t\t\t<div class=\"kboard-gallery-username\">2025\/11\/10 by. \uc7a5\uc11d\uade0 \uad00\ub9ac\uc790<\/div>\n\t\t\t\t<\/div>\n\t\t\t\t<div class=\"kboard-gallery-title\">2013_Trang tr\u1ea1i ch\u0103n nu\u00f4i Hansol Naju<\/div>\n\t\t\t<\/a>\n\t\t<\/div>\n\t\t\t<div class=\"kboard-gallery-item\">\n\t\t\t<a href=\"\/vi\/wp-json\/wp\/v2\/pages\/6396?uid=327&mod=document&pageid=1\">\n\t\t\t\t<div class=\"kboard-gallery-thumbnail\">\n\t\t\t\t\t\t\t\t\t\t<img src=\"https:\/\/insonggeweb.mycafe24.com\/wp-content\/uploads\/kboard_thumbnails\/33\/202511\/691189bc840c79157783-220x155.jpg\" alt=\"2013_Trang tr\u1ea1i Gokseong H\">\n\t\t\t\t\t\t\t\t\t\t<div class=\"kboard-gallery-foreground\"><img src=\"https:\/\/insonggeweb.mycafe24.com\/wp-content\/plugins\/kboard\/skin\/ocean-gallery\/images\/over-foreground.png\" alt=\"\"><\/div>\n\t\t\t\t\t<div class=\"kboard-gallery-username\">2025\/11\/10 by. \uc7a5\uc11d\uade0 \uad00\ub9ac\uc790<\/div>\n\t\t\t\t<\/div>\n\t\t\t\t<div class=\"kboard-gallery-title\">2013_Trang tr\u1ea1i Gokseong H<\/div>\n\t\t\t<\/a>\n\t\t<\/div>\n\t\t\t<div class=\"kboard-gallery-item\">\n\t\t\t<a href=\"\/vi\/wp-json\/wp\/v2\/pages\/6396?uid=326&mod=document&pageid=1\">\n\t\t\t\t<div class=\"kboard-gallery-thumbnail\">\n\t\t\t\t\t\t\t\t\t\t<img src=\"https:\/\/insonggeweb.mycafe24.com\/wp-content\/uploads\/kboard_thumbnails\/33\/202511\/691189ac24a443284055-220x155.jpg\" alt=\"2013_Trang tr\u1ea1i Gokseong A\">\n\t\t\t\t\t\t\t\t\t\t<div class=\"kboard-gallery-foreground\"><img src=\"https:\/\/insonggeweb.mycafe24.com\/wp-content\/plugins\/kboard\/skin\/ocean-gallery\/images\/over-foreground.png\" alt=\"\"><\/div>\n\t\t\t\t\t<div class=\"kboard-gallery-username\">2025\/11\/10 by. \uc7a5\uc11d\uade0 \uad00\ub9ac\uc790<\/div>\n\t\t\t\t<\/div>\n\t\t\t\t<div class=\"kboard-gallery-title\">2013_Trang tr\u1ea1i Gokseong A<\/div>\n\t\t\t<\/a>\n\t\t<\/div>\n\t\t\t<div class=\"kboard-gallery-item\">\n\t\t\t<a href=\"\/vi\/wp-json\/wp\/v2\/pages\/6396?uid=325&mod=document&pageid=1\">\n\t\t\t\t<div class=\"kboard-gallery-thumbnail\">\n\t\t\t\t\t\t\t\t\t\t<img src=\"https:\/\/insonggeweb.mycafe24.com\/wp-content\/uploads\/kboard_thumbnails\/33\/202511\/6911892f085b36718716-220x155.jpg\" alt=\"2012_Trang tr\u1ea1i Imsil Iil\">\n\t\t\t\t\t\t\t\t\t\t<div class=\"kboard-gallery-foreground\"><img src=\"https:\/\/insonggeweb.mycafe24.com\/wp-content\/plugins\/kboard\/skin\/ocean-gallery\/images\/over-foreground.png\" alt=\"\"><\/div>\n\t\t\t\t\t<div class=\"kboard-gallery-username\">2025\/11\/10 by. \uc7a5\uc11d\uade0 \uad00\ub9ac\uc790<\/div>\n\t\t\t\t<\/div>\n\t\t\t\t<div class=\"kboard-gallery-title\">2012_Trang tr\u1ea1i Imsil Iil<\/div>\n\t\t\t<\/a>\n\t\t<\/div>\n\t\t\t<div class=\"kboard-gallery-item\">\n\t\t\t<a href=\"\/vi\/wp-json\/wp\/v2\/pages\/6396?uid=324&mod=document&pageid=1\">\n\t\t\t\t<div class=\"kboard-gallery-thumbnail\">\n\t\t\t\t\t\t\t\t\t\t<img src=\"https:\/\/insonggeweb.mycafe24.com\/wp-content\/uploads\/kboard_thumbnails\/33\/202511\/6911891db50d47908835-220x155.jpg\" alt=\"2012_Trang tr\u1ea1i Suncheon a\">\n\t\t\t\t\t\t\t\t\t\t<div class=\"kboard-gallery-foreground\"><img src=\"https:\/\/insonggeweb.mycafe24.com\/wp-content\/plugins\/kboard\/skin\/ocean-gallery\/images\/over-foreground.png\" alt=\"\"><\/div>\n\t\t\t\t\t<div class=\"kboard-gallery-username\">2025\/11\/10 by. \uc7a5\uc11d\uade0 \uad00\ub9ac\uc790<\/div>\n\t\t\t\t<\/div>\n\t\t\t\t<div class=\"kboard-gallery-title\">2012_Trang tr\u1ea1i Suncheon a<\/div>\n\t\t\t<\/a>\n\t\t<\/div>\n\t\t\t<div class=\"kboard-gallery-item\">\n\t\t\t<a href=\"\/vi\/wp-json\/wp\/v2\/pages\/6396?uid=323&mod=document&pageid=1\">\n\t\t\t\t<div class=\"kboard-gallery-thumbnail\">\n\t\t\t\t\t\t\t\t\t\t<img src=\"https:\/\/insonggeweb.mycafe24.com\/wp-content\/uploads\/kboard_thumbnails\/33\/202511\/69118909d62436969972-220x155.jpg\" alt=\"2012_Trang tr\u1ea1i Naju A\">\n\t\t\t\t\t\t\t\t\t\t<div class=\"kboard-gallery-foreground\"><img src=\"https:\/\/insonggeweb.mycafe24.com\/wp-content\/plugins\/kboard\/skin\/ocean-gallery\/images\/over-foreground.png\" alt=\"\"><\/div>\n\t\t\t\t\t<div class=\"kboard-gallery-username\">2025\/11\/10 by. \uc7a5\uc11d\uade0 \uad00\ub9ac\uc790<\/div>\n\t\t\t\t<\/div>\n\t\t\t\t<div class=\"kboard-gallery-title\">2012_Trang tr\u1ea1i Naju A<\/div>\n\t\t\t<\/a>\n\t\t<\/div>\n\t\t\t<div class=\"kboard-gallery-item\">\n\t\t\t<a href=\"\/vi\/wp-json\/wp\/v2\/pages\/6396?uid=322&mod=document&pageid=1\">\n\t\t\t\t<div class=\"kboard-gallery-thumbnail\">\n\t\t\t\t\t\t\t\t\t\t<img src=\"https:\/\/insonggeweb.mycafe24.com\/wp-content\/uploads\/kboard_thumbnails\/33\/202511\/6911888ebc0ba5673395-220x155.jpg\" alt=\"2012_Trang tr\u1ea1i Gwangyang k\">\n\t\t\t\t\t\t\t\t\t\t<div class=\"kboard-gallery-foreground\"><img src=\"https:\/\/insonggeweb.mycafe24.com\/wp-content\/plugins\/kboard\/skin\/ocean-gallery\/images\/over-foreground.png\" alt=\"\"><\/div>\n\t\t\t\t\t<div class=\"kboard-gallery-username\">2025\/11\/10 by. \uc7a5\uc11d\uade0 \uad00\ub9ac\uc790<\/div>\n\t\t\t\t<\/div>\n\t\t\t\t<div class=\"kboard-gallery-title\">2012_Trang tr\u1ea1i Gwangyang k<\/div>\n\t\t\t<\/a>\n\t\t<\/div>\n\t\t<\/div>\n\t<!-- \ub9ac\uc2a4\ud2b8 \ub05d -->\n\t\n\t<!-- \ud398\uc774\uc9d5 \uc2dc\uc791 -->\n\t<div class=\"kboard-pagination\">\n\t\t<ul class=\"kboard-pagination-pages\">\n\t\t\t<li class=\"active\"><a href=\"?pageid=1&mod=list\" onclick=\"return false\">1<\/a><\/li><li><a href=\"?pageid=2&mod=list\">2<\/a><\/li><li><a href=\"?pageid=3&mod=list\">3<\/a><\/li><li class=\"next-page\"><a href=\"?pageid=2&mod=list\">\u00bb<\/a><\/li><li class=\"last-page\"><a href=\"?pageid=3&mod=list\">Last<\/a><\/li>\t\t<\/ul>\n\t<\/div>\n\t<!-- \ud398\uc774\uc9d5 \ub05d -->\n\t<form id=\"kboard-search-form-33\" method=\"get\" action=\"\/vi\/wp-json\/wp\/v2\/pages\/6396?pageid=1\">\n\t\t<input type=\"hidden\" name=\"mod\" value=\"list\"><input type=\"hidden\" name=\"pageid\" value=\"1\">\t\t\n\t\t<div class=\"kboard-search\">\n\t\t\t<select name=\"target\">\n\t\t\t\t<option value=\"\">T\u1ea5t c\u1ea3 c\u00e1c<\/option>\n\t\t\t\t<option value=\"title\">Ti\u00eau \u0111\u1ec1<\/option>\n\t\t\t\t<option value=\"content\">N\u1ed9i dung<\/option>\n\t\t\t\t<option value=\"member_display\">T\u00e1c gi\u1ea3<\/option>\n\t\t\t<\/select>\n\t\t\t<input type=\"text\" name=\"keyword\" value=\"\">\n\t\t\t<button type=\"submit\" class=\"kboard-ocean-gallery-button-small\">T\u00ecm ki\u1ebfm<\/button>\n\t\t<\/div>\n\t<\/form>\n\t\n\t\t\n\t<\/div>\n<\/div><\/section><\/div>","protected":false},"excerpt":{"rendered":"","protected":false},"author":2,"featured_media":0,"parent":0,"menu_order":0,"comment_status":"closed","ping_status":"closed","template":"","meta":{"footnotes":""},"_links":{"self":[{"href":"https:\/\/insonggeweb.mycafe24.com\/vi\/wp-json\/wp\/v2\/pages\/6396"}],"collection":[{"href":"https:\/\/insonggeweb.mycafe24.com\/vi\/wp-json\/wp\/v2\/pages"}],"about":[{"href":"https:\/\/insonggeweb.mycafe24.com\/vi\/wp-json\/wp\/v2\/types\/page"}],"author":[{"embeddable":true,"href":"https:\/\/insonggeweb.mycafe24.com\/vi\/wp-json\/wp\/v2\/users\/2"}],"replies":[{"embeddable":true,"href":"https:\/\/insonggeweb.mycafe24.com\/vi\/wp-json\/wp\/v2\/comments?post=6396"}],"version-history":[{"count":8,"href":"https:\/\/insonggeweb.mycafe24.com\/vi\/wp-json\/wp\/v2\/pages\/6396\/revisions"}],"predecessor-version":[{"id":11230,"href":"https:\/\/insonggeweb.mycafe24.com\/vi\/wp-json\/wp\/v2\/pages\/6396\/revisions\/11230"}],"wp:attachment":[{"href":"https:\/\/insonggeweb.mycafe24.com\/vi\/wp-json\/wp\/v2\/media?parent=6396"}],"curies":[{"name":"wp","href":"https:\/\/api.w.org\/{rel}","templated":true}]}}