{"id":6397,"date":"2021-07-07T10:04:19","date_gmt":"2021-07-07T01:04:19","guid":{"rendered":"https:\/\/insonggecorp.cafe24.com\/microbial-culture-room\/"},"modified":"2025-11-10T16:28:16","modified_gmt":"2025-11-10T07:28:16","slug":"microbial-culture-room","status":"publish","type":"page","link":"https:\/\/insonggeweb.mycafe24.com\/vi\/microbial-culture-room\/","title":{"rendered":"T\u1ee7 \u1ea5m vi sinh"},"content":{"rendered":"<div id='av-layout-grid-1'  class='av-layout-grid-container av-20860-5a23ce3da0153b4d00fac0105b76b094 entry-content-wrapper main_color av-flex-cells  avia-builder-el-0  el_before_av_section  avia-builder-el-first  sudam-olta  container_wrap fullsize'  >\r\n\n<style type=\"text\/css\" data-created_by=\"avia_inline_auto\" id=\"style-css-av-1ldoc-dea836da7fef431d6933f5ed77725238\">\n.flex_cell.av-1ldoc-dea836da7fef431d6933f5ed77725238{\nvertical-align:top;\nbackground:url(https:\/\/insonggeweb.mycafe24.com\/wp-content\/uploads\/2021\/08\/insong_sub_08.png) 50% 50% no-repeat scroll ;\n}\n.responsive #top #wrap_all .flex_cell.av-1ldoc-dea836da7fef431d6933f5ed77725238{\npadding:0px 0px 0px 0px !important;\n}\n<\/style>\n<div class='flex_cell av-1ldoc-dea836da7fef431d6933f5ed77725238 av-gridrow-cell av_one_full no_margin  avia-builder-el-1  avia-builder-el-no-sibling  sudam-title av-zero-padding'  ><div class='flex_cell_inner'>\n<style type=\"text\/css\" data-created_by=\"avia_inline_auto\" id=\"style-css-av-14n54-0b25d12ddd6becd2e5a3a787db00455b\">\n#top .av-special-heading.av-14n54-0b25d12ddd6becd2e5a3a787db00455b{\nmargin:0 0 0 0;\npadding-bottom:0;\ncolor:#ffffff;\n}\nbody .av-special-heading.av-14n54-0b25d12ddd6becd2e5a3a787db00455b .av-special-heading-tag .heading-char{\nfont-size:25px;\n}\n.av-special-heading.av-14n54-0b25d12ddd6becd2e5a3a787db00455b .special-heading-inner-border{\nborder-color:#ffffff;\n}\n.av-special-heading.av-14n54-0b25d12ddd6becd2e5a3a787db00455b .av-subheading{\nfont-size:15px;\n}\n<\/style>\n<div  class='av-special-heading av-14n54-0b25d12ddd6becd2e5a3a787db00455b av-special-heading-h1 custom-color-heading blockquote elegant-quote elegant-centered  avia-builder-el-2  avia-builder-el-no-sibling '><h1 class='av-special-heading-tag'  itemprop=\"headline\"  ><span class=\"heading-wrap\">T\u1ee7 \u1ea5m vi sinh<\/span><\/h1><div class=\"special-heading-border\"><div class=\"special-heading-inner-border\"><\/div><\/div><\/div>\n<\/div><\/div>\r\n<\/div>\r\n\r\n<div id='sub_top_wrap'  class='avia-section av-kpor07jt-20b9bc8d6c93d675769493444ab793ec main_color avia-section-default avia-no-border-styling  avia-builder-el-3  el_after_av_layout_row  el_before_av_one_full  avia-bg-style-scroll container_wrap fullsize'  ><div class='container av-section-cont-open' ><div class='template-page content  av-content-full alpha units'><div class='post-entry post-entry-type-page post-entry-6397'><div class='entry-content-wrapper clearfix'>\r\n<section  id=\"In_Tbox\"  class='av_textblock_section av-krn7g25y-d5b24c36955b41f2015f67895e1c4f94 '   itemscope=\"itemscope\" itemtype=\"https:\/\/schema.org\/CreativeWork\" ><div class='avia_textblock'  itemprop=\"text\" ><h2 style=\"text-align: center;\">T\u1ee7 \u1ea5m vi sinh<\/h2>\n<p style=\"text-align: center;\">\u0110\u00e2y l\u00e0 b\u1ea3ng th\u00f4ng b\u00e1o hi\u1ec7u su\u1ea5t x\u00e2y d\u1ef1ng c\u1ee7a Insong GE.<\/p>\n<\/div><\/section>\r\n<\/div><\/div><\/div><!-- close content main div --><\/div><\/div><div id='after_section_1'  class='main_color av_default_container_wrap container_wrap fullsize'  ><div class='container av-section-cont-open' ><div class='template-page content  av-content-full alpha units'><div class='post-entry post-entry-type-page post-entry-6397'><div class='entry-content-wrapper clearfix'>\r\n\r\n\n<style type=\"text\/css\" data-created_by=\"avia_inline_auto\" id=\"style-css-av-3s6cgt-0080f80e94bd0ee5b6a9b4cb4f1832ab\">\n.flex_column.av-3s6cgt-0080f80e94bd0ee5b6a9b4cb4f1832ab{\nborder-radius:0px 0px 0px 0px;\npadding:0px 0px 0px 0px;\n}\n<\/style>\n<div  class='flex_column av-3s6cgt-0080f80e94bd0ee5b6a9b4cb4f1832ab av_one_full  avia-builder-el-5  el_after_av_section  avia-builder-el-no-sibling  first flex_column_div av-zero-column-padding  '     ><section  class='av_textblock_section av-kqssco27-64a1404eac01bd414983645bff642f86 '   itemscope=\"itemscope\" itemtype=\"https:\/\/schema.org\/CreativeWork\" ><div class='avia_textblock'  itemprop=\"text\" ><div id=\"kboard-ocean-gallery-list\">\n\t<div class=\"kboard-header\">\n\t\t<!-- \uce74\ud14c\uace0\ub9ac \uc2dc\uc791 -->\n\t\t\t\t<!-- \uce74\ud14c\uace0\ub9ac \ub05d -->\n\t<\/div>\n\t\n\t<!-- \ub9ac\uc2a4\ud2b8 \uc2dc\uc791 -->\n\t<div class=\"kboard-list\">\n\t\t\t\t<div class=\"kboard-gallery-item\">\n\t\t\t<a href=\"\/vi\/wp-json\/wp\/v2\/pages\/6397?uid=126&mod=document\">\n\t\t\t\t<div class=\"kboard-gallery-thumbnail\">\n\t\t\t\t\t\t\t\t\t\t<img src=\"https:\/\/insonggeweb.mycafe24.com\/wp-content\/uploads\/kboard_thumbnails\/24\/202107\/60e654aacb7579399041-220x155.jpg\" alt=\"\ud604\uc7ac (2019~2021) 40\uc5ec\ub300\">\n\t\t\t\t\t\t\t\t\t\t<div class=\"kboard-gallery-foreground\"><img src=\"https:\/\/insonggeweb.mycafe24.com\/wp-content\/plugins\/kboard\/skin\/ocean-gallery\/images\/over-foreground.png\" alt=\"\"><\/div>\n\t\t\t\t\t<div class=\"kboard-gallery-username\">2021\/07\/08 by. \uc7a5\uc11d\uade0 \uad00\ub9ac\uc790<\/div>\n\t\t\t\t<\/div>\n\t\t\t\t<div class=\"kboard-gallery-title\">\ud604\uc7ac (2019~2021) 40\uc5ec\ub300<\/div>\n\t\t\t<\/a>\n\t\t<\/div>\n\t\t\t<div class=\"kboard-gallery-item\">\n\t\t\t<a href=\"\/vi\/wp-json\/wp\/v2\/pages\/6397?uid=125&mod=document&pageid=1\">\n\t\t\t\t<div class=\"kboard-gallery-thumbnail\">\n\t\t\t\t\t\t\t\t\t\t<img src=\"https:\/\/insonggeweb.mycafe24.com\/wp-content\/uploads\/kboard_thumbnails\/24\/202107\/60e6546507d3b2476789-220x155.jpg\" alt=\"\ud604\uc7ac (2019~2021) 40\uc5ec\ub300\">\n\t\t\t\t\t\t\t\t\t\t<div class=\"kboard-gallery-foreground\"><img src=\"https:\/\/insonggeweb.mycafe24.com\/wp-content\/plugins\/kboard\/skin\/ocean-gallery\/images\/over-foreground.png\" alt=\"\"><\/div>\n\t\t\t\t\t<div class=\"kboard-gallery-username\">2021\/07\/08 by. \uc7a5\uc11d\uade0 \uad00\ub9ac\uc790<\/div>\n\t\t\t\t<\/div>\n\t\t\t\t<div class=\"kboard-gallery-title\">\ud604\uc7ac (2019~2021) 40\uc5ec\ub300<\/div>\n\t\t\t<\/a>\n\t\t<\/div>\n\t\t\t<div class=\"kboard-gallery-item\">\n\t\t\t<a href=\"\/vi\/wp-json\/wp\/v2\/pages\/6397?uid=124&mod=document&pageid=1\">\n\t\t\t\t<div class=\"kboard-gallery-thumbnail\">\n\t\t\t\t\t\t\t\t\t\t<img src=\"https:\/\/insonggeweb.mycafe24.com\/wp-content\/uploads\/kboard_thumbnails\/24\/202107\/60e654494e0a75667119-220x155.jpg\" alt=\"\ud604\uc7ac (2019~2021) 40\uc5ec\ub300\">\n\t\t\t\t\t\t\t\t\t\t<div class=\"kboard-gallery-foreground\"><img src=\"https:\/\/insonggeweb.mycafe24.com\/wp-content\/plugins\/kboard\/skin\/ocean-gallery\/images\/over-foreground.png\" alt=\"\"><\/div>\n\t\t\t\t\t<div class=\"kboard-gallery-username\">2021\/07\/08 by. \uc7a5\uc11d\uade0 \uad00\ub9ac\uc790<\/div>\n\t\t\t\t<\/div>\n\t\t\t\t<div class=\"kboard-gallery-title\">\ud604\uc7ac (2019~2021) 40\uc5ec\ub300<\/div>\n\t\t\t<\/a>\n\t\t<\/div>\n\t\t\t<div class=\"kboard-gallery-item\">\n\t\t\t<a href=\"\/vi\/wp-json\/wp\/v2\/pages\/6397?uid=123&mod=document&pageid=1\">\n\t\t\t\t<div class=\"kboard-gallery-thumbnail\">\n\t\t\t\t\t\t\t\t\t\t<img src=\"https:\/\/insonggeweb.mycafe24.com\/wp-content\/uploads\/kboard_thumbnails\/24\/202107\/60e65427efee21604541-220x155.jpg\" alt=\"\ud604\uc7ac (2019~2021) 40\uc5ec\ub300\">\n\t\t\t\t\t\t\t\t\t\t<div class=\"kboard-gallery-foreground\"><img src=\"https:\/\/insonggeweb.mycafe24.com\/wp-content\/plugins\/kboard\/skin\/ocean-gallery\/images\/over-foreground.png\" alt=\"\"><\/div>\n\t\t\t\t\t<div class=\"kboard-gallery-username\">2021\/07\/08 by. \uc7a5\uc11d\uade0 \uad00\ub9ac\uc790<\/div>\n\t\t\t\t<\/div>\n\t\t\t\t<div class=\"kboard-gallery-title\">\ud604\uc7ac (2019~2021) 40\uc5ec\ub300<\/div>\n\t\t\t<\/a>\n\t\t<\/div>\n\t\t\t<div class=\"kboard-gallery-item\">\n\t\t\t<a href=\"\/vi\/wp-json\/wp\/v2\/pages\/6397?uid=122&mod=document&pageid=1\">\n\t\t\t\t<div class=\"kboard-gallery-thumbnail\">\n\t\t\t\t\t\t\t\t\t\t<img src=\"https:\/\/insonggeweb.mycafe24.com\/wp-content\/uploads\/kboard_thumbnails\/24\/202107\/60e65413442274512054-220x155.jpg\" alt=\"\ud604\uc7ac (2019~2021) 40\uc5ec\ub300\">\n\t\t\t\t\t\t\t\t\t\t<div class=\"kboard-gallery-foreground\"><img src=\"https:\/\/insonggeweb.mycafe24.com\/wp-content\/plugins\/kboard\/skin\/ocean-gallery\/images\/over-foreground.png\" alt=\"\"><\/div>\n\t\t\t\t\t<div class=\"kboard-gallery-username\">2021\/07\/08 by. \uc7a5\uc11d\uade0 \uad00\ub9ac\uc790<\/div>\n\t\t\t\t<\/div>\n\t\t\t\t<div class=\"kboard-gallery-title\">\ud604\uc7ac (2019~2021) 40\uc5ec\ub300<\/div>\n\t\t\t<\/a>\n\t\t<\/div>\n\t\t\t<div class=\"kboard-gallery-item\">\n\t\t\t<a href=\"\/vi\/wp-json\/wp\/v2\/pages\/6397?uid=121&mod=document&pageid=1\">\n\t\t\t\t<div class=\"kboard-gallery-thumbnail\">\n\t\t\t\t\t\t\t\t\t\t<img src=\"https:\/\/insonggeweb.mycafe24.com\/wp-content\/uploads\/kboard_thumbnails\/24\/202107\/60e653fc8b3162928345-220x155.jpg\" alt=\"\ud604\uc7ac (2019~2021) 40\uc5ec\ub300\">\n\t\t\t\t\t\t\t\t\t\t<div class=\"kboard-gallery-foreground\"><img src=\"https:\/\/insonggeweb.mycafe24.com\/wp-content\/plugins\/kboard\/skin\/ocean-gallery\/images\/over-foreground.png\" alt=\"\"><\/div>\n\t\t\t\t\t<div class=\"kboard-gallery-username\">2021\/07\/08 by. \uc7a5\uc11d\uade0 \uad00\ub9ac\uc790<\/div>\n\t\t\t\t<\/div>\n\t\t\t\t<div class=\"kboard-gallery-title\">\ud604\uc7ac (2019~2021) 40\uc5ec\ub300<\/div>\n\t\t\t<\/a>\n\t\t<\/div>\n\t\t\t<div class=\"kboard-gallery-item\">\n\t\t\t<a href=\"\/vi\/wp-json\/wp\/v2\/pages\/6397?uid=120&mod=document&pageid=1\">\n\t\t\t\t<div class=\"kboard-gallery-thumbnail\">\n\t\t\t\t\t\t\t\t\t\t<img src=\"https:\/\/insonggeweb.mycafe24.com\/wp-content\/uploads\/kboard_thumbnails\/24\/202107\/60e653e62d4bc5631628-220x155.jpg\" alt=\"\ud604\uc7ac (2019~2021) 40\uc5ec\ub300\">\n\t\t\t\t\t\t\t\t\t\t<div class=\"kboard-gallery-foreground\"><img src=\"https:\/\/insonggeweb.mycafe24.com\/wp-content\/plugins\/kboard\/skin\/ocean-gallery\/images\/over-foreground.png\" alt=\"\"><\/div>\n\t\t\t\t\t<div class=\"kboard-gallery-username\">2021\/07\/08 by. \uc7a5\uc11d\uade0 \uad00\ub9ac\uc790<\/div>\n\t\t\t\t<\/div>\n\t\t\t\t<div class=\"kboard-gallery-title\">\ud604\uc7ac (2019~2021) 40\uc5ec\ub300<\/div>\n\t\t\t<\/a>\n\t\t<\/div>\n\t\t\t<div class=\"kboard-gallery-item\">\n\t\t\t<a href=\"\/vi\/wp-json\/wp\/v2\/pages\/6397?uid=119&mod=document&pageid=1\">\n\t\t\t\t<div class=\"kboard-gallery-thumbnail\">\n\t\t\t\t\t\t\t\t\t\t<img src=\"https:\/\/insonggeweb.mycafe24.com\/wp-content\/uploads\/kboard_thumbnails\/24\/202107\/60e653cfb3c141680524-220x155.jpg\" alt=\"\ud604\uc7ac (2019~2021) 40\uc5ec\ub300\">\n\t\t\t\t\t\t\t\t\t\t<div class=\"kboard-gallery-foreground\"><img src=\"https:\/\/insonggeweb.mycafe24.com\/wp-content\/plugins\/kboard\/skin\/ocean-gallery\/images\/over-foreground.png\" alt=\"\"><\/div>\n\t\t\t\t\t<div class=\"kboard-gallery-username\">2021\/07\/08 by. \uc7a5\uc11d\uade0 \uad00\ub9ac\uc790<\/div>\n\t\t\t\t<\/div>\n\t\t\t\t<div class=\"kboard-gallery-title\">\ud604\uc7ac (2019~2021) 40\uc5ec\ub300<\/div>\n\t\t\t<\/a>\n\t\t<\/div>\n\t\t\t<div class=\"kboard-gallery-item\">\n\t\t\t<a href=\"\/vi\/wp-json\/wp\/v2\/pages\/6397?uid=118&mod=document&pageid=1\">\n\t\t\t\t<div class=\"kboard-gallery-thumbnail\">\n\t\t\t\t\t\t\t\t\t\t<img src=\"https:\/\/insonggeweb.mycafe24.com\/wp-content\/uploads\/kboard_thumbnails\/24\/202107\/60e653b94e7ca3668078-220x155.jpg\" alt=\"\ud604\uc7ac (2019~2021) 40\uc5ec\ub300\">\n\t\t\t\t\t\t\t\t\t\t<div class=\"kboard-gallery-foreground\"><img src=\"https:\/\/insonggeweb.mycafe24.com\/wp-content\/plugins\/kboard\/skin\/ocean-gallery\/images\/over-foreground.png\" alt=\"\"><\/div>\n\t\t\t\t\t<div class=\"kboard-gallery-username\">2021\/07\/08 by. \uc7a5\uc11d\uade0 \uad00\ub9ac\uc790<\/div>\n\t\t\t\t<\/div>\n\t\t\t\t<div class=\"kboard-gallery-title\">\ud604\uc7ac (2019~2021) 40\uc5ec\ub300<\/div>\n\t\t\t<\/a>\n\t\t<\/div>\n\t\t\t<div class=\"kboard-gallery-item\">\n\t\t\t<a href=\"\/vi\/wp-json\/wp\/v2\/pages\/6397?uid=117&mod=document&pageid=1\">\n\t\t\t\t<div class=\"kboard-gallery-thumbnail\">\n\t\t\t\t\t\t\t\t\t\t<img src=\"https:\/\/insonggeweb.mycafe24.com\/wp-content\/uploads\/kboard_thumbnails\/24\/202107\/60e6539b4f8765438671-220x155.jpg\" alt=\"\ud604\uc7ac (2019~2021) 40\uc5ec\ub300\">\n\t\t\t\t\t\t\t\t\t\t<div class=\"kboard-gallery-foreground\"><img src=\"https:\/\/insonggeweb.mycafe24.com\/wp-content\/plugins\/kboard\/skin\/ocean-gallery\/images\/over-foreground.png\" alt=\"\"><\/div>\n\t\t\t\t\t<div class=\"kboard-gallery-username\">2021\/07\/08 by. \uc7a5\uc11d\uade0 \uad00\ub9ac\uc790<\/div>\n\t\t\t\t<\/div>\n\t\t\t\t<div class=\"kboard-gallery-title\">\ud604\uc7ac (2019~2021) 40\uc5ec\ub300<\/div>\n\t\t\t<\/a>\n\t\t<\/div>\n\t\t\t<div class=\"kboard-gallery-item\">\n\t\t\t<a href=\"\/vi\/wp-json\/wp\/v2\/pages\/6397?uid=116&mod=document&pageid=1\">\n\t\t\t\t<div class=\"kboard-gallery-thumbnail\">\n\t\t\t\t\t\t\t\t\t\t<img src=\"https:\/\/insonggeweb.mycafe24.com\/wp-content\/uploads\/kboard_thumbnails\/24\/202107\/60e65381965048895537-220x155.jpg\" alt=\"\ud604\uc7ac (2019~2021) 40\uc5ec\ub300\">\n\t\t\t\t\t\t\t\t\t\t<div class=\"kboard-gallery-foreground\"><img src=\"https:\/\/insonggeweb.mycafe24.com\/wp-content\/plugins\/kboard\/skin\/ocean-gallery\/images\/over-foreground.png\" alt=\"\"><\/div>\n\t\t\t\t\t<div class=\"kboard-gallery-username\">2021\/07\/08 by. \uc7a5\uc11d\uade0 \uad00\ub9ac\uc790<\/div>\n\t\t\t\t<\/div>\n\t\t\t\t<div class=\"kboard-gallery-title\">\ud604\uc7ac (2019~2021) 40\uc5ec\ub300<\/div>\n\t\t\t<\/a>\n\t\t<\/div>\n\t\t\t<div class=\"kboard-gallery-item\">\n\t\t\t<a href=\"\/vi\/wp-json\/wp\/v2\/pages\/6397?uid=115&mod=document&pageid=1\">\n\t\t\t\t<div class=\"kboard-gallery-thumbnail\">\n\t\t\t\t\t\t\t\t\t\t<img src=\"https:\/\/insonggeweb.mycafe24.com\/wp-content\/uploads\/kboard_thumbnails\/24\/202107\/60e6536a601458862996-220x155.jpg\" alt=\"\ud604\uc7ac (2019~2021) 40\uc5ec\ub300\">\n\t\t\t\t\t\t\t\t\t\t<div class=\"kboard-gallery-foreground\"><img src=\"https:\/\/insonggeweb.mycafe24.com\/wp-content\/plugins\/kboard\/skin\/ocean-gallery\/images\/over-foreground.png\" alt=\"\"><\/div>\n\t\t\t\t\t<div class=\"kboard-gallery-username\">2021\/07\/08 by. \uc7a5\uc11d\uade0 \uad00\ub9ac\uc790<\/div>\n\t\t\t\t<\/div>\n\t\t\t\t<div class=\"kboard-gallery-title\">\ud604\uc7ac (2019~2021) 40\uc5ec\ub300<\/div>\n\t\t\t<\/a>\n\t\t<\/div>\n\t\t\t<div class=\"kboard-gallery-item\">\n\t\t\t<a href=\"\/vi\/wp-json\/wp\/v2\/pages\/6397?uid=114&mod=document&pageid=1\">\n\t\t\t\t<div class=\"kboard-gallery-thumbnail\">\n\t\t\t\t\t\t\t\t\t\t<img src=\"https:\/\/insonggeweb.mycafe24.com\/wp-content\/uploads\/kboard_thumbnails\/24\/202107\/60e6532bcbad41187963-220x155.jpg\" alt=\"\ud604\uc7ac (2019~2021) 40\uc5ec\ub300\">\n\t\t\t\t\t\t\t\t\t\t<div class=\"kboard-gallery-foreground\"><img src=\"https:\/\/insonggeweb.mycafe24.com\/wp-content\/plugins\/kboard\/skin\/ocean-gallery\/images\/over-foreground.png\" alt=\"\"><\/div>\n\t\t\t\t\t<div class=\"kboard-gallery-username\">2021\/07\/08 by. \uc7a5\uc11d\uade0 \uad00\ub9ac\uc790<\/div>\n\t\t\t\t<\/div>\n\t\t\t\t<div class=\"kboard-gallery-title\">\ud604\uc7ac (2019~2021) 40\uc5ec\ub300<\/div>\n\t\t\t<\/a>\n\t\t<\/div>\n\t\t\t<div class=\"kboard-gallery-item\">\n\t\t\t<a href=\"\/vi\/wp-json\/wp\/v2\/pages\/6397?uid=113&mod=document&pageid=1\">\n\t\t\t\t<div class=\"kboard-gallery-thumbnail\">\n\t\t\t\t\t\t\t\t\t\t<img src=\"https:\/\/insonggeweb.mycafe24.com\/wp-content\/uploads\/kboard_thumbnails\/24\/202107\/60e6530e481bf6866376-220x155.jpg\" alt=\"\ud604\uc7ac (2019~2021) 40\uc5ec\ub300\">\n\t\t\t\t\t\t\t\t\t\t<div class=\"kboard-gallery-foreground\"><img src=\"https:\/\/insonggeweb.mycafe24.com\/wp-content\/plugins\/kboard\/skin\/ocean-gallery\/images\/over-foreground.png\" alt=\"\"><\/div>\n\t\t\t\t\t<div class=\"kboard-gallery-username\">2021\/07\/08 by. \uc7a5\uc11d\uade0 \uad00\ub9ac\uc790<\/div>\n\t\t\t\t<\/div>\n\t\t\t\t<div class=\"kboard-gallery-title\">\ud604\uc7ac (2019~2021) 40\uc5ec\ub300<\/div>\n\t\t\t<\/a>\n\t\t<\/div>\n\t\t\t<div class=\"kboard-gallery-item\">\n\t\t\t<a href=\"\/vi\/wp-json\/wp\/v2\/pages\/6397?uid=112&mod=document&pageid=1\">\n\t\t\t\t<div class=\"kboard-gallery-thumbnail\">\n\t\t\t\t\t\t\t\t\t\t<img src=\"https:\/\/insonggeweb.mycafe24.com\/wp-content\/uploads\/kboard_thumbnails\/24\/202107\/60e652cff04e97528808-220x155.jpg\" alt=\"\ud604\uc7ac (2019~2021) 40\uc5ec\ub300\">\n\t\t\t\t\t\t\t\t\t\t<div class=\"kboard-gallery-foreground\"><img src=\"https:\/\/insonggeweb.mycafe24.com\/wp-content\/plugins\/kboard\/skin\/ocean-gallery\/images\/over-foreground.png\" alt=\"\"><\/div>\n\t\t\t\t\t<div class=\"kboard-gallery-username\">2021\/07\/08 by. \uc7a5\uc11d\uade0 \uad00\ub9ac\uc790<\/div>\n\t\t\t\t<\/div>\n\t\t\t\t<div class=\"kboard-gallery-title\">\ud604\uc7ac (2019~2021) 40\uc5ec\ub300<\/div>\n\t\t\t<\/a>\n\t\t<\/div>\n\t\t\t<div class=\"kboard-gallery-item\">\n\t\t\t<a href=\"\/vi\/wp-json\/wp\/v2\/pages\/6397?uid=111&mod=document&pageid=1\">\n\t\t\t\t<div class=\"kboard-gallery-thumbnail\">\n\t\t\t\t\t\t\t\t\t\t<img src=\"https:\/\/insonggeweb.mycafe24.com\/wp-content\/uploads\/kboard_thumbnails\/24\/202107\/60e652b58f9885518983-220x155.jpg\" alt=\"\ud604\uc7ac (2019~2021) 40\uc5ec\ub300\">\n\t\t\t\t\t\t\t\t\t\t<div class=\"kboard-gallery-foreground\"><img src=\"https:\/\/insonggeweb.mycafe24.com\/wp-content\/plugins\/kboard\/skin\/ocean-gallery\/images\/over-foreground.png\" alt=\"\"><\/div>\n\t\t\t\t\t<div class=\"kboard-gallery-username\">2021\/07\/08 by. \uc7a5\uc11d\uade0 \uad00\ub9ac\uc790<\/div>\n\t\t\t\t<\/div>\n\t\t\t\t<div class=\"kboard-gallery-title\">\ud604\uc7ac (2019~2021) 40\uc5ec\ub300<\/div>\n\t\t\t<\/a>\n\t\t<\/div>\n\t\t<\/div>\n\t<!-- \ub9ac\uc2a4\ud2b8 \ub05d -->\n\t\n\t<!-- \ud398\uc774\uc9d5 \uc2dc\uc791 -->\n\t<div class=\"kboard-pagination\">\n\t\t<ul class=\"kboard-pagination-pages\">\n\t\t\t<li class=\"active\"><a href=\"?pageid=1&mod=list\" onclick=\"return false\">1<\/a><\/li><li><a href=\"?pageid=2&mod=list\">2<\/a><\/li><li><a href=\"?pageid=3&mod=list\">3<\/a><\/li><li><a href=\"?pageid=4&mod=list\">4<\/a><\/li><li class=\"next-page\"><a href=\"?pageid=2&mod=list\">\u00bb<\/a><\/li><li class=\"last-page\"><a href=\"?pageid=4&mod=list\">Last<\/a><\/li>\t\t<\/ul>\n\t<\/div>\n\t<!-- \ud398\uc774\uc9d5 \ub05d -->\n\t<form id=\"kboard-search-form-24\" method=\"get\" action=\"\/vi\/wp-json\/wp\/v2\/pages\/6397?pageid=1\">\n\t\t<input type=\"hidden\" name=\"mod\" value=\"list\"><input type=\"hidden\" name=\"pageid\" value=\"1\">\t\t\n\t\t<div class=\"kboard-search\">\n\t\t\t<select name=\"target\">\n\t\t\t\t<option value=\"\">T\u1ea5t c\u1ea3 c\u00e1c<\/option>\n\t\t\t\t<option value=\"title\">Ti\u00eau \u0111\u1ec1<\/option>\n\t\t\t\t<option value=\"content\">N\u1ed9i dung<\/option>\n\t\t\t\t<option value=\"member_display\">T\u00e1c gi\u1ea3<\/option>\n\t\t\t<\/select>\n\t\t\t<input type=\"text\" name=\"keyword\" value=\"\">\n\t\t\t<button type=\"submit\" class=\"kboard-ocean-gallery-button-small\">T\u00ecm ki\u1ebfm<\/button>\n\t\t<\/div>\n\t<\/form>\n\t\n\t\t\n\t<\/div>\n<\/div><\/section><\/div>","protected":false},"excerpt":{"rendered":"","protected":false},"author":2,"featured_media":0,"parent":0,"menu_order":0,"comment_status":"closed","ping_status":"closed","template":"","meta":{"footnotes":""},"_links":{"self":[{"href":"https:\/\/insonggeweb.mycafe24.com\/vi\/wp-json\/wp\/v2\/pages\/6397"}],"collection":[{"href":"https:\/\/insonggeweb.mycafe24.com\/vi\/wp-json\/wp\/v2\/pages"}],"about":[{"href":"https:\/\/insonggeweb.mycafe24.com\/vi\/wp-json\/wp\/v2\/types\/page"}],"author":[{"embeddable":true,"href":"https:\/\/insonggeweb.mycafe24.com\/vi\/wp-json\/wp\/v2\/users\/2"}],"replies":[{"embeddable":true,"href":"https:\/\/insonggeweb.mycafe24.com\/vi\/wp-json\/wp\/v2\/comments?post=6397"}],"version-history":[{"count":8,"href":"https:\/\/insonggeweb.mycafe24.com\/vi\/wp-json\/wp\/v2\/pages\/6397\/revisions"}],"predecessor-version":[{"id":11761,"href":"https:\/\/insonggeweb.mycafe24.com\/vi\/wp-json\/wp\/v2\/pages\/6397\/revisions\/11761"}],"wp:attachment":[{"href":"https:\/\/insonggeweb.mycafe24.com\/vi\/wp-json\/wp\/v2\/media?parent=6397"}],"curies":[{"name":"wp","href":"https:\/\/api.w.org\/{rel}","templated":true}]}}