{"id":6398,"date":"2021-07-06T17:59:38","date_gmt":"2021-07-06T08:59:38","guid":{"rendered":"https:\/\/insonggecorp.cafe24.com\/construction-performance\/"},"modified":"2025-11-11T09:03:26","modified_gmt":"2025-11-11T00:03:26","slug":"construction-performance","status":"publish","type":"page","link":"https:\/\/insonggeweb.mycafe24.com\/vi\/construction-performance\/","title":{"rendered":"m\u00e1y t\u00e1ch r\u1eafn-l\u1ecfng"},"content":{"rendered":"<div id='av-layout-grid-1'  class='av-layout-grid-container av-20860-5a23ce3da0153b4d00fac0105b76b094 entry-content-wrapper main_color av-flex-cells  avia-builder-el-0  el_before_av_section  avia-builder-el-first  sudam-olta  container_wrap fullsize'  >\r\n\n<style type=\"text\/css\" data-created_by=\"avia_inline_auto\" id=\"style-css-av-1ldoc-e4b597d8872107195cad1cebd4b0fb54\">\n.flex_cell.av-1ldoc-e4b597d8872107195cad1cebd4b0fb54{\nvertical-align:top;\nbackground:url(https:\/\/insonggeweb.mycafe24.com\/wp-content\/uploads\/2021\/08\/insong_sub_13.png) 50% 50% no-repeat scroll ;\n}\n.responsive #top #wrap_all .flex_cell.av-1ldoc-e4b597d8872107195cad1cebd4b0fb54{\npadding:0px 0px 0px 0px !important;\n}\n<\/style>\n<div class='flex_cell av-1ldoc-e4b597d8872107195cad1cebd4b0fb54 av-gridrow-cell av_one_full no_margin  avia-builder-el-1  avia-builder-el-no-sibling  sudam-title av-zero-padding'  ><div class='flex_cell_inner'>\n<style type=\"text\/css\" data-created_by=\"avia_inline_auto\" id=\"style-css-av-14n54-5cb0a0866ee4aca08354be44632b8a55\">\n#top .av-special-heading.av-14n54-5cb0a0866ee4aca08354be44632b8a55{\nmargin:0 0 0 0;\npadding-bottom:0;\ncolor:#ffffff;\n}\nbody .av-special-heading.av-14n54-5cb0a0866ee4aca08354be44632b8a55 .av-special-heading-tag .heading-char{\nfont-size:25px;\n}\n.av-special-heading.av-14n54-5cb0a0866ee4aca08354be44632b8a55 .special-heading-inner-border{\nborder-color:#ffffff;\n}\n.av-special-heading.av-14n54-5cb0a0866ee4aca08354be44632b8a55 .av-subheading{\nfont-size:15px;\n}\n<\/style>\n<div  class='av-special-heading av-14n54-5cb0a0866ee4aca08354be44632b8a55 av-special-heading-h1 custom-color-heading blockquote elegant-quote elegant-centered  avia-builder-el-2  avia-builder-el-no-sibling '><h1 class='av-special-heading-tag'  itemprop=\"headline\"  ><span class=\"heading-wrap\">m\u00e1y t\u00e1ch r\u1eafn-l\u1ecfng<\/span><\/h1><div class=\"special-heading-border\"><div class=\"special-heading-inner-border\"><\/div><\/div><\/div>\n<\/div><\/div>\r\n<\/div>\r\n\r\n<div id='sub_top_wrap'  class='avia-section av-kpor07jt-20b9bc8d6c93d675769493444ab793ec main_color avia-section-default avia-no-border-styling  avia-builder-el-3  el_after_av_layout_row  el_before_av_one_full  avia-bg-style-scroll container_wrap fullsize'  ><div class='container av-section-cont-open' ><div class='template-page content  av-content-full alpha units'><div class='post-entry post-entry-type-page post-entry-6398'><div class='entry-content-wrapper clearfix'>\r\n<section  id=\"In_Tbox\"  class='av_textblock_section av-krn7am9o-64a30fdd8382bf7b0ddd81ad31fdcc0a '   itemscope=\"itemscope\" itemtype=\"https:\/\/schema.org\/CreativeWork\" ><div class='avia_textblock'  itemprop=\"text\" ><h2 style=\"text-align: center;\">m\u00e1y t\u00e1ch r\u1eafn-l\u1ecfng<\/h2>\n<p style=\"text-align: center;\">\u0110\u00e2y l\u00e0 b\u1ea3ng th\u00f4ng b\u00e1o hi\u1ec7u su\u1ea5t x\u00e2y d\u1ef1ng c\u1ee7a Insong GE.<\/p>\n<\/div><\/section>\r\n<\/div><\/div><\/div><!-- close content main div --><\/div><\/div><div id='after_section_1'  class='main_color av_default_container_wrap container_wrap fullsize'  ><div class='container av-section-cont-open' ><div class='template-page content  av-content-full alpha units'><div class='post-entry post-entry-type-page post-entry-6398'><div class='entry-content-wrapper clearfix'>\r\n\r\n\n<style type=\"text\/css\" data-created_by=\"avia_inline_auto\" id=\"style-css-av-3s6cgt-0080f80e94bd0ee5b6a9b4cb4f1832ab\">\n.flex_column.av-3s6cgt-0080f80e94bd0ee5b6a9b4cb4f1832ab{\nborder-radius:0px 0px 0px 0px;\npadding:0px 0px 0px 0px;\n}\n<\/style>\n<div  class='flex_column av-3s6cgt-0080f80e94bd0ee5b6a9b4cb4f1832ab av_one_full  avia-builder-el-5  el_after_av_section  avia-builder-el-no-sibling  first flex_column_div av-zero-column-padding  '     ><section  class='av_textblock_section av-kro852la-5c1a406dad01f746a227b6c954693662 '   itemscope=\"itemscope\" itemtype=\"https:\/\/schema.org\/CreativeWork\" ><div class='avia_textblock'  itemprop=\"text\" ><div id=\"kboard-ocean-gallery-list\">\n\t<div class=\"kboard-header\">\n\t\t<!-- \uce74\ud14c\uace0\ub9ac \uc2dc\uc791 -->\n\t\t\t\t<!-- \uce74\ud14c\uace0\ub9ac \ub05d -->\n\t<\/div>\n\t\n\t<!-- \ub9ac\uc2a4\ud2b8 \uc2dc\uc791 -->\n\t<div class=\"kboard-list\">\n\t\t\t\t<div class=\"kboard-gallery-item\">\n\t\t\t<a href=\"\/vi\/wp-json\/wp\/v2\/pages\/6398?uid=247&mod=document\">\n\t\t\t\t<div class=\"kboard-gallery-thumbnail\">\n\t\t\t\t\t\t\t\t\t\t<img src=\"https:\/\/insonggeweb.mycafe24.com\/wp-content\/uploads\/kboard_thumbnails\/22\/202107\/610211900e11c9445592-220x155.jpg\" alt=\"\uace0\uc561\ubd84\ub9ac\uae30\">\n\t\t\t\t\t\t\t\t\t\t<div class=\"kboard-gallery-foreground\"><img src=\"https:\/\/insonggeweb.mycafe24.com\/wp-content\/plugins\/kboard\/skin\/ocean-gallery\/images\/over-foreground.png\" alt=\"\"><\/div>\n\t\t\t\t\t<div class=\"kboard-gallery-username\">2021\/07\/29 by. \uc7a5\uc11d\uade0 \uad00\ub9ac\uc790<\/div>\n\t\t\t\t<\/div>\n\t\t\t\t<div class=\"kboard-gallery-title\">\uace0\uc561\ubd84\ub9ac\uae30<\/div>\n\t\t\t<\/a>\n\t\t<\/div>\n\t\t\t<div class=\"kboard-gallery-item\">\n\t\t\t<a href=\"\/vi\/wp-json\/wp\/v2\/pages\/6398?uid=246&mod=document&pageid=1\">\n\t\t\t\t<div class=\"kboard-gallery-thumbnail\">\n\t\t\t\t\t\t\t\t\t\t<img src=\"https:\/\/insonggeweb.mycafe24.com\/wp-content\/uploads\/kboard_thumbnails\/22\/202107\/6102116be59ab6207597-220x155.jpg\" alt=\"\uace0\uc561\ubd84\ub9ac\uae30\">\n\t\t\t\t\t\t\t\t\t\t<div class=\"kboard-gallery-foreground\"><img src=\"https:\/\/insonggeweb.mycafe24.com\/wp-content\/plugins\/kboard\/skin\/ocean-gallery\/images\/over-foreground.png\" alt=\"\"><\/div>\n\t\t\t\t\t<div class=\"kboard-gallery-username\">2021\/07\/29 by. \uc7a5\uc11d\uade0 \uad00\ub9ac\uc790<\/div>\n\t\t\t\t<\/div>\n\t\t\t\t<div class=\"kboard-gallery-title\">\uace0\uc561\ubd84\ub9ac\uae30<\/div>\n\t\t\t<\/a>\n\t\t<\/div>\n\t\t\t<div class=\"kboard-gallery-item\">\n\t\t\t<a href=\"\/vi\/wp-json\/wp\/v2\/pages\/6398?uid=245&mod=document&pageid=1\">\n\t\t\t\t<div class=\"kboard-gallery-thumbnail\">\n\t\t\t\t\t\t\t\t\t\t<img src=\"https:\/\/insonggeweb.mycafe24.com\/wp-content\/uploads\/kboard_thumbnails\/22\/202107\/610211452c99c6251213-220x155.jpg\" alt=\"\uace0\uc561\ubd84\ub9ac\uae30\">\n\t\t\t\t\t\t\t\t\t\t<div class=\"kboard-gallery-foreground\"><img src=\"https:\/\/insonggeweb.mycafe24.com\/wp-content\/plugins\/kboard\/skin\/ocean-gallery\/images\/over-foreground.png\" alt=\"\"><\/div>\n\t\t\t\t\t<div class=\"kboard-gallery-username\">2021\/07\/29 by. \uc7a5\uc11d\uade0 \uad00\ub9ac\uc790<\/div>\n\t\t\t\t<\/div>\n\t\t\t\t<div class=\"kboard-gallery-title\">\uace0\uc561\ubd84\ub9ac\uae30<\/div>\n\t\t\t<\/a>\n\t\t<\/div>\n\t\t\t<div class=\"kboard-gallery-item\">\n\t\t\t<a href=\"\/vi\/wp-json\/wp\/v2\/pages\/6398?uid=244&mod=document&pageid=1\">\n\t\t\t\t<div class=\"kboard-gallery-thumbnail\">\n\t\t\t\t\t\t\t\t\t\t<img src=\"https:\/\/insonggeweb.mycafe24.com\/wp-content\/uploads\/kboard_thumbnails\/22\/202107\/6102111b9c43c6854936-220x155.jpg\" alt=\"\uace0\uc561\ubd84\ub9ac\uae30\">\n\t\t\t\t\t\t\t\t\t\t<div class=\"kboard-gallery-foreground\"><img src=\"https:\/\/insonggeweb.mycafe24.com\/wp-content\/plugins\/kboard\/skin\/ocean-gallery\/images\/over-foreground.png\" alt=\"\"><\/div>\n\t\t\t\t\t<div class=\"kboard-gallery-username\">2021\/07\/29 by. \uc7a5\uc11d\uade0 \uad00\ub9ac\uc790<\/div>\n\t\t\t\t<\/div>\n\t\t\t\t<div class=\"kboard-gallery-title\">\uace0\uc561\ubd84\ub9ac\uae30<\/div>\n\t\t\t<\/a>\n\t\t<\/div>\n\t\t\t<div class=\"kboard-gallery-item\">\n\t\t\t<a href=\"\/vi\/wp-json\/wp\/v2\/pages\/6398?uid=243&mod=document&pageid=1\">\n\t\t\t\t<div class=\"kboard-gallery-thumbnail\">\n\t\t\t\t\t\t\t\t\t\t<img src=\"https:\/\/insonggeweb.mycafe24.com\/wp-content\/uploads\/kboard_thumbnails\/22\/202107\/610210ed6763f6267665-220x155.jpg\" alt=\"\uace0\uc561\ubd84\ub9ac\uae30\">\n\t\t\t\t\t\t\t\t\t\t<div class=\"kboard-gallery-foreground\"><img src=\"https:\/\/insonggeweb.mycafe24.com\/wp-content\/plugins\/kboard\/skin\/ocean-gallery\/images\/over-foreground.png\" alt=\"\"><\/div>\n\t\t\t\t\t<div class=\"kboard-gallery-username\">2021\/07\/29 by. \uc7a5\uc11d\uade0 \uad00\ub9ac\uc790<\/div>\n\t\t\t\t<\/div>\n\t\t\t\t<div class=\"kboard-gallery-title\">\uace0\uc561\ubd84\ub9ac\uae30<\/div>\n\t\t\t<\/a>\n\t\t<\/div>\n\t\t\t<div class=\"kboard-gallery-item\">\n\t\t\t<a href=\"\/vi\/wp-json\/wp\/v2\/pages\/6398?uid=242&mod=document&pageid=1\">\n\t\t\t\t<div class=\"kboard-gallery-thumbnail\">\n\t\t\t\t\t\t\t\t\t\t<img src=\"https:\/\/insonggeweb.mycafe24.com\/wp-content\/uploads\/kboard_thumbnails\/22\/202107\/610210c074dd22061959-220x155.jpg\" alt=\"\uace0\uc561\ubd84\ub9ac\uae30\">\n\t\t\t\t\t\t\t\t\t\t<div class=\"kboard-gallery-foreground\"><img src=\"https:\/\/insonggeweb.mycafe24.com\/wp-content\/plugins\/kboard\/skin\/ocean-gallery\/images\/over-foreground.png\" alt=\"\"><\/div>\n\t\t\t\t\t<div class=\"kboard-gallery-username\">2021\/07\/29 by. \uc7a5\uc11d\uade0 \uad00\ub9ac\uc790<\/div>\n\t\t\t\t<\/div>\n\t\t\t\t<div class=\"kboard-gallery-title\">\uace0\uc561\ubd84\ub9ac\uae30<\/div>\n\t\t\t<\/a>\n\t\t<\/div>\n\t\t\t<div class=\"kboard-gallery-item\">\n\t\t\t<a href=\"\/vi\/wp-json\/wp\/v2\/pages\/6398?uid=241&mod=document&pageid=1\">\n\t\t\t\t<div class=\"kboard-gallery-thumbnail\">\n\t\t\t\t\t\t\t\t\t\t<img src=\"https:\/\/insonggeweb.mycafe24.com\/wp-content\/uploads\/kboard_thumbnails\/22\/202107\/610210a8d45db3314689-220x155.jpg\" alt=\"\uace0\uc561\ubd84\ub9ac\uae30\">\n\t\t\t\t\t\t\t\t\t\t<div class=\"kboard-gallery-foreground\"><img src=\"https:\/\/insonggeweb.mycafe24.com\/wp-content\/plugins\/kboard\/skin\/ocean-gallery\/images\/over-foreground.png\" alt=\"\"><\/div>\n\t\t\t\t\t<div class=\"kboard-gallery-username\">2021\/07\/29 by. \uc7a5\uc11d\uade0 \uad00\ub9ac\uc790<\/div>\n\t\t\t\t<\/div>\n\t\t\t\t<div class=\"kboard-gallery-title\">\uace0\uc561\ubd84\ub9ac\uae30<\/div>\n\t\t\t<\/a>\n\t\t<\/div>\n\t\t\t<div class=\"kboard-gallery-item\">\n\t\t\t<a href=\"\/vi\/wp-json\/wp\/v2\/pages\/6398?uid=240&mod=document&pageid=1\">\n\t\t\t\t<div class=\"kboard-gallery-thumbnail\">\n\t\t\t\t\t\t\t\t\t\t<img src=\"https:\/\/insonggeweb.mycafe24.com\/wp-content\/uploads\/kboard_thumbnails\/22\/202107\/61021099144c62532839-220x155.jpg\" alt=\"\uace0\uc561\ubd84\ub9ac\uae30\">\n\t\t\t\t\t\t\t\t\t\t<div class=\"kboard-gallery-foreground\"><img src=\"https:\/\/insonggeweb.mycafe24.com\/wp-content\/plugins\/kboard\/skin\/ocean-gallery\/images\/over-foreground.png\" alt=\"\"><\/div>\n\t\t\t\t\t<div class=\"kboard-gallery-username\">2021\/07\/29 by. \uc7a5\uc11d\uade0 \uad00\ub9ac\uc790<\/div>\n\t\t\t\t<\/div>\n\t\t\t\t<div class=\"kboard-gallery-title\">\uace0\uc561\ubd84\ub9ac\uae30<\/div>\n\t\t\t<\/a>\n\t\t<\/div>\n\t\t\t<div class=\"kboard-gallery-item\">\n\t\t\t<a href=\"\/vi\/wp-json\/wp\/v2\/pages\/6398?uid=239&mod=document&pageid=1\">\n\t\t\t\t<div class=\"kboard-gallery-thumbnail\">\n\t\t\t\t\t\t\t\t\t\t<img src=\"https:\/\/insonggeweb.mycafe24.com\/wp-content\/uploads\/kboard_thumbnails\/22\/202107\/6102108651fed5229500-220x155.jpg\" alt=\"\uace0\uc561\ubd84\ub9ac\uae30\">\n\t\t\t\t\t\t\t\t\t\t<div class=\"kboard-gallery-foreground\"><img src=\"https:\/\/insonggeweb.mycafe24.com\/wp-content\/plugins\/kboard\/skin\/ocean-gallery\/images\/over-foreground.png\" alt=\"\"><\/div>\n\t\t\t\t\t<div class=\"kboard-gallery-username\">2021\/07\/29 by. \uc7a5\uc11d\uade0 \uad00\ub9ac\uc790<\/div>\n\t\t\t\t<\/div>\n\t\t\t\t<div class=\"kboard-gallery-title\">\uace0\uc561\ubd84\ub9ac\uae30<\/div>\n\t\t\t<\/a>\n\t\t<\/div>\n\t\t\t<div class=\"kboard-gallery-item\">\n\t\t\t<a href=\"\/vi\/wp-json\/wp\/v2\/pages\/6398?uid=238&mod=document&pageid=1\">\n\t\t\t\t<div class=\"kboard-gallery-thumbnail\">\n\t\t\t\t\t\t\t\t\t\t<img src=\"https:\/\/insonggeweb.mycafe24.com\/wp-content\/uploads\/kboard_thumbnails\/22\/202107\/610210790b7d22332049-220x155.jpg\" alt=\"\uace0\uc561\ubd84\ub9ac\uae30\">\n\t\t\t\t\t\t\t\t\t\t<div class=\"kboard-gallery-foreground\"><img src=\"https:\/\/insonggeweb.mycafe24.com\/wp-content\/plugins\/kboard\/skin\/ocean-gallery\/images\/over-foreground.png\" alt=\"\"><\/div>\n\t\t\t\t\t<div class=\"kboard-gallery-username\">2021\/07\/29 by. \uc7a5\uc11d\uade0 \uad00\ub9ac\uc790<\/div>\n\t\t\t\t<\/div>\n\t\t\t\t<div class=\"kboard-gallery-title\">\uace0\uc561\ubd84\ub9ac\uae30<\/div>\n\t\t\t<\/a>\n\t\t<\/div>\n\t\t\t<div class=\"kboard-gallery-item\">\n\t\t\t<a href=\"\/vi\/wp-json\/wp\/v2\/pages\/6398?uid=237&mod=document&pageid=1\">\n\t\t\t\t<div class=\"kboard-gallery-thumbnail\">\n\t\t\t\t\t\t\t\t\t\t<img src=\"https:\/\/insonggeweb.mycafe24.com\/wp-content\/uploads\/kboard_thumbnails\/22\/202107\/6102106566e487703729-220x155.jpg\" alt=\"\uace0\uc561\ubd84\ub9ac\uae30\">\n\t\t\t\t\t\t\t\t\t\t<div class=\"kboard-gallery-foreground\"><img src=\"https:\/\/insonggeweb.mycafe24.com\/wp-content\/plugins\/kboard\/skin\/ocean-gallery\/images\/over-foreground.png\" alt=\"\"><\/div>\n\t\t\t\t\t<div class=\"kboard-gallery-username\">2021\/07\/29 by. \uc7a5\uc11d\uade0 \uad00\ub9ac\uc790<\/div>\n\t\t\t\t<\/div>\n\t\t\t\t<div class=\"kboard-gallery-title\">\uace0\uc561\ubd84\ub9ac\uae30<\/div>\n\t\t\t<\/a>\n\t\t<\/div>\n\t\t\t<div class=\"kboard-gallery-item\">\n\t\t\t<a href=\"\/vi\/wp-json\/wp\/v2\/pages\/6398?uid=236&mod=document&pageid=1\">\n\t\t\t\t<div class=\"kboard-gallery-thumbnail\">\n\t\t\t\t\t\t\t\t\t\t<img src=\"https:\/\/insonggeweb.mycafe24.com\/wp-content\/uploads\/kboard_thumbnails\/22\/202107\/61021053810a68896182-220x155.jpg\" alt=\"\uace0\uc561\ubd84\ub9ac\uae30\">\n\t\t\t\t\t\t\t\t\t\t<div class=\"kboard-gallery-foreground\"><img src=\"https:\/\/insonggeweb.mycafe24.com\/wp-content\/plugins\/kboard\/skin\/ocean-gallery\/images\/over-foreground.png\" alt=\"\"><\/div>\n\t\t\t\t\t<div class=\"kboard-gallery-username\">2021\/07\/29 by. \uc7a5\uc11d\uade0 \uad00\ub9ac\uc790<\/div>\n\t\t\t\t<\/div>\n\t\t\t\t<div class=\"kboard-gallery-title\">\uace0\uc561\ubd84\ub9ac\uae30<\/div>\n\t\t\t<\/a>\n\t\t<\/div>\n\t\t\t<div class=\"kboard-gallery-item\">\n\t\t\t<a href=\"\/vi\/wp-json\/wp\/v2\/pages\/6398?uid=234&mod=document&pageid=1\">\n\t\t\t\t<div class=\"kboard-gallery-thumbnail\">\n\t\t\t\t\t\t\t\t\t\t<img src=\"https:\/\/insonggeweb.mycafe24.com\/wp-content\/uploads\/kboard_thumbnails\/22\/202107\/6102102956e217425002-220x155.jpg\" alt=\"\uace0\uc561\ubd84\ub9ac\uae30\">\n\t\t\t\t\t\t\t\t\t\t<div class=\"kboard-gallery-foreground\"><img src=\"https:\/\/insonggeweb.mycafe24.com\/wp-content\/plugins\/kboard\/skin\/ocean-gallery\/images\/over-foreground.png\" alt=\"\"><\/div>\n\t\t\t\t\t<div class=\"kboard-gallery-username\">2021\/07\/29 by. \uc7a5\uc11d\uade0 \uad00\ub9ac\uc790<\/div>\n\t\t\t\t<\/div>\n\t\t\t\t<div class=\"kboard-gallery-title\">\uace0\uc561\ubd84\ub9ac\uae30<\/div>\n\t\t\t<\/a>\n\t\t<\/div>\n\t\t\t<div class=\"kboard-gallery-item\">\n\t\t\t<a href=\"\/vi\/wp-json\/wp\/v2\/pages\/6398?uid=235&mod=document&pageid=1\">\n\t\t\t\t<div class=\"kboard-gallery-thumbnail\">\n\t\t\t\t\t\t\t\t\t\t<img src=\"https:\/\/insonggeweb.mycafe24.com\/wp-content\/uploads\/kboard_thumbnails\/22\/202107\/6102102956df06041658-220x155.jpg\" alt=\"\uace0\uc561\ubd84\ub9ac\uae30\">\n\t\t\t\t\t\t\t\t\t\t<div class=\"kboard-gallery-foreground\"><img src=\"https:\/\/insonggeweb.mycafe24.com\/wp-content\/plugins\/kboard\/skin\/ocean-gallery\/images\/over-foreground.png\" alt=\"\"><\/div>\n\t\t\t\t\t<div class=\"kboard-gallery-username\">2021\/07\/29 by. \uc7a5\uc11d\uade0 \uad00\ub9ac\uc790<\/div>\n\t\t\t\t<\/div>\n\t\t\t\t<div class=\"kboard-gallery-title\">\uace0\uc561\ubd84\ub9ac\uae30<\/div>\n\t\t\t<\/a>\n\t\t<\/div>\n\t\t\t<div class=\"kboard-gallery-item\">\n\t\t\t<a href=\"\/vi\/wp-json\/wp\/v2\/pages\/6398?uid=233&mod=document&pageid=1\">\n\t\t\t\t<div class=\"kboard-gallery-thumbnail\">\n\t\t\t\t\t\t\t\t\t\t<img src=\"https:\/\/insonggeweb.mycafe24.com\/wp-content\/uploads\/kboard_thumbnails\/22\/202107\/61021004073ba2471437-220x155.jpg\" alt=\"\uace0\uc561\ubd84\ub9ac\uae30\">\n\t\t\t\t\t\t\t\t\t\t<div class=\"kboard-gallery-foreground\"><img src=\"https:\/\/insonggeweb.mycafe24.com\/wp-content\/plugins\/kboard\/skin\/ocean-gallery\/images\/over-foreground.png\" alt=\"\"><\/div>\n\t\t\t\t\t<div class=\"kboard-gallery-username\">2021\/07\/29 by. \uc7a5\uc11d\uade0 \uad00\ub9ac\uc790<\/div>\n\t\t\t\t<\/div>\n\t\t\t\t<div class=\"kboard-gallery-title\">\uace0\uc561\ubd84\ub9ac\uae30<\/div>\n\t\t\t<\/a>\n\t\t<\/div>\n\t\t\t<div class=\"kboard-gallery-item\">\n\t\t\t<a href=\"\/vi\/wp-json\/wp\/v2\/pages\/6398?uid=232&mod=document&pageid=1\">\n\t\t\t\t<div class=\"kboard-gallery-thumbnail\">\n\t\t\t\t\t\t\t\t\t\t<img src=\"https:\/\/insonggeweb.mycafe24.com\/wp-content\/uploads\/kboard_thumbnails\/22\/202107\/61021000c6d376110963-220x155.jpg\" alt=\"\uace0\uc561\ubd84\ub9ac\uae30\">\n\t\t\t\t\t\t\t\t\t\t<div class=\"kboard-gallery-foreground\"><img src=\"https:\/\/insonggeweb.mycafe24.com\/wp-content\/plugins\/kboard\/skin\/ocean-gallery\/images\/over-foreground.png\" alt=\"\"><\/div>\n\t\t\t\t\t<div class=\"kboard-gallery-username\">2021\/07\/29 by. \uc7a5\uc11d\uade0 \uad00\ub9ac\uc790<\/div>\n\t\t\t\t<\/div>\n\t\t\t\t<div class=\"kboard-gallery-title\">\uace0\uc561\ubd84\ub9ac\uae30<\/div>\n\t\t\t<\/a>\n\t\t<\/div>\n\t\t\t<div class=\"kboard-gallery-item\">\n\t\t\t<a href=\"\/vi\/wp-json\/wp\/v2\/pages\/6398?uid=231&mod=document&pageid=1\">\n\t\t\t\t<div class=\"kboard-gallery-thumbnail\">\n\t\t\t\t\t\t\t\t\t\t<img src=\"https:\/\/insonggeweb.mycafe24.com\/wp-content\/uploads\/kboard_thumbnails\/22\/202107\/61020fe27e3079673667-220x155.jpg\" alt=\"\uace0\uc561\ubd84\ub9ac\uae30\">\n\t\t\t\t\t\t\t\t\t\t<div class=\"kboard-gallery-foreground\"><img src=\"https:\/\/insonggeweb.mycafe24.com\/wp-content\/plugins\/kboard\/skin\/ocean-gallery\/images\/over-foreground.png\" alt=\"\"><\/div>\n\t\t\t\t\t<div class=\"kboard-gallery-username\">2021\/07\/29 by. \uc7a5\uc11d\uade0 \uad00\ub9ac\uc790<\/div>\n\t\t\t\t<\/div>\n\t\t\t\t<div class=\"kboard-gallery-title\">\uace0\uc561\ubd84\ub9ac\uae30<\/div>\n\t\t\t<\/a>\n\t\t<\/div>\n\t\t\t<div class=\"kboard-gallery-item\">\n\t\t\t<a href=\"\/vi\/wp-json\/wp\/v2\/pages\/6398?uid=230&mod=document&pageid=1\">\n\t\t\t\t<div class=\"kboard-gallery-thumbnail\">\n\t\t\t\t\t\t\t\t\t\t<img src=\"https:\/\/insonggeweb.mycafe24.com\/wp-content\/uploads\/kboard_thumbnails\/22\/202107\/61020fdb626eb9325549-220x155.jpg\" alt=\"\uace0\uc561\ubd84\ub9ac\uae30\">\n\t\t\t\t\t\t\t\t\t\t<div class=\"kboard-gallery-foreground\"><img src=\"https:\/\/insonggeweb.mycafe24.com\/wp-content\/plugins\/kboard\/skin\/ocean-gallery\/images\/over-foreground.png\" alt=\"\"><\/div>\n\t\t\t\t\t<div class=\"kboard-gallery-username\">2021\/07\/29 by. \uc7a5\uc11d\uade0 \uad00\ub9ac\uc790<\/div>\n\t\t\t\t<\/div>\n\t\t\t\t<div class=\"kboard-gallery-title\">\uace0\uc561\ubd84\ub9ac\uae30<\/div>\n\t\t\t<\/a>\n\t\t<\/div>\n\t\t\t<div class=\"kboard-gallery-item\">\n\t\t\t<a href=\"\/vi\/wp-json\/wp\/v2\/pages\/6398?uid=229&mod=document&pageid=1\">\n\t\t\t\t<div class=\"kboard-gallery-thumbnail\">\n\t\t\t\t\t\t\t\t\t\t<img src=\"https:\/\/insonggeweb.mycafe24.com\/wp-content\/uploads\/kboard_thumbnails\/22\/202107\/61020fbc698a04591845-220x155.jpg\" alt=\"\uace0\uc561\ubd84\ub9ac\uae30\">\n\t\t\t\t\t\t\t\t\t\t<div class=\"kboard-gallery-foreground\"><img src=\"https:\/\/insonggeweb.mycafe24.com\/wp-content\/plugins\/kboard\/skin\/ocean-gallery\/images\/over-foreground.png\" alt=\"\"><\/div>\n\t\t\t\t\t<div class=\"kboard-gallery-username\">2021\/07\/29 by. \uc7a5\uc11d\uade0 \uad00\ub9ac\uc790<\/div>\n\t\t\t\t<\/div>\n\t\t\t\t<div class=\"kboard-gallery-title\">\uace0\uc561\ubd84\ub9ac\uae30<\/div>\n\t\t\t<\/a>\n\t\t<\/div>\n\t\t\t<div class=\"kboard-gallery-item\">\n\t\t\t<a href=\"\/vi\/wp-json\/wp\/v2\/pages\/6398?uid=228&mod=document&pageid=1\">\n\t\t\t\t<div class=\"kboard-gallery-thumbnail\">\n\t\t\t\t\t\t\t\t\t\t<img src=\"https:\/\/insonggeweb.mycafe24.com\/wp-content\/uploads\/kboard_thumbnails\/22\/202107\/61020fad0e0958856542-220x155.jpg\" alt=\"\uace0\uc561\ubd84\ub9ac\uae30\">\n\t\t\t\t\t\t\t\t\t\t<div class=\"kboard-gallery-foreground\"><img src=\"https:\/\/insonggeweb.mycafe24.com\/wp-content\/plugins\/kboard\/skin\/ocean-gallery\/images\/over-foreground.png\" alt=\"\"><\/div>\n\t\t\t\t\t<div class=\"kboard-gallery-username\">2021\/07\/29 by. \uc7a5\uc11d\uade0 \uad00\ub9ac\uc790<\/div>\n\t\t\t\t<\/div>\n\t\t\t\t<div class=\"kboard-gallery-title\">\uace0\uc561\ubd84\ub9ac\uae30<\/div>\n\t\t\t<\/a>\n\t\t<\/div>\n\t\t<\/div>\n\t<!-- \ub9ac\uc2a4\ud2b8 \ub05d -->\n\t\n\t<!-- \ud398\uc774\uc9d5 \uc2dc\uc791 -->\n\t<div class=\"kboard-pagination\">\n\t\t<ul class=\"kboard-pagination-pages\">\n\t\t\t<li class=\"active\"><a href=\"?pageid=1&mod=list\" onclick=\"return false\">1<\/a><\/li><li><a href=\"?pageid=2&mod=list\">2<\/a><\/li><li><a href=\"?pageid=3&mod=list\">3<\/a><\/li><li><a href=\"?pageid=4&mod=list\">4<\/a><\/li><li><a href=\"?pageid=5&mod=list\">5<\/a><\/li><li><a href=\"?pageid=6&mod=list\">6<\/a><\/li><li class=\"next-page\"><a href=\"?pageid=2&mod=list\">\u00bb<\/a><\/li><li class=\"last-page\"><a href=\"?pageid=6&mod=list\">Last<\/a><\/li>\t\t<\/ul>\n\t<\/div>\n\t<!-- \ud398\uc774\uc9d5 \ub05d -->\n\t<form id=\"kboard-search-form-22\" method=\"get\" action=\"\/vi\/wp-json\/wp\/v2\/pages\/6398?pageid=1\">\n\t\t<input type=\"hidden\" name=\"mod\" value=\"list\"><input type=\"hidden\" name=\"pageid\" value=\"1\">\t\t\n\t\t<div class=\"kboard-search\">\n\t\t\t<select name=\"target\">\n\t\t\t\t<option value=\"\">T\u1ea5t c\u1ea3 c\u00e1c<\/option>\n\t\t\t\t<option value=\"title\">Ti\u00eau \u0111\u1ec1<\/option>\n\t\t\t\t<option value=\"content\">N\u1ed9i dung<\/option>\n\t\t\t\t<option value=\"member_display\">T\u00e1c gi\u1ea3<\/option>\n\t\t\t<\/select>\n\t\t\t<input type=\"text\" name=\"keyword\" value=\"\">\n\t\t\t<button type=\"submit\" class=\"kboard-ocean-gallery-button-small\">T\u00ecm ki\u1ebfm<\/button>\n\t\t<\/div>\n\t<\/form>\n\t\n\t\t\n\t<\/div>\n<\/div><\/section><\/div>","protected":false},"excerpt":{"rendered":"","protected":false},"author":2,"featured_media":0,"parent":0,"menu_order":0,"comment_status":"closed","ping_status":"closed","template":"","meta":{"footnotes":""},"_links":{"self":[{"href":"https:\/\/insonggeweb.mycafe24.com\/vi\/wp-json\/wp\/v2\/pages\/6398"}],"collection":[{"href":"https:\/\/insonggeweb.mycafe24.com\/vi\/wp-json\/wp\/v2\/pages"}],"about":[{"href":"https:\/\/insonggeweb.mycafe24.com\/vi\/wp-json\/wp\/v2\/types\/page"}],"author":[{"embeddable":true,"href":"https:\/\/insonggeweb.mycafe24.com\/vi\/wp-json\/wp\/v2\/users\/2"}],"replies":[{"embeddable":true,"href":"https:\/\/insonggeweb.mycafe24.com\/vi\/wp-json\/wp\/v2\/comments?post=6398"}],"version-history":[{"count":8,"href":"https:\/\/insonggeweb.mycafe24.com\/vi\/wp-json\/wp\/v2\/pages\/6398\/revisions"}],"predecessor-version":[{"id":12031,"href":"https:\/\/insonggeweb.mycafe24.com\/vi\/wp-json\/wp\/v2\/pages\/6398\/revisions\/12031"}],"wp:attachment":[{"href":"https:\/\/insonggeweb.mycafe24.com\/vi\/wp-json\/wp\/v2\/media?parent=6398"}],"curies":[{"name":"wp","href":"https:\/\/api.w.org\/{rel}","templated":true}]}}