{"id":6413,"date":"2021-06-08T05:42:20","date_gmt":"2021-06-07T20:42:20","guid":{"rendered":"https:\/\/insonggecorp.cafe24.com\/contact-us\/"},"modified":"2021-09-30T15:01:30","modified_gmt":"2021-09-30T06:01:30","slug":"contact-us","status":"publish","type":"page","link":"https:\/\/insonggeweb.mycafe24.com\/vi\/contact-us\/","title":{"rendered":"Li\u00ean h\u1ec7 ch\u00fang t\u00f4i"},"content":{"rendered":"<div id='av-layout-grid-1'  class='av-layout-grid-container av-20860-5a23ce3da0153b4d00fac0105b76b094 entry-content-wrapper main_color av-flex-cells  avia-builder-el-0  el_before_av_section  avia-builder-el-first  sudam-olta  container_wrap fullsize'  >\r\n\n<style type=\"text\/css\" data-created_by=\"avia_inline_auto\" id=\"style-css-av-1ldoc-b2d7340ae1d6a5409ca5d2637fc68f49\">\n.flex_cell.av-1ldoc-b2d7340ae1d6a5409ca5d2637fc68f49{\nvertical-align:top;\nbackground:url(https:\/\/insonggeweb.mycafe24.com\/wp-content\/uploads\/2021\/08\/insong_sub_17.png) 50% 50% no-repeat scroll ;\n}\n.responsive #top #wrap_all .flex_cell.av-1ldoc-b2d7340ae1d6a5409ca5d2637fc68f49{\npadding:0px 0px 0px 0px !important;\n}\n<\/style>\n<div class='flex_cell av-1ldoc-b2d7340ae1d6a5409ca5d2637fc68f49 av-gridrow-cell av_one_full no_margin  avia-builder-el-1  avia-builder-el-no-sibling  sudam-title av-zero-padding'  ><div class='flex_cell_inner'>\n<style type=\"text\/css\" data-created_by=\"avia_inline_auto\" id=\"style-css-av-kq91coof-41b97edbcbcb676346d1843d46943138\">\n#top .av-special-heading.av-kq91coof-41b97edbcbcb676346d1843d46943138{\nmargin:0 0 0 0;\npadding-bottom:0;\ncolor:#ffffff;\n}\nbody .av-special-heading.av-kq91coof-41b97edbcbcb676346d1843d46943138 .av-special-heading-tag .heading-char{\nfont-size:25px;\n}\n.av-special-heading.av-kq91coof-41b97edbcbcb676346d1843d46943138 .special-heading-inner-border{\nborder-color:#ffffff;\n}\n.av-special-heading.av-kq91coof-41b97edbcbcb676346d1843d46943138 .av-subheading{\nfont-size:15px;\n}\n<\/style>\n<div  class='av-special-heading av-kq91coof-41b97edbcbcb676346d1843d46943138 av-special-heading-h1 custom-color-heading blockquote elegant-quote elegant-centered  avia-builder-el-2  avia-builder-el-no-sibling '><h1 class='av-special-heading-tag'  itemprop=\"headline\"  ><span class=\"heading-wrap\">Li\u00ean h\u1ec7 ch\u00fang t\u00f4i<\/span><\/h1><div class=\"special-heading-border\"><div class=\"special-heading-inner-border\"><\/div><\/div><\/div>\n<\/div><\/div>\r\n<\/div>\r\n\r\n<div id='sub_top_wrap'  class='avia-section av-kpor07jt-20b9bc8d6c93d675769493444ab793ec main_color avia-section-default avia-no-border-styling  avia-builder-el-3  el_after_av_layout_row  el_before_av_section  avia-bg-style-scroll container_wrap fullsize'  ><div class='container av-section-cont-open' ><div class='template-page content  av-content-full alpha units'><div class='post-entry post-entry-type-page post-entry-6413'><div class='entry-content-wrapper clearfix'>\r\n\r\n<section  id=\"In_Tbox\"  class='av_textblock_section av-krn7kibg-417062e6ac976d40c93cb8c7e43ca1a7 '   itemscope=\"itemscope\" itemtype=\"https:\/\/schema.org\/CreativeWork\" ><div class='avia_textblock'  itemprop=\"text\" ><h2 style=\"text-align: center;\">C\u00f4ng ty TNHH Insong GE<\/h2>\n<p style=\"text-align: center;\">N\u1ebfu b\u1ea1n c\u00f3 b\u1ea5t k\u1ef3 c\u00e2u h\u1ecfi n\u00e0o v\u1ec1 Insong GE, vui l\u00f2ng h\u1ecfi.<\/p>\n<\/div><\/section>\r\n\r\n<\/div><\/div><\/div><!-- close content main div --><\/div><\/div><div id='sub_content_wrap'  class='avia-section av-kpor14en-cf85a63cad1456994c94675cabe554ad main_color avia-section-default avia-no-shadow  avia-builder-el-5  el_after_av_section  avia-builder-el-last  avia-bg-style-scroll container_wrap fullsize'  ><div class='container av-section-cont-open' ><div class='template-page content  av-content-full alpha units'><div class='post-entry post-entry-type-page post-entry-6413'><div class='entry-content-wrapper clearfix'>\r\n<section  id=\"In_Tbox\"  class='av_textblock_section av-krn7lsbw-f0b5bdfae769a70ad91eec754830e2bd '   itemscope=\"itemscope\" itemtype=\"https:\/\/schema.org\/CreativeWork\" ><div class='avia_textblock'  itemprop=\"text\" ><h2>Li\u00ean h\u1ec7 ch\u00fang t\u00f4i<\/h2>\n<p>Ch\u00fang t\u00f4i c\u0169ng s\u1ebd l\u1eafng nghe nh\u1eefng ti\u1ebfng n\u00f3i nh\u1ecf c\u1ee7a kh\u00e1ch h\u00e0ng.<\/p>\n<\/div><\/section>\r\n\r\n<section  class='av_textblock_section av-kprtkkcu-d7cbb923c86aae469714c030edb22859 '   itemscope=\"itemscope\" itemtype=\"https:\/\/schema.org\/CreativeWork\" ><div class='av-small-hide av-mini-hide avia_textblock munhe'  itemprop=\"text\" >\n<div class=\"wpcf7 no-js\" id=\"wpcf7-f10516-o1\" lang=\"ko-KR\" dir=\"ltr\">\n<div class=\"screen-reader-response\"><p role=\"status\" aria-live=\"polite\" aria-atomic=\"true\"><\/p> <ul><\/ul><\/div>\n<form action=\"\/vi\/wp-json\/wp\/v2\/pages\/6413#wpcf7-f10516-o1\" method=\"post\" class=\"wpcf7-form init\" aria-label=\"Contact form\" novalidate=\"novalidate\" data-status=\"init\">\n<div style=\"display: none;\">\n<input type=\"hidden\" name=\"_wpcf7\" value=\"10516\" \/>\n<input type=\"hidden\" name=\"_wpcf7_version\" value=\"5.8\" \/>\n<input type=\"hidden\" name=\"_wpcf7_locale\" value=\"ko_KR\" \/>\n<input type=\"hidden\" name=\"_wpcf7_unit_tag\" value=\"wpcf7-f10516-o1\" \/>\n<input type=\"hidden\" name=\"_wpcf7_container_post\" value=\"0\" \/>\n<input type=\"hidden\" name=\"_wpcf7_posted_data_hash\" value=\"\" \/>\n<\/div>\n<p><textarea id=\"mytextarea\" style=\"min-height:260px;\">\n'Insong GE' (sau \u0111\u00e2y g\u1ecdi l\u00e0 'C\u00f4ng ty') coi tr\u1ecdng th\u00f4ng tin c\u00e1 nh\u00e2n c\u1ee7a kh\u00e1ch h\u00e0ng v\u00e0 tu\u00e2n th\u1ee7 \u0110\u1ea1o lu\u1eadt Khuy\u1ebfn kh\u00edch S\u1eed d\u1ee5ng M\u1ea1ng Th\u00f4ng tin v\u00e0 Truy\u1ec1n th\u00f4ng v\u00e0 B\u1ea3o v\u1ec7 Th\u00f4ng tin. Th\u00f4ng qua ch\u00ednh s\u00e1ch x\u1eed l\u00fd th\u00f4ng tin c\u00e1 nh\u00e2n, c\u00f4ng ty th\u00f4ng b\u00e1o cho b\u1ea1n v\u1ec1 m\u1ee5c \u0111\u00edch v\u00e0 c\u00e1ch th\u1ee9c s\u1eed d\u1ee5ng th\u00f4ng tin c\u00e1 nh\u00e2n m\u00e0 b\u1ea1n cung c\u1ea5p, v\u00e0 nh\u1eefng bi\u1ec7n ph\u00e1p \u0111ang \u0111\u01b0\u1ee3c th\u1ef1c hi\u1ec7n \u0111\u1ec3 b\u1ea3o v\u1ec7 th\u00f4ng tin c\u00e1 nh\u00e2n c\u1ee7a b\u1ea1n.\nN\u1ebfu c\u00f4ng ty s\u1eeda \u0111\u1ed5i ch\u00ednh s\u00e1ch b\u1ea3o m\u1eadt, n\u00f3 s\u1ebd \u0111\u01b0\u1ee3c th\u00f4ng b\u00e1o qua th\u00f4ng b\u00e1o tr\u00ean trang web (ho\u1eb7c th\u00f4ng b\u00e1o c\u00e1 nh\u00e2n).\n1. C\u00e1c m\u1ee5c th\u00f4ng tin c\u00e1 nh\u00e2n c\u1ea7n thu th\u1eadp v\u00e0 ph\u01b0\u01a1ng ph\u00e1p thu th\u1eadp\n- C\u00e1c m\u1ee5c s\u01b0u t\u1eadp: t\u00ean, s\u1ed1 \u0111i\u1ec7n tho\u1ea1i, e-mail, y\u00eau c\u1ea7u\n2. M\u1ee5c \u0111\u00edch thu th\u1eadp v\u00e0 s\u1eed d\u1ee5ng th\u00f4ng tin c\u00e1 nh\u00e2n\nC\u00f4ng ty thu th\u1eadp v\u00e0 s\u1eed d\u1ee5ng th\u00f4ng tin c\u00e1 nh\u00e2n do ng\u01b0\u1eddi d\u00f9ng cung c\u1ea5p cho c\u00e1c m\u1ee5c \u0111\u00edch n\u00eau d\u01b0\u1edbi \u0111\u00e2y.\n- Thu th\u1eadp th\u00f4ng tin c\u00e1 nh\u00e2n \u0111\u1ec3 t\u01b0 v\u1ea5n\n3. Kho\u1ea3ng th\u1eddi gian l\u01b0u gi\u1eef v\u00e0 s\u1eed d\u1ee5ng th\u00f4ng tin c\u00e1 nh\u00e2n\nV\u1ec1 nguy\u00ean t\u1eafc, sau khi \u0111\u1ea1t \u0111\u01b0\u1ee3c m\u1ee5c \u0111\u00edch thu th\u1eadp v\u00e0 s\u1eed d\u1ee5ng th\u00f4ng tin c\u00e1 nh\u00e2n, th\u00f4ng tin \u0111\u00f3 s\u1ebd b\u1ecb ti\u00eau h\u1ee7y ngay l\u1eadp t\u1ee9c.\n<\/textarea><span class=\"wpcf7-form-control-wrap\" data-name=\"acceptance-741\"><span class=\"wpcf7-form-control wpcf7-acceptance optional\"><span class=\"wpcf7-list-item\"><label><input type=\"checkbox\" name=\"acceptance-741\" value=\"1\" aria-invalid=\"false\" \/><span class=\"wpcf7-list-item-label\">T\u00f4i \u0111\u1ed3ng \u00fd.<\/span><\/label><\/span><\/span><\/span><br \/>\n<!-- <span class=\"wpcf7-form-control-wrap\" data-name=\"menu-187\"><select class=\"wpcf7-form-control wpcf7-select\" aria-invalid=\"false\" name=\"menu-187\"><option value=\"\uce6d\ucc2c\">\uce6d\ucc2c<\/option><option value=\"\ubd88\ub9cc\">\ubd88\ub9cc<\/option><option value=\"\uc81c\uc548\">\uc81c\uc548<\/option><option value=\"\uae30\ud0c0\">\uae30\ud0c0<\/option><option value=\"\ub3d9\uc758\ucca0\ud68c\">\ub3d9\uc758\ucca0\ud68c<\/option><\/select><\/span> -->\n<\/p>\n<div class=\"inquiry-form\">\n\t<div class=\"group\">\n\t\t<div class=\"col\">\n\t\t\t<dl>\n\t\t\t\t<dt>\n\t\t\t\t\t<p>Ph\u00e2n lo\u1ea1i\n\t\t\t\t\t<\/p>\n\t\t\t\t<\/dt>\n\t\t\t\t<dd style=\"height:100%;\">\n\t\t\t\t\t<p><span class=\"wpcf7-form-control-wrap\" data-name=\"radio-642\"><span class=\"wpcf7-form-control wpcf7-radio\"><span class=\"wpcf7-list-item first\"><label><input type=\"radio\" name=\"radio-642\" value=\"l\u1eddi khen\" checked=\"checked\" \/><span class=\"wpcf7-list-item-label\">l\u1eddi khen<\/span><\/label><\/span><span class=\"wpcf7-list-item\"><label><input type=\"radio\" name=\"radio-642\" value=\"kh\u00f4ng h\u00e0i l\u00f2ng\" \/><span class=\"wpcf7-list-item-label\">kh\u00f4ng h\u00e0i l\u00f2ng<\/span><\/label><\/span><span class=\"wpcf7-list-item\"><label><input type=\"radio\" name=\"radio-642\" value=\"g\u1ee3i \u00fd\" \/><span class=\"wpcf7-list-item-label\">g\u1ee3i \u00fd<\/span><\/label><\/span><span class=\"wpcf7-list-item\"><label><input type=\"radio\" name=\"radio-642\" value=\"V\u00e2n v\u00e2n\" \/><span class=\"wpcf7-list-item-label\">V\u00e2n v\u00e2n<\/span><\/label><\/span><span class=\"wpcf7-list-item last\"><label><input type=\"radio\" name=\"radio-642\" value=\"R\u00fat l\u1ea1i s\u1ef1 \u0111\u1ed3ng \u00fd\" \/><span class=\"wpcf7-list-item-label\">R\u00fat l\u1ea1i s\u1ef1 \u0111\u1ed3ng \u00fd<\/span><\/label><\/span><\/span><\/span>\n\t\t\t\t\t<\/p>\n\t\t\t\t<\/dd>\n\t\t\t<\/dl>\n\t\t<\/div>\n\t\t<div class=\"col\">\n\t\t\t<dl>\n\t\t\t\t<dt>\n\t\t\t\t\t<p><label for=\"user_name\">T\u00ean<\/label>\n\t\t\t\t\t<\/p>\n\t\t\t\t<\/dt>\n\t\t\t\t<dd>\n\t\t\t\t\t<p><span class=\"wpcf7-form-control-wrap\" data-name=\"text-735\"><input size=\"40\" class=\"wpcf7-form-control wpcf7-text input\" id=\"user_name\" aria-invalid=\"false\" value=\"\" type=\"text\" name=\"text-735\" \/><\/span>\n\t\t\t\t\t<\/p>\n\t\t\t\t<\/dd>\n\t\t\t<\/dl>\n\t\t<\/div>\n\t<\/div>\n\t<div class=\"group\">\n\t\t<div class=\"col\">\n\t\t\t<dl>\n\t\t\t\t<dt>\n\t\t\t\t\t<p><label for=\"email\">E-mail<\/label>\n\t\t\t\t\t<\/p>\n\t\t\t\t<\/dt>\n\t\t\t\t<dd>\n\t\t\t\t\t<p><span class=\"wpcf7-form-control-wrap\" data-name=\"email-101\"><input size=\"40\" class=\"wpcf7-form-control wpcf7-email wpcf7-validates-as-required wpcf7-text wpcf7-validates-as-email input\" id=\"email\" aria-required=\"true\" aria-invalid=\"false\" value=\"\" type=\"email\" name=\"email-101\" \/><\/span>\n\t\t\t\t\t<\/p>\n\t\t\t\t<\/dd>\n\t\t\t<\/dl>\n\t\t<\/div>\n\t\t<div class=\"col\">\n\t\t\t<dl>\n\t\t\t\t<dt>\n\t\t\t\t\t<p><label for=\"tel\">S\u1ed1 \u0111i\u1ec7n tho\u1ea1i<\/label>\n\t\t\t\t\t<\/p>\n\t\t\t\t<\/dt>\n\t\t\t\t<dd>\n\t\t\t\t\t<p><span class=\"wpcf7-form-control-wrap\" data-name=\"tel-997\"><input size=\"40\" class=\"wpcf7-form-control wpcf7-tel wpcf7-validates-as-required wpcf7-text wpcf7-validates-as-tel input\" id=\"tel\" aria-required=\"true\" aria-invalid=\"false\" value=\"\" type=\"tel\" name=\"tel-997\" \/><\/span>\n\t\t\t\t\t<\/p>\n\t\t\t\t<\/dd>\n\t\t\t<\/dl>\n\t\t<\/div>\n\t<\/div>\n\t<div class=\"group\">\n\t\t<div class=\"col\">\n\t\t\t<dl>\n\t\t\t\t<dt>\n\t\t\t\t\t<p><label for=\"title\">Ch\u1ee9c v\u1ee5<\/label>\n\t\t\t\t\t<\/p>\n\t\t\t\t<\/dt>\n\t\t\t\t<dd style=\"width:83.6%;\">\n\t\t\t\t\t<p><span class=\"wpcf7-form-control-wrap\" data-name=\"text-889\"><input size=\"40\" class=\"wpcf7-form-control wpcf7-text input\" id=\"title\" aria-invalid=\"false\" value=\"\" type=\"text\" name=\"text-889\" \/><\/span>\n\t\t\t\t\t<\/p>\n\t\t\t\t<\/dd>\n\t\t\t<\/dl>\n\t\t<\/div>\n\t<\/div>\n\t<div class=\"group\">\n\t\t<div class=\"col\">\n\t\t\t<dl>\n\t\t\t\t<dt>\n\t\t\t\t\t<p><label for=\"content\">Y\u00eau c\u1ea7u<\/label>\n\t\t\t\t\t<\/p>\n\t\t\t\t<\/dt>\n\t\t\t\t<dd style=\"width:83.6%;\">\n\t\t\t\t\t<p><span class=\"wpcf7-form-control-wrap\" data-name=\"textarea-553\"><textarea cols=\"40\" rows=\"10\" class=\"wpcf7-form-control wpcf7-textarea input\" id=\"content\" aria-invalid=\"false\" name=\"textarea-553\"><\/textarea><\/span>\n\t\t\t\t\t<\/p>\n\t\t\t\t<\/dd>\n\t\t\t<\/dl>\n\t\t<\/div>\n\t<\/div>\n\t<div class=\"buttons\">\n\t\t<div class=\"cen\">\n\t\t\t<p><input class=\"wpcf7-form-control wpcf7-submit has-spinner\" type=\"submit\" value=\"g\u1eedi\" \/>\n\t\t\t<\/p>\n\t\t<\/div>\n\t<\/div>\n<\/div><div class=\"wpcf7-response-output\" aria-hidden=\"true\"><\/div>\n<\/form>\n<\/div>\n\n<\/div><\/section>\r\n\r\n<section  class='av_textblock_section av-kprtkkcu-45eb5a4ac1b1bc363f3fbe9e55f39b96 '   itemscope=\"itemscope\" itemtype=\"https:\/\/schema.org\/CreativeWork\" ><div class='av-desktop-hide av-medium-hide avia_textblock munhe-mo'  itemprop=\"text\" >\n<div class=\"wpcf7 no-js\" id=\"wpcf7-f10519-o2\" lang=\"ko-KR\" dir=\"ltr\">\n<div class=\"screen-reader-response\"><p role=\"status\" aria-live=\"polite\" aria-atomic=\"true\"><\/p> <ul><\/ul><\/div>\n<form action=\"\/vi\/wp-json\/wp\/v2\/pages\/6413#wpcf7-f10519-o2\" method=\"post\" class=\"wpcf7-form init\" aria-label=\"Contact form\" novalidate=\"novalidate\" data-status=\"init\">\n<div style=\"display: none;\">\n<input type=\"hidden\" name=\"_wpcf7\" value=\"10519\" \/>\n<input type=\"hidden\" name=\"_wpcf7_version\" value=\"5.8\" \/>\n<input type=\"hidden\" name=\"_wpcf7_locale\" value=\"ko_KR\" \/>\n<input type=\"hidden\" name=\"_wpcf7_unit_tag\" value=\"wpcf7-f10519-o2\" \/>\n<input type=\"hidden\" name=\"_wpcf7_container_post\" value=\"0\" \/>\n<input type=\"hidden\" name=\"_wpcf7_posted_data_hash\" value=\"\" \/>\n<\/div>\n<p><textarea id=\"mytextarea\" style=\"min-height:260px;\">\n'Insong GE' (sau \u0111\u00e2y g\u1ecdi l\u00e0 'C\u00f4ng ty') coi tr\u1ecdng th\u00f4ng tin c\u00e1 nh\u00e2n c\u1ee7a kh\u00e1ch h\u00e0ng v\u00e0 tu\u00e2n th\u1ee7 \u0110\u1ea1o lu\u1eadt Khuy\u1ebfn kh\u00edch S\u1eed d\u1ee5ng M\u1ea1ng Th\u00f4ng tin v\u00e0 Truy\u1ec1n th\u00f4ng v\u00e0 B\u1ea3o v\u1ec7 Th\u00f4ng tin. Th\u00f4ng qua ch\u00ednh s\u00e1ch x\u1eed l\u00fd th\u00f4ng tin c\u00e1 nh\u00e2n, c\u00f4ng ty th\u00f4ng b\u00e1o cho b\u1ea1n v\u1ec1 m\u1ee5c \u0111\u00edch v\u00e0 c\u00e1ch th\u1ee9c s\u1eed d\u1ee5ng th\u00f4ng tin c\u00e1 nh\u00e2n m\u00e0 b\u1ea1n cung c\u1ea5p, v\u00e0 nh\u1eefng bi\u1ec7n ph\u00e1p \u0111ang \u0111\u01b0\u1ee3c th\u1ef1c hi\u1ec7n \u0111\u1ec3 b\u1ea3o v\u1ec7 th\u00f4ng tin c\u00e1 nh\u00e2n c\u1ee7a b\u1ea1n.\nN\u1ebfu c\u00f4ng ty s\u1eeda \u0111\u1ed5i ch\u00ednh s\u00e1ch b\u1ea3o m\u1eadt, n\u00f3 s\u1ebd \u0111\u01b0\u1ee3c th\u00f4ng b\u00e1o qua th\u00f4ng b\u00e1o tr\u00ean trang web (ho\u1eb7c th\u00f4ng b\u00e1o c\u00e1 nh\u00e2n).\n1. C\u00e1c m\u1ee5c th\u00f4ng tin c\u00e1 nh\u00e2n c\u1ea7n thu th\u1eadp v\u00e0 ph\u01b0\u01a1ng ph\u00e1p thu th\u1eadp\n- C\u00e1c m\u1ee5c s\u01b0u t\u1eadp: t\u00ean, s\u1ed1 \u0111i\u1ec7n tho\u1ea1i, e-mail, y\u00eau c\u1ea7u\n2. M\u1ee5c \u0111\u00edch thu th\u1eadp v\u00e0 s\u1eed d\u1ee5ng th\u00f4ng tin c\u00e1 nh\u00e2n\nC\u00f4ng ty thu th\u1eadp v\u00e0 s\u1eed d\u1ee5ng th\u00f4ng tin c\u00e1 nh\u00e2n do ng\u01b0\u1eddi d\u00f9ng cung c\u1ea5p cho c\u00e1c m\u1ee5c \u0111\u00edch n\u00eau d\u01b0\u1edbi \u0111\u00e2y.\n- Thu th\u1eadp th\u00f4ng tin c\u00e1 nh\u00e2n \u0111\u1ec3 t\u01b0 v\u1ea5n\n3. Kho\u1ea3ng th\u1eddi gian l\u01b0u gi\u1eef v\u00e0 s\u1eed d\u1ee5ng th\u00f4ng tin c\u00e1 nh\u00e2n\nV\u1ec1 nguy\u00ean t\u1eafc, sau khi \u0111\u1ea1t \u0111\u01b0\u1ee3c m\u1ee5c \u0111\u00edch thu th\u1eadp v\u00e0 s\u1eed d\u1ee5ng th\u00f4ng tin c\u00e1 nh\u00e2n, th\u00f4ng tin \u0111\u00f3 s\u1ebd b\u1ecb ti\u00eau h\u1ee7y ngay l\u1eadp t\u1ee9c.\n<\/textarea><span class=\"wpcf7-form-control-wrap\" data-name=\"acceptance-741\"><span class=\"wpcf7-form-control wpcf7-acceptance optional\"><span class=\"wpcf7-list-item\"><label><input type=\"checkbox\" name=\"acceptance-741\" value=\"1\" aria-invalid=\"false\" \/><span class=\"wpcf7-list-item-label\">T\u00f4i \u0111\u1ed3ng \u00fd.<\/span><\/label><\/span><\/span><\/span><br \/>\n<!-- <span class=\"wpcf7-form-control-wrap\" data-name=\"menu-187\"><select class=\"wpcf7-form-control wpcf7-select\" aria-invalid=\"false\" name=\"menu-187\"><option value=\"\uce6d\ucc2c\">\uce6d\ucc2c<\/option><option value=\"\ubd88\ub9cc\">\ubd88\ub9cc<\/option><option value=\"\uc81c\uc548\">\uc81c\uc548<\/option><option value=\"\uae30\ud0c0\">\uae30\ud0c0<\/option><option value=\"\ub3d9\uc758\ucca0\ud68c\">\ub3d9\uc758\ucca0\ud68c<\/option><\/select><\/span> -->\n<\/p>\n<div class=\"inquiry-form\">\n\t<div class=\"group\">\n\t\t<div class=\"col\">\n\t\t\t<dl>\n\t\t\t\t<dt>\n\t\t\t\t\t<p>Ph\u00e2n lo\u1ea1i\n\t\t\t\t\t<\/p>\n\t\t\t\t<\/dt>\n\t\t\t\t<dd class=\"bunryu\" style=\"height:100%;\">\n\t\t\t\t\t<p><span class=\"wpcf7-form-control-wrap\" data-name=\"radio-642\"><span class=\"wpcf7-form-control wpcf7-radio\"><span class=\"wpcf7-list-item first\"><label><input type=\"radio\" name=\"radio-642\" value=\"l\u1eddi khen\" checked=\"checked\" \/><span class=\"wpcf7-list-item-label\">l\u1eddi khen<\/span><\/label><\/span><span class=\"wpcf7-list-item\"><label><input type=\"radio\" name=\"radio-642\" value=\"kh\u00f4ng h\u00e0i l\u00f2ng\" \/><span class=\"wpcf7-list-item-label\">kh\u00f4ng h\u00e0i l\u00f2ng<\/span><\/label><\/span><span class=\"wpcf7-list-item\"><label><input type=\"radio\" name=\"radio-642\" value=\"g\u1ee3i \u00fd\" \/><span class=\"wpcf7-list-item-label\">g\u1ee3i \u00fd<\/span><\/label><\/span><span class=\"wpcf7-list-item\"><label><input type=\"radio\" name=\"radio-642\" value=\"V\u00e2n v\u00e2n\" \/><span class=\"wpcf7-list-item-label\">V\u00e2n v\u00e2n<\/span><\/label><\/span><span class=\"wpcf7-list-item last\"><label><input type=\"radio\" name=\"radio-642\" value=\"r\u00fat ti\u1ec1n\" \/><span class=\"wpcf7-list-item-label\">r\u00fat ti\u1ec1n<\/span><\/label><\/span><\/span><\/span>\n\t\t\t\t\t<\/p>\n\t\t\t\t<\/dd>\n\t\t\t<\/dl>\n\t\t<\/div>\n\t<\/div>\n\t<div class=\"group\">\n\t\t<div class=\"col\">\n\t\t\t<dl>\n\t\t\t\t<dt>\n\t\t\t\t\t<p><label for=\"user_name\">T\u00ean<\/label>\n\t\t\t\t\t<\/p>\n\t\t\t\t<\/dt>\n\t\t\t\t<dd>\n\t\t\t\t\t<p><span class=\"wpcf7-form-control-wrap\" data-name=\"text-735\"><input size=\"40\" class=\"wpcf7-form-control wpcf7-text input\" aria-invalid=\"false\" value=\"\" type=\"text\" name=\"text-735\" \/><\/span>\n\t\t\t\t\t<\/p>\n\t\t\t\t<\/dd>\n\t\t\t<\/dl>\n\t\t<\/div>\n\t<\/div>\n\t<div class=\"group\">\n\t\t<div class=\"col\">\n\t\t\t<dl>\n\t\t\t\t<dt>\n\t\t\t\t\t<p><label for=\"email\">E-mail<\/label>\n\t\t\t\t\t<\/p>\n\t\t\t\t<\/dt>\n\t\t\t\t<dd>\n\t\t\t\t\t<p><span class=\"wpcf7-form-control-wrap\" data-name=\"email-101\"><input size=\"40\" class=\"wpcf7-form-control wpcf7-email wpcf7-validates-as-required wpcf7-text wpcf7-validates-as-email input\" aria-required=\"true\" aria-invalid=\"false\" value=\"\" type=\"email\" name=\"email-101\" \/><\/span>\n\t\t\t\t\t<\/p>\n\t\t\t\t<\/dd>\n\t\t\t<\/dl>\n\t\t<\/div>\n\t<\/div>\n\t<div class=\"group\">\n\t\t<div class=\"col\">\n\t\t\t<dl>\n\t\t\t\t<dt>\n\t\t\t\t\t<p><label for=\"tel\">S\u1ed1 \u0111i\u1ec7n tho\u1ea1i<\/label>\n\t\t\t\t\t<\/p>\n\t\t\t\t<\/dt>\n\t\t\t\t<dd>\n\t\t\t\t\t<p><span class=\"wpcf7-form-control-wrap\" data-name=\"tel-997\"><input size=\"40\" class=\"wpcf7-form-control wpcf7-tel wpcf7-validates-as-required wpcf7-text wpcf7-validates-as-tel input\" aria-required=\"true\" aria-invalid=\"false\" value=\"\" type=\"tel\" name=\"tel-997\" \/><\/span>\n\t\t\t\t\t<\/p>\n\t\t\t\t<\/dd>\n\t\t\t<\/dl>\n\t\t<\/div>\n\t<\/div>\n\t<div class=\"group\">\n\t\t<div class=\"col\">\n\t\t\t<dl>\n\t\t\t\t<dt>\n\t\t\t\t\t<p><label for=\"title\">Ch\u1ee9c v\u1ee5<\/label>\n\t\t\t\t\t<\/p>\n\t\t\t\t<\/dt>\n\t\t\t\t<dd>\n\t\t\t\t\t<p><span class=\"wpcf7-form-control-wrap\" data-name=\"text-889\"><input size=\"40\" class=\"wpcf7-form-control wpcf7-text input\" aria-invalid=\"false\" value=\"\" type=\"text\" name=\"text-889\" \/><\/span>\n\t\t\t\t\t<\/p>\n\t\t\t\t<\/dd>\n\t\t\t<\/dl>\n\t\t<\/div>\n\t<\/div>\n\t<div class=\"group\">\n\t\t<div class=\"col\">\n\t\t\t<dl>\n\t\t\t\t<dt>\n\t\t\t\t\t<p><label for=\"content\">Y\u00eau c\u1ea7u<\/label>\n\t\t\t\t\t<\/p>\n\t\t\t\t<\/dt>\n\t\t\t\t<dd>\n\t\t\t\t\t<p><span class=\"wpcf7-form-control-wrap\" data-name=\"textarea-553\"><textarea cols=\"40\" rows=\"10\" class=\"wpcf7-form-control wpcf7-textarea input\" aria-invalid=\"false\" name=\"textarea-553\"><\/textarea><\/span>\n\t\t\t\t\t<\/p>\n\t\t\t\t<\/dd>\n\t\t\t<\/dl>\n\t\t<\/div>\n\t<\/div>\n\t<div class=\"buttons\">\n\t\t<div class=\"cen\">\n\t\t\t<p><input class=\"wpcf7-form-control wpcf7-submit has-spinner\" type=\"submit\" value=\"g\u1eedi\" \/>\n\t\t\t<\/p>\n\t\t<\/div>\n\t<\/div>\n<\/div><div class=\"wpcf7-response-output\" aria-hidden=\"true\"><\/div>\n<\/form>\n<\/div>\n\n<\/div><\/section>\r\n","protected":false},"excerpt":{"rendered":"","protected":false},"author":3,"featured_media":0,"parent":0,"menu_order":0,"comment_status":"closed","ping_status":"closed","template":"","meta":{"footnotes":""},"_links":{"self":[{"href":"https:\/\/insonggeweb.mycafe24.com\/vi\/wp-json\/wp\/v2\/pages\/6413"}],"collection":[{"href":"https:\/\/insonggeweb.mycafe24.com\/vi\/wp-json\/wp\/v2\/pages"}],"about":[{"href":"https:\/\/insonggeweb.mycafe24.com\/vi\/wp-json\/wp\/v2\/types\/page"}],"author":[{"embeddable":true,"href":"https:\/\/insonggeweb.mycafe24.com\/vi\/wp-json\/wp\/v2\/users\/3"}],"replies":[{"embeddable":true,"href":"https:\/\/insonggeweb.mycafe24.com\/vi\/wp-json\/wp\/v2\/comments?post=6413"}],"version-history":[{"count":13,"href":"https:\/\/insonggeweb.mycafe24.com\/vi\/wp-json\/wp\/v2\/pages\/6413\/revisions"}],"predecessor-version":[{"id":10986,"href":"https:\/\/insonggeweb.mycafe24.com\/vi\/wp-json\/wp\/v2\/pages\/6413\/revisions\/10986"}],"wp:attachment":[{"href":"https:\/\/insonggeweb.mycafe24.com\/vi\/wp-json\/wp\/v2\/media?parent=6413"}],"curies":[{"name":"wp","href":"https:\/\/api.w.org\/{rel}","templated":true}]}}