{"id":6415,"date":"2021-07-08T13:08:27","date_gmt":"2021-07-08T04:08:27","guid":{"rendered":"https:\/\/insonggecorp.cafe24.com\/archive\/"},"modified":"2021-09-30T15:01:26","modified_gmt":"2021-09-30T06:01:26","slug":"archive","status":"publish","type":"page","link":"https:\/\/insonggeweb.mycafe24.com\/vi\/archive\/","title":{"rendered":"Ph\u00f2ng tham kh\u1ea3o"},"content":{"rendered":"<div id='av-layout-grid-1'  class='av-layout-grid-container av-20860-5a23ce3da0153b4d00fac0105b76b094 entry-content-wrapper main_color av-flex-cells  avia-builder-el-0  el_before_av_section  avia-builder-el-first  sudam-olta  container_wrap fullsize'  >\r\n\n<style type=\"text\/css\" data-created_by=\"avia_inline_auto\" id=\"style-css-av-1ldoc-ee11382157cf948c795cc1fd58bb6aa5\">\n.flex_cell.av-1ldoc-ee11382157cf948c795cc1fd58bb6aa5{\nvertical-align:top;\nbackground:url(https:\/\/insonggeweb.mycafe24.com\/wp-content\/uploads\/2021\/07\/insong_sub_18.png) 50% 50% no-repeat scroll ;\n}\n.responsive #top #wrap_all .flex_cell.av-1ldoc-ee11382157cf948c795cc1fd58bb6aa5{\npadding:0px 0px 0px 0px !important;\n}\n<\/style>\n<div class='flex_cell av-1ldoc-ee11382157cf948c795cc1fd58bb6aa5 av-gridrow-cell av_one_full no_margin  avia-builder-el-1  avia-builder-el-no-sibling  sudam-title av-zero-padding'  ><div class='flex_cell_inner'>\n<style type=\"text\/css\" data-created_by=\"avia_inline_auto\" id=\"style-css-av-kq91diev-0c32a21857f9d987ead6523febd45b1c\">\n#top .av-special-heading.av-kq91diev-0c32a21857f9d987ead6523febd45b1c{\nmargin:0 0 0 0;\npadding-bottom:0;\ncolor:#ffffff;\n}\nbody .av-special-heading.av-kq91diev-0c32a21857f9d987ead6523febd45b1c .av-special-heading-tag .heading-char{\nfont-size:25px;\n}\n.av-special-heading.av-kq91diev-0c32a21857f9d987ead6523febd45b1c .special-heading-inner-border{\nborder-color:#ffffff;\n}\n.av-special-heading.av-kq91diev-0c32a21857f9d987ead6523febd45b1c .av-subheading{\nfont-size:15px;\n}\n<\/style>\n<div  class='av-special-heading av-kq91diev-0c32a21857f9d987ead6523febd45b1c av-special-heading-h1 custom-color-heading blockquote elegant-quote elegant-centered  avia-builder-el-2  avia-builder-el-no-sibling '><h1 class='av-special-heading-tag'  itemprop=\"headline\"  ><span class=\"heading-wrap\">Ph\u00f2ng tham kh\u1ea3o<\/span><\/h1><div class=\"special-heading-border\"><div class=\"special-heading-inner-border\"><\/div><\/div><\/div>\n<\/div><\/div>\r\n<\/div>\r\n\r\n<div id='sub_top_wrap'  class='avia-section av-kpor07jt-20b9bc8d6c93d675769493444ab793ec main_color avia-section-default avia-no-border-styling  avia-builder-el-3  el_after_av_layout_row  el_before_av_section  avia-bg-style-scroll container_wrap fullsize'  ><div class='container av-section-cont-open' ><div class='template-page content  av-content-full alpha units'><div class='post-entry post-entry-type-page post-entry-6415'><div class='entry-content-wrapper clearfix'>\r\n<section  id=\"In_Tbox\"  class='av_textblock_section av-krn7o0jz-1a2cc1737dd1c3d71a03fbdf866632fd '   itemscope=\"itemscope\" itemtype=\"https:\/\/schema.org\/CreativeWork\" ><div class='avia_textblock'  itemprop=\"text\" ><h2 style=\"text-align: center;\">Insong GE<\/h2>\n<p style=\"text-align: center;\">C\u00f4ng ty TNHH Insong GE l\u00e0 c\u00f4ng ty ph\u00e1t tri\u1ec3n c\u00e1c c\u00f4ng ngh\u1ec7 li\u00ean quan \u0111\u1ebfn l\u1ecdc n\u01b0\u1edbc v\u00e0 x\u1eed l\u00fd ti\u00ean ti\u1ebfn, chuy\u1ec3n \u0111\u1ed5i ph\u00e2n gia s\u00fac th\u00e0nh t\u00e0i nguy\u00ean, ng\u0103n m\u00f9i v\u00e0 t\u00e1i s\u1eed d\u1ee5ng ph\u00e2n l\u1ee3n.<\/p>\n<\/div><\/section>\r\n\r\n\r\n<\/div><\/div><\/div><!-- close content main div --><\/div><\/div><div id='sub_content_wrap'  class='avia-section av-kpor14en-cf85a63cad1456994c94675cabe554ad main_color avia-section-default avia-no-shadow  avia-builder-el-5  el_after_av_section  avia-builder-el-last  avia-bg-style-scroll container_wrap fullsize'  ><div class='container av-section-cont-open' ><div class='template-page content  av-content-full alpha units'><div class='post-entry post-entry-type-page post-entry-6415'><div class='entry-content-wrapper clearfix'>\r\n\r\n<section  id=\"In_Tbox\"  class='av_textblock_section av-kprxvkgx-ef80ef8ecf04f067b96d819befe62b4e '   itemscope=\"itemscope\" itemtype=\"https:\/\/schema.org\/CreativeWork\" ><div class='avia_textblock'  itemprop=\"text\" ><h2>Ph\u00f2ng tham kh\u1ea3o<\/h2>\n<\/div><\/section>\r\n\r\n\n<style type=\"text\/css\" data-created_by=\"avia_inline_auto\" id=\"style-css-av-kqrn0su0-70982ea6d554331596f235f07fd178c7\">\n#top .hr.hr-invisible.av-kqrn0su0-70982ea6d554331596f235f07fd178c7{\nheight:50px;\n}\n<\/style>\n<div  class='hr av-kqrn0su0-70982ea6d554331596f235f07fd178c7 hr-invisible  avia-builder-el-7  el_after_av_textblock  el_before_av_textblock '><span class='hr-inner '><span class=\"hr-inner-style\"><\/span><\/span><\/div>\r\n\r\n<section  class='av_textblock_section av-kqrmzdp2-37629f2bf3c7495cad1af44658f94eae '   itemscope=\"itemscope\" itemtype=\"https:\/\/schema.org\/CreativeWork\" ><div class='avia_textblock'  itemprop=\"text\" ><div id=\"kboard-default-list\">\n\t\n\t<!-- \uac8c\uc2dc\ud310 \uc815\ubcf4 \uc2dc\uc791 -->\n\t<div class=\"kboard-list-header\">\n\t\t\t\t\t<div class=\"kboard-total-count\">\n\t\t\t\tto\u00e0n b\u1ed9 4\t\t\t<\/div>\n\t\t\t\t\n\t\t<div class=\"kboard-sort\">\n\t\t\t<form id=\"kboard-sort-form-35\" method=\"get\" action=\"\/vi\/wp-json\/wp\/v2\/pages\/6415\">\n\t\t\t\t<input type=\"hidden\" name=\"mod\" value=\"list\"><input type=\"hidden\" name=\"pageid\" value=\"1\"><input type=\"hidden\" name=\"kboard_list_sort_remember\" value=\"35\">\t\t\t\t\n\t\t\t\t<select name=\"kboard_list_sort\" onchange=\"jQuery('#kboard-sort-form-35').submit();\">\n\t\t\t\t\t<option value=\"newest\" selected>M\u1edbi nh\u1ea5t<\/option>\n\t\t\t\t\t<option value=\"best\">T\u1ed1t nh\u1ea5t<\/option>\n\t\t\t\t\t<option value=\"viewed\">\u0110\u00e3 xem<\/option>\n\t\t\t\t\t<option value=\"updated\">\u0110\u00e3 c\u1eadp nh\u1eadt<\/option>\n\t\t\t\t<\/select>\n\t\t\t<\/form>\n\t\t<\/div>\n\t<\/div>\n\t<!-- \uac8c\uc2dc\ud310 \uc815\ubcf4 \ub05d -->\n\t\n\t<!-- \uce74\ud14c\uace0\ub9ac \uc2dc\uc791 -->\n\t\t<!-- \uce74\ud14c\uace0\ub9ac \ub05d -->\n\t\n\t<!-- \ub9ac\uc2a4\ud2b8 \uc2dc\uc791 -->\n\t<div class=\"kboard-list\">\n\t\t<table>\n\t\t\t<thead>\n\t\t\t\t<tr>\n\t\t\t\t\t<td class=\"kboard-list-uid\">Con s\u1ed1<\/td>\n\t\t\t\t\t<td class=\"kboard-list-title\">Ti\u00eau \u0111\u1ec1<\/td>\n\t\t\t\t\t<td class=\"kboard-list-user\">T\u00e1c gi\u1ea3<\/td>\n\t\t\t\t\t<td class=\"kboard-list-date\">Ng\u00e0y<\/td>\n\t\t\t\t\t<td class=\"kboard-list-vote\">Phi\u1ebfu b\u1ea7u<\/td>\n\t\t\t\t\t<td class=\"kboard-list-view\">L\u01b0\u1ee3t xem<\/td>\n\t\t\t\t<\/tr>\n\t\t\t<\/thead>\n\t\t\t<tbody>\n\t\t\t\t\t\t\t\t\t\t\t\t<tr class=\"\">\n\t\t\t\t\t<td class=\"kboard-list-uid\">4<\/td>\n\t\t\t\t\t<td class=\"kboard-list-title\">\n\t\t\t\t\t\t<a href=\"\/vi\/wp-json\/wp\/v2\/pages\/6415?uid=271&#038;mod=document&#038;pageid=1\">\n\t\t\t\t\t\t\t<div class=\"kboard-default-cut-strings\">\n\t\t\t\t\t\t\t\t\t\t\t\t\t\t\t\t\t\t\t\t\t\t\t\t[Video] H\u1ec7 th\u1ed1ng x\u1eed l\u00fd ph\u00e2n\t\t\t\t\t\t\t\t<span class=\"kboard-comments-count\"><\/span>\n\t\t\t\t\t\t\t<\/div>\n\t\t\t\t\t\t<\/a>\n\t\t\t\t\t\t<div class=\"kboard-mobile-contents\">\n\t\t\t\t\t\t\t<span class=\"contents-item kboard-user\">\uc7a5\uc11d\uade0 \uad00\ub9ac\uc790<\/span>\n\t\t\t\t\t\t\t<span class=\"contents-separator kboard-date\">|<\/span>\n\t\t\t\t\t\t\t<span class=\"contents-item kboard-date\">2021.09.23<\/span>\n\t\t\t\t\t\t\t<span class=\"contents-separator kboard-vote\">|<\/span>\n\t\t\t\t\t\t\t<span class=\"contents-item kboard-vote\">Phi\u1ebfu b\u1ea7u 0<\/span>\n\t\t\t\t\t\t\t<span class=\"contents-separator kboard-view\">|<\/span>\n\t\t\t\t\t\t\t<span class=\"contents-item kboard-view\">L\u01b0\u1ee3t xem 18<\/span>\n\t\t\t\t\t\t<\/div>\n\t\t\t\t\t<\/td>\n\t\t\t\t\t<td class=\"kboard-list-user\">\uc7a5\uc11d\uade0 \uad00\ub9ac\uc790<\/td>\n\t\t\t\t\t<td class=\"kboard-list-date\">2021.09.23<\/td>\n\t\t\t\t\t<td class=\"kboard-list-vote\">0<\/td>\n\t\t\t\t\t<td class=\"kboard-list-view\">18<\/td>\n\t\t\t\t<\/tr>\n\t\t\t\t\t\t\t\t\t\t\t\t<tr class=\"\">\n\t\t\t\t\t<td class=\"kboard-list-uid\">3<\/td>\n\t\t\t\t\t<td class=\"kboard-list-title\">\n\t\t\t\t\t\t<a href=\"\/vi\/wp-json\/wp\/v2\/pages\/6415?uid=269&#038;mod=document&#038;pageid=1\">\n\t\t\t\t\t\t\t<div class=\"kboard-default-cut-strings\">\n\t\t\t\t\t\t\t\t\t\t\t\t\t\t\t\t\t\t\t\t\t\t\t\t[Video] T\u00e1ch ch\u1ea5t kh\u00f3 ph\u00e2n h\u1ee7y\t\t\t\t\t\t\t\t<span class=\"kboard-comments-count\"><\/span>\n\t\t\t\t\t\t\t<\/div>\n\t\t\t\t\t\t<\/a>\n\t\t\t\t\t\t<div class=\"kboard-mobile-contents\">\n\t\t\t\t\t\t\t<span class=\"contents-item kboard-user\">\uc7a5\uc11d\uade0 \uad00\ub9ac\uc790<\/span>\n\t\t\t\t\t\t\t<span class=\"contents-separator kboard-date\">|<\/span>\n\t\t\t\t\t\t\t<span class=\"contents-item kboard-date\">2021.09.23<\/span>\n\t\t\t\t\t\t\t<span class=\"contents-separator kboard-vote\">|<\/span>\n\t\t\t\t\t\t\t<span class=\"contents-item kboard-vote\">Phi\u1ebfu b\u1ea7u 0<\/span>\n\t\t\t\t\t\t\t<span class=\"contents-separator kboard-view\">|<\/span>\n\t\t\t\t\t\t\t<span class=\"contents-item kboard-view\">L\u01b0\u1ee3t xem 20<\/span>\n\t\t\t\t\t\t<\/div>\n\t\t\t\t\t<\/td>\n\t\t\t\t\t<td class=\"kboard-list-user\">\uc7a5\uc11d\uade0 \uad00\ub9ac\uc790<\/td>\n\t\t\t\t\t<td class=\"kboard-list-date\">2021.09.23<\/td>\n\t\t\t\t\t<td class=\"kboard-list-vote\">0<\/td>\n\t\t\t\t\t<td class=\"kboard-list-view\">20<\/td>\n\t\t\t\t<\/tr>\n\t\t\t\t\t\t\t\t\t\t\t\t<tr class=\"\">\n\t\t\t\t\t<td class=\"kboard-list-uid\">2<\/td>\n\t\t\t\t\t<td class=\"kboard-list-title\">\n\t\t\t\t\t\t<a href=\"\/vi\/wp-json\/wp\/v2\/pages\/6415?uid=267&#038;mod=document&#038;pageid=1\">\n\t\t\t\t\t\t\t<div class=\"kboard-default-cut-strings\">\n\t\t\t\t\t\t\t\t\t\t\t\t\t\t\t\t\t\t\t\t\t\t\t\t[Video] M\u00e1y t\u00e1ch r\u1eafn - l\u1ecfng\t\t\t\t\t\t\t\t<span class=\"kboard-comments-count\"><\/span>\n\t\t\t\t\t\t\t<\/div>\n\t\t\t\t\t\t<\/a>\n\t\t\t\t\t\t<div class=\"kboard-mobile-contents\">\n\t\t\t\t\t\t\t<span class=\"contents-item kboard-user\">\uc7a5\uc11d\uade0 \uad00\ub9ac\uc790<\/span>\n\t\t\t\t\t\t\t<span class=\"contents-separator kboard-date\">|<\/span>\n\t\t\t\t\t\t\t<span class=\"contents-item kboard-date\">2021.09.23<\/span>\n\t\t\t\t\t\t\t<span class=\"contents-separator kboard-vote\">|<\/span>\n\t\t\t\t\t\t\t<span class=\"contents-item kboard-vote\">Phi\u1ebfu b\u1ea7u 0<\/span>\n\t\t\t\t\t\t\t<span class=\"contents-separator kboard-view\">|<\/span>\n\t\t\t\t\t\t\t<span class=\"contents-item kboard-view\">L\u01b0\u1ee3t xem 19<\/span>\n\t\t\t\t\t\t<\/div>\n\t\t\t\t\t<\/td>\n\t\t\t\t\t<td class=\"kboard-list-user\">\uc7a5\uc11d\uade0 \uad00\ub9ac\uc790<\/td>\n\t\t\t\t\t<td class=\"kboard-list-date\">2021.09.23<\/td>\n\t\t\t\t\t<td class=\"kboard-list-vote\">0<\/td>\n\t\t\t\t\t<td class=\"kboard-list-view\">19<\/td>\n\t\t\t\t<\/tr>\n\t\t\t\t\t\t\t\t\t\t\t\t<tr class=\"\">\n\t\t\t\t\t<td class=\"kboard-list-uid\">1<\/td>\n\t\t\t\t\t<td class=\"kboard-list-title\">\n\t\t\t\t\t\t<a href=\"\/vi\/wp-json\/wp\/v2\/pages\/6415?uid=266&#038;mod=document&#038;pageid=1\">\n\t\t\t\t\t\t\t<div class=\"kboard-default-cut-strings\">\n\t\t\t\t\t\t\t\t\t\t\t\t\t\t\t\t\t\t\t\t\t\t\t\tB\u00e1o c\u00e1o ki\u1ec3m tra th\u00e0nh ph\u1ea7n\t\t\t\t\t\t\t\t<span class=\"kboard-comments-count\"><\/span>\n\t\t\t\t\t\t\t<\/div>\n\t\t\t\t\t\t<\/a>\n\t\t\t\t\t\t<div class=\"kboard-mobile-contents\">\n\t\t\t\t\t\t\t<span class=\"contents-item kboard-user\">\uc7a5\uc11d\uade0 \uad00\ub9ac\uc790<\/span>\n\t\t\t\t\t\t\t<span class=\"contents-separator kboard-date\">|<\/span>\n\t\t\t\t\t\t\t<span class=\"contents-item kboard-date\">2021.09.23<\/span>\n\t\t\t\t\t\t\t<span class=\"contents-separator kboard-vote\">|<\/span>\n\t\t\t\t\t\t\t<span class=\"contents-item kboard-vote\">Phi\u1ebfu b\u1ea7u 0<\/span>\n\t\t\t\t\t\t\t<span class=\"contents-separator kboard-view\">|<\/span>\n\t\t\t\t\t\t\t<span class=\"contents-item kboard-view\">L\u01b0\u1ee3t xem 21<\/span>\n\t\t\t\t\t\t<\/div>\n\t\t\t\t\t<\/td>\n\t\t\t\t\t<td class=\"kboard-list-user\">\uc7a5\uc11d\uade0 \uad00\ub9ac\uc790<\/td>\n\t\t\t\t\t<td class=\"kboard-list-date\">2021.09.23<\/td>\n\t\t\t\t\t<td class=\"kboard-list-vote\">0<\/td>\n\t\t\t\t\t<td class=\"kboard-list-view\">21<\/td>\n\t\t\t\t<\/tr>\n\t\t\t\t\t\t\t\t\t\t\t<\/tbody>\n\t\t<\/table>\n\t<\/div>\n\t<!-- \ub9ac\uc2a4\ud2b8 \ub05d -->\n\t\n\t<!-- \ud398\uc774\uc9d5 \uc2dc\uc791 -->\n\t<div class=\"kboard-pagination\">\n\t\t<ul class=\"kboard-pagination-pages\">\n\t\t\t<li class=\"active\"><a href=\"?pageid=1&mod=list\" onclick=\"return false\">1<\/a><\/li>\t\t<\/ul>\n\t<\/div>\n\t<!-- \ud398\uc774\uc9d5 \ub05d -->\n\t\n\t<!-- \uac80\uc0c9\ud3fc \uc2dc\uc791 -->\n\t<div class=\"kboard-search\">\n\t\t<form id=\"kboard-search-form-35\" method=\"get\" action=\"\/vi\/wp-json\/wp\/v2\/pages\/6415?pageid=1\">\n\t\t\t<input type=\"hidden\" name=\"mod\" value=\"list\"><input type=\"hidden\" name=\"pageid\" value=\"1\">\t\t\t\n\t\t\t<select name=\"target\">\n\t\t\t\t<option value=\"\">T\u1ea5t c\u1ea3 c\u00e1c<\/option>\n\t\t\t\t<option value=\"title\">Ti\u00eau \u0111\u1ec1<\/option>\n\t\t\t\t<option value=\"content\">N\u1ed9i dung<\/option>\n\t\t\t\t<option value=\"member_display\">T\u00e1c gi\u1ea3<\/option>\n\t\t\t<\/select>\n\t\t\t<input type=\"text\" name=\"keyword\" value=\"\">\n\t\t\t<button type=\"submit\" class=\"kboard-default-button-small\">T\u00ecm ki\u1ebfm<\/button>\n\t\t<\/form>\n\t<\/div>\n\t<!-- \uac80\uc0c9\ud3fc \ub05d -->\n\t\n\t\t\n\t<\/div>\n<\/div><\/section>\r\n\r\n","protected":false},"excerpt":{"rendered":"","protected":false},"author":2,"featured_media":0,"parent":0,"menu_order":0,"comment_status":"closed","ping_status":"closed","template":"","meta":{"footnotes":""},"_links":{"self":[{"href":"https:\/\/insonggeweb.mycafe24.com\/vi\/wp-json\/wp\/v2\/pages\/6415"}],"collection":[{"href":"https:\/\/insonggeweb.mycafe24.com\/vi\/wp-json\/wp\/v2\/pages"}],"about":[{"href":"https:\/\/insonggeweb.mycafe24.com\/vi\/wp-json\/wp\/v2\/types\/page"}],"author":[{"embeddable":true,"href":"https:\/\/insonggeweb.mycafe24.com\/vi\/wp-json\/wp\/v2\/users\/2"}],"replies":[{"embeddable":true,"href":"https:\/\/insonggeweb.mycafe24.com\/vi\/wp-json\/wp\/v2\/comments?post=6415"}],"version-history":[{"count":5,"href":"https:\/\/insonggeweb.mycafe24.com\/vi\/wp-json\/wp\/v2\/pages\/6415\/revisions"}],"predecessor-version":[{"id":10985,"href":"https:\/\/insonggeweb.mycafe24.com\/vi\/wp-json\/wp\/v2\/pages\/6415\/revisions\/10985"}],"wp:attachment":[{"href":"https:\/\/insonggeweb.mycafe24.com\/vi\/wp-json\/wp\/v2\/media?parent=6415"}],"curies":[{"name":"wp","href":"https:\/\/api.w.org\/{rel}","templated":true}]}}