{"id":6661,"date":"2021-06-08T05:44:42","date_gmt":"2021-06-07T20:44:42","guid":{"rendered":"https:\/\/insonggecorp.cafe24.com\/%ec%9d%b4%eb%a9%94%ec%9d%bc%eb%ac%b4%eb%8b%a8%ec%88%98%ec%a7%91%ea%b1%b0%eb%b6%80\/"},"modified":"2021-09-23T10:27:34","modified_gmt":"2021-09-23T01:27:34","slug":"refusal-to-collect-e-mail-without-permission","status":"publish","type":"page","link":"https:\/\/insonggeweb.mycafe24.com\/vi\/refusal-to-collect-e-mail-without-permission\/","title":{"rendered":"T\u1eeb ch\u1ed1i thu th\u1eadp e-mail m\u00e0 kh\u00f4ng \u0111\u01b0\u1ee3c ph\u00e9p"},"content":{"rendered":"","protected":false},"excerpt":{"rendered":"","protected":false},"author":3,"featured_media":0,"parent":0,"menu_order":0,"comment_status":"closed","ping_status":"closed","template":"","meta":{"footnotes":""},"_links":{"self":[{"href":"https:\/\/insonggeweb.mycafe24.com\/vi\/wp-json\/wp\/v2\/pages\/6661"}],"collection":[{"href":"https:\/\/insonggeweb.mycafe24.com\/vi\/wp-json\/wp\/v2\/pages"}],"about":[{"href":"https:\/\/insonggeweb.mycafe24.com\/vi\/wp-json\/wp\/v2\/types\/page"}],"author":[{"embeddable":true,"href":"https:\/\/insonggeweb.mycafe24.com\/vi\/wp-json\/wp\/v2\/users\/3"}],"replies":[{"embeddable":true,"href":"https:\/\/insonggeweb.mycafe24.com\/vi\/wp-json\/wp\/v2\/comments?post=6661"}],"version-history":[{"count":2,"href":"https:\/\/insonggeweb.mycafe24.com\/vi\/wp-json\/wp\/v2\/pages\/6661\/revisions"}],"predecessor-version":[{"id":10996,"href":"https:\/\/insonggeweb.mycafe24.com\/vi\/wp-json\/wp\/v2\/pages\/6661\/revisions\/10996"}],"wp:attachment":[{"href":"https:\/\/insonggeweb.mycafe24.com\/vi\/wp-json\/wp\/v2\/media?parent=6661"}],"curies":[{"name":"wp","href":"https:\/\/api.w.org\/{rel}","templated":true}]}}