{"id":6550,"date":"2021-07-29T12:06:16","date_gmt":"2021-07-29T03:06:16","guid":{"rendered":"https:\/\/insonggecorp.cafe24.com\/product\/%eb%af%b8%ec%83%9d%eb%ac%bc-%eb%b0%b0%ec%96%91%ea%b8%b0\/"},"modified":"2021-08-05T14:42:18","modified_gmt":"2021-08-05T05:42:18","slug":"microbial-incubator","status":"publish","type":"product","link":"https:\/\/insonggeweb.mycafe24.com\/vi\/product\/microbial-incubator\/","title":{"rendered":"T\u1ee7 \u1ea5m vi sinh"},"content":{"rendered":"","protected":false},"excerpt":{"rendered":"C\u00f3 th\u1ec3 cung c\u1ea5p oxy v\u00e0 qu\u1ea3n l\u00fd nhi\u1ec7t \u0111\u1ed9 hi\u1ec7u qu\u1ea3 m\u00e0 kh\u00f4ng c\u1ea7n g\u1eafn th\u00eam c\u00e1c thi\u1ebft b\u1ecb kh\u00e1c.\r\nC\u1ea5u tr\u00fac s\u1ea3n ph\u1ea9m \u0111\u01a1n gi\u1ea3n, d\u1ec5 s\u1eed d\u1ee5ng \/ v\u1eadn h\u00e0nh v\u00e0 chi ph\u00ed b\u1ea3o tr\u00ec th\u1ea5p\r\nV\u1eadt li\u1ec7u b\u00ean trong ch\u00ednh l\u00e0 b\u00e1n v\u0129nh c\u1eedu b\u1eb1ng v\u1eadt li\u1ec7u SUS.\r\nNhi\u1ec1u lo\u1ea1i ch\u1ee7ng vi sinh v\u1eadt kh\u00e1c nhau c\u00f3 th\u1ec3 \u0111\u01b0\u1ee3c nu\u00f4i c\u1ea5y","protected":false},"featured_media":6551,"comment_status":"open","ping_status":"closed","template":"","meta":[],"product_cat":[60],"product_tag":[],"_links":{"self":[{"href":"https:\/\/insonggeweb.mycafe24.com\/vi\/wp-json\/wp\/v2\/product\/6550"}],"collection":[{"href":"https:\/\/insonggeweb.mycafe24.com\/vi\/wp-json\/wp\/v2\/product"}],"about":[{"href":"https:\/\/insonggeweb.mycafe24.com\/vi\/wp-json\/wp\/v2\/types\/product"}],"replies":[{"embeddable":true,"href":"https:\/\/insonggeweb.mycafe24.com\/vi\/wp-json\/wp\/v2\/comments?post=6550"}],"wp:featuredmedia":[{"embeddable":true,"href":"https:\/\/insonggeweb.mycafe24.com\/vi\/wp-json\/wp\/v2\/media\/6551"}],"wp:attachment":[{"href":"https:\/\/insonggeweb.mycafe24.com\/vi\/wp-json\/wp\/v2\/media?parent=6550"}],"wp:term":[{"taxonomy":"product_cat","embeddable":true,"href":"https:\/\/insonggeweb.mycafe24.com\/vi\/wp-json\/wp\/v2\/product_cat?post=6550"},{"taxonomy":"product_tag","embeddable":true,"href":"https:\/\/insonggeweb.mycafe24.com\/vi\/wp-json\/wp\/v2\/product_tag?post=6550"}],"curies":[{"name":"wp","href":"https:\/\/api.w.org\/{rel}","templated":true}]}}