{"id":6555,"date":"2021-07-29T13:04:30","date_gmt":"2021-07-29T04:04:30","guid":{"rendered":"https:\/\/insonggecorp.cafe24.com\/product\/%ea%b0%80%ec%b6%95%eb%b6%84%eb%87%a8%ec%b2%98%eb%a6%ac%ec%8b%9c%ec%8a%a4%ed%85%9c\/"},"modified":"2021-08-05T14:42:05","modified_gmt":"2021-08-05T05:42:05","slug":"livestock-manure-treatment-system","status":"publish","type":"product","link":"https:\/\/insonggeweb.mycafe24.com\/vi\/product\/livestock-manure-treatment-system\/","title":{"rendered":"H\u1ec7 th\u1ed1ng x\u1eed l\u00fd ph\u00e2n gia s\u00fac"},"content":{"rendered":"","protected":false},"excerpt":{"rendered":"S\u1ef1 ti\u1ebfp x\u00fac v\u1edbi oxy \u0111\u01b0\u1ee3c th\u1ef1c hi\u1ec7n th\u00f4ng qua h\u1ec7 th\u1ed1ng tu\u1ea7n ho\u00e0n b\u00ean trong chu\u1ed3ng l\u1ee3n, v\u00e0 hi\u1ec7u qu\u1ea3 x\u1eed l\u00fd ph\u00e2n \u0111\u01b0\u1ee3c c\u1ea3i thi\u1ec7n.\r\n\u0110\u1ed9 \u1ea9m trong chu\u1ed3ng nu\u00f4i l\u1ee3n \u0111\u01b0\u1ee3c duy tr\u00ec t\u1ef1 nhi\u00ean b\u1eb1ng c\u00e1ch tu\u1ea7n ho\u00e0n c\u1ee7a d\u1ecbch l\u00ean men.\r\nN\u0103ng su\u1ea5t \u0111\u01b0\u1ee3c c\u1ea3i thi\u1ec7n nh\u1edd c\u1ea3i thi\u1ec7n m\u00f4i tr\u01b0\u1eddng ch\u0103n nu\u00f4i.\r\nN\u00f3 c\u00f3 t\u00e1c d\u1ee5ng c\u1ea3i thi\u1ec7n m\u00f4i tr\u01b0\u1eddng trong chu\u1ed3ng tr\u1ea1i ch\u0103n nu\u00f4i v\u00e0 m\u00f4i tr\u01b0\u1eddng c\u1ee7a ng\u01b0\u1eddi qu\u1ea3n l\u00fd do t\u00e1c d\u1ee5ng kh\u1eed m\u00f9i h\u00f4i.","protected":false},"featured_media":6556,"comment_status":"open","ping_status":"closed","template":"","meta":[],"product_cat":[63],"product_tag":[],"_links":{"self":[{"href":"https:\/\/insonggeweb.mycafe24.com\/vi\/wp-json\/wp\/v2\/product\/6555"}],"collection":[{"href":"https:\/\/insonggeweb.mycafe24.com\/vi\/wp-json\/wp\/v2\/product"}],"about":[{"href":"https:\/\/insonggeweb.mycafe24.com\/vi\/wp-json\/wp\/v2\/types\/product"}],"replies":[{"embeddable":true,"href":"https:\/\/insonggeweb.mycafe24.com\/vi\/wp-json\/wp\/v2\/comments?post=6555"}],"wp:featuredmedia":[{"embeddable":true,"href":"https:\/\/insonggeweb.mycafe24.com\/vi\/wp-json\/wp\/v2\/media\/6556"}],"wp:attachment":[{"href":"https:\/\/insonggeweb.mycafe24.com\/vi\/wp-json\/wp\/v2\/media?parent=6555"}],"wp:term":[{"taxonomy":"product_cat","embeddable":true,"href":"https:\/\/insonggeweb.mycafe24.com\/vi\/wp-json\/wp\/v2\/product_cat?post=6555"},{"taxonomy":"product_tag","embeddable":true,"href":"https:\/\/insonggeweb.mycafe24.com\/vi\/wp-json\/wp\/v2\/product_tag?post=6555"}],"curies":[{"name":"wp","href":"https:\/\/api.w.org\/{rel}","templated":true}]}}