{"id":6562,"date":"2021-07-29T13:06:50","date_gmt":"2021-07-29T04:06:50","guid":{"rendered":"https:\/\/insonggecorp.cafe24.com\/product\/%ec%98%a4%ed%8f%90%ec%88%98%ea%b3%a0%eb%8f%84%ec%b2%98%eb%a6%ac%ec%9e%a5%ec%b9%98\/"},"modified":"2021-08-05T14:42:29","modified_gmt":"2021-08-05T05:42:29","slug":"advanced-wastewater-treatment-system","status":"publish","type":"product","link":"https:\/\/insonggeweb.mycafe24.com\/vi\/product\/advanced-wastewater-treatment-system\/","title":{"rendered":"H\u1ec7 th\u1ed1ng x\u1eed l\u00fd n\u01b0\u1edbc th\u1ea3i ti\u00ean ti\u1ebfn"},"content":{"rendered":"","protected":false},"excerpt":{"rendered":"\u0110\u00e2y l\u00e0 m\u1ed9t h\u1ec7 th\u1ed1ng l\u1ecdc v\u00e0 x\u1ea3 n\u01b0\u1edbc th\u00e2n thi\u1ec7n v\u1edbi m\u00f4i tr\u01b0\u1eddng c\u00f3 kh\u1ea3 n\u0103ng x\u1eed l\u00fd v\u00e0 l\u00e0m s\u1ea1ch n\u01b0\u1edbc th\u1ea3i ti\u00ean ti\u1ebfn m\u00e0 kh\u00f4ng c\u1ea7n s\u1eed d\u1ee5ng b\u1ea5t k\u1ef3 ch\u1ea5t \u0111\u00f4ng t\u1ee5 n\u00e0o b\u1eb1ng c\u00e1ch \u0111i\u1ec1u ch\u1ec9nh gi\u00e1 tr\u1ecb ORP (ti\u1ec1m n\u0103ng kh\u1eed oxy h\u00f3a) t\u1eebng b\u01b0\u1edbc b\u1eb1ng c\u00e1ch s\u1eed d\u1ee5ng t\u1eeb tr\u01b0\u1eddng c\u1ed9ng h\u01b0\u1edfng trong n\u01b0\u1edbc \u0111\u01b0\u1ee3c x\u1eed l\u00fd cu\u1ed1i c\u00f9ng \u0111\u01b0\u1ee3c s\u1ea3n xu\u1ea5t th\u00f4ng qua HAC \u0110\u00e2y l\u00e0 m\u1ed9t h\u1ec7 th\u1ed1ng x\u1eed l\u00fd n\u01b0\u1edbc hi\u1ec7n \u0111\u1ea1i c\u00f3 th\u1ec3 l\u1ecdc v\u00e0 th\u1ea3i ph\u00e2n gia s\u00fac, n\u01b0\u1edbc th\u1ea3i v\u00e0 n\u01b0\u1edbc th\u1ea3i c\u00f4ng nghi\u1ec7p b\u1eb1ng c\u00e1ch c\u1ea3i thi\u1ec7n ch\u1ea5t l\u01b0\u1ee3ng n\u01b0\u1edbc.","protected":false},"featured_media":6271,"comment_status":"open","ping_status":"closed","template":"","meta":[],"product_cat":[66],"product_tag":[],"_links":{"self":[{"href":"https:\/\/insonggeweb.mycafe24.com\/vi\/wp-json\/wp\/v2\/product\/6562"}],"collection":[{"href":"https:\/\/insonggeweb.mycafe24.com\/vi\/wp-json\/wp\/v2\/product"}],"about":[{"href":"https:\/\/insonggeweb.mycafe24.com\/vi\/wp-json\/wp\/v2\/types\/product"}],"replies":[{"embeddable":true,"href":"https:\/\/insonggeweb.mycafe24.com\/vi\/wp-json\/wp\/v2\/comments?post=6562"}],"wp:featuredmedia":[{"embeddable":true,"href":"https:\/\/insonggeweb.mycafe24.com\/vi\/wp-json\/wp\/v2\/media\/6271"}],"wp:attachment":[{"href":"https:\/\/insonggeweb.mycafe24.com\/vi\/wp-json\/wp\/v2\/media?parent=6562"}],"wp:term":[{"taxonomy":"product_cat","embeddable":true,"href":"https:\/\/insonggeweb.mycafe24.com\/vi\/wp-json\/wp\/v2\/product_cat?post=6562"},{"taxonomy":"product_tag","embeddable":true,"href":"https:\/\/insonggeweb.mycafe24.com\/vi\/wp-json\/wp\/v2\/product_tag?post=6562"}],"curies":[{"name":"wp","href":"https:\/\/api.w.org\/{rel}","templated":true}]}}